{"id":987708,"date":"2025-08-04T16:25:35","date_gmt":"2025-08-04T16:25:35","guid":{"rendered":"https:\/\/hitech.al\/?page_id=987708"},"modified":"2025-08-04T16:57:06","modified_gmt":"2025-08-04T16:57:06","slug":"makina","status":"publish","type":"page","link":"https:\/\/hitech.al\/sq\/makina\/","title":{"rendered":"Nd\u00ebrtoni Platform\u00ebn Tuaj t\u00eb Shitjes dhe Qiras\u00eb s\u00eb Makinave: Inventari, Rezervimet dhe Pagesat"},"content":{"rendered":"<div data-elementor-type=\"wp-page\" data-elementor-id=\"987708\" class=\"elementor elementor-987708\" data-elementor-post-type=\"page\">\n\t\t\t\t\t\t<section class=\"elementor-section elementor-top-section elementor-element elementor-element-157510e2 elementor-section-content-middle elementor-reverse-mobile elementor-section-boxed elementor-section-height-default elementor-section-height-default\" data-id=\"157510e2\" data-element_type=\"section\">\n\t\t\t\t\t\t<div class=\"elementor-container elementor-column-gap-no\">\n\t\t\t\t\t<div class=\"elementor-column elementor-col-50 elementor-top-column elementor-element elementor-element-4d25daee\" data-id=\"4d25daee\" data-element_type=\"column\">\n\t\t\t<div class=\"elementor-widget-wrap elementor-element-populated\">\n\t\t\t\t\t\t<div class=\"elementor-element elementor-element-3025f40b elementor-widget elementor-widget-heading\" data-id=\"3025f40b\" data-element_type=\"widget\" data-widget_type=\"heading.default\">\n\t\t\t\t<div class=\"elementor-widget-container\">\n\t\t\t\t\t<h3 class=\"elementor-heading-title elementor-size-default\">Nxitni m\u00eb shum\u00eb qira me nj\u00eb faqe interneti elegante dhe moderne<\/h3>\t\t\t\t<\/div>\n\t\t\t\t<\/div>\n\t\t\t\t<div class=\"elementor-element elementor-element-203f7d39 elementor-widget elementor-widget-text-editor\" data-id=\"203f7d39\" data-element_type=\"widget\" data-widget_type=\"text-editor.default\">\n\t\t\t\t<div class=\"elementor-widget-container\">\n\t\t\t\t\t\t\t\t\t<p data-start=\"713\" data-end=\"1247\">Biznesi juaj i qiras\u00eb s\u00eb makinave mund t\u00eb fitoj\u00eb m\u00eb shum\u00eb pa rritur kostot - ajo q\u00eb ju nevojitet \u00ebsht\u00eb nj\u00eb prani dixhitale me konvertim t\u00eb lart\u00eb. HiTech Media ju nd\u00ebrton nj\u00eb faqe interneti moderne, t\u00eb optimizuar p\u00ebr rezervime, t\u00eb orientuar drejt celular\u00ebve: shfaqni flot\u00ebn tuaj me disponueshm\u00ebri t\u00eb drejtp\u00ebrdrejt\u00eb, aktivizoni rezervimet online me pages\u00eb t\u00eb sigurt, integroni dukshm\u00ebrin\u00eb e vendndodhjes, ofroni shitje shtes\u00eb si sigurim dhe shtesa, dhe kapni klient\u00eb vendas dhe nd\u00ebrkomb\u00ebtar\u00eb. Nga dizajni deri te lan\u00e7imi, ne trajtojm\u00eb t\u00eb gjith\u00eb procesin dhe ju ofrojm\u00eb nj\u00eb panel t\u00eb leht\u00eb p\u00ebr t\u00eb menaxhuar gjith\u00e7ka pa stres teknik.<\/p><h2 data-start=\"1249\" data-end=\"1293\">\u00a0<\/h2>\t\t\t\t\t\t\t\t<\/div>\n\t\t\t\t<\/div>\n\t\t\t\t<section class=\"elementor-section elementor-inner-section elementor-element elementor-element-1f21d6a6 elementor-section-boxed elementor-section-height-default elementor-section-height-default\" data-id=\"1f21d6a6\" data-element_type=\"section\">\n\t\t\t\t\t\t<div class=\"elementor-container elementor-column-gap-default\">\n\t\t\t\t\t<div class=\"elementor-column elementor-col-50 elementor-inner-column elementor-element elementor-element-5c0d648b\" data-id=\"5c0d648b\" data-element_type=\"column\">\n\t\t\t<div class=\"elementor-widget-wrap elementor-element-populated\">\n\t\t\t\t\t\t<div class=\"vamtam-has-theme-widget-styles elementor-element elementor-element-3112a70b elementor-position-left elementor-view-default elementor-mobile-position-top elementor-vertical-align-top elementor-widget elementor-widget-icon-box\" data-id=\"3112a70b\" data-element_type=\"widget\" data-widget_type=\"icon-box.default\">\n\t\t\t\t<div class=\"elementor-widget-container\">\n\t\t\t\t\t\t\t<div class=\"elementor-icon-box-wrapper\">\n\n\t\t\t\t\t\t<div class=\"elementor-icon-box-icon\">\n\t\t\t\t<span  class=\"elementor-icon\">\n\t\t\t\t<i aria-hidden=\"true\" class=\"vamtamtheme- vamtam-theme-check-box\"><\/i>\t\t\t\t<\/span>\n\t\t\t<\/div>\n\t\t\t\n\t\t\t\t\t\t<div class=\"elementor-icon-box-content\">\n\n\t\t\t\t\t\t\t\t\t<h3 class=\"elementor-icon-box-title\">\n\t\t\t\t\t\t<span  >\n\t\t\t\t\t\t\t<strong data-start=\"1297\" data-end=\"1339\">Shfaqja e Flot\u00ebs dhe Disponueshm\u00ebria n\u00eb Koh\u00eb Reale<\/strong>\t\t\t\t\t\t<\/span>\n\t\t\t\t\t<\/h3>\n\t\t\t\t\n\t\t\t\t\t\t\t\t\t<p class=\"elementor-icon-box-description\">\n\t\t\t\t\t\tTregoni t\u00eb gjitha automjetet me foto, specifikime dhe disponueshm\u00ebri t\u00eb drejtp\u00ebrdrejt\u00eb - klient\u00ebt shohin menj\u00ebher\u00eb se \u00e7far\u00eb mund t\u00eb rezervohet.\n\n\t\t\t\t\t<\/p>\n\t\t\t\t\n\t\t\t<\/div>\n\t\t\t\n\t\t<\/div>\n\t\t\t\t\t\t<\/div>\n\t\t\t\t<\/div>\n\t\t\t\t<div class=\"vamtam-has-theme-widget-styles elementor-element elementor-element-6d0be56f elementor-position-left elementor-view-default elementor-mobile-position-top elementor-vertical-align-top elementor-widget elementor-widget-icon-box\" data-id=\"6d0be56f\" data-element_type=\"widget\" data-widget_type=\"icon-box.default\">\n\t\t\t\t<div class=\"elementor-widget-container\">\n\t\t\t\t\t\t\t<div class=\"elementor-icon-box-wrapper\">\n\n\t\t\t\t\t\t<div class=\"elementor-icon-box-icon\">\n\t\t\t\t<span  class=\"elementor-icon\">\n\t\t\t\t<i aria-hidden=\"true\" class=\"vamtamtheme- vamtam-theme-check-box\"><\/i>\t\t\t\t<\/span>\n\t\t\t<\/div>\n\t\t\t\n\t\t\t\t\t\t<div class=\"elementor-icon-box-content\">\n\n\t\t\t\t\t\t\t\t\t<h3 class=\"elementor-icon-box-title\">\n\t\t\t\t\t\t<span  >\n\t\t\t\t\t\t\t<strong data-start=\"1618\" data-end=\"1644\">Port\u00eb e Sigurt Pagesash<\/strong>\t\t\t\t\t\t<\/span>\n\t\t\t\t\t<\/h3>\n\t\t\t\t\n\t\t\t\t\t\t\t\t\t<p class=\"elementor-icon-box-description\">\n\t\t\t\t\t\tPranoni pagesa online n\u00ebp\u00ebrmjet kartave t\u00eb kreditit\/debitit dhe opsioneve t\u00eb lokalizuara me pajtueshm\u00ebri t\u00eb plot\u00eb me sigurin\u00eb.\n\n\t\t\t\t\t<\/p>\n\t\t\t\t\n\t\t\t<\/div>\n\t\t\t\n\t\t<\/div>\n\t\t\t\t\t\t<\/div>\n\t\t\t\t<\/div>\n\t\t\t\t\t<\/div>\n\t\t<\/div>\n\t\t\t\t<div class=\"elementor-column elementor-col-50 elementor-inner-column elementor-element elementor-element-5493ad17\" data-id=\"5493ad17\" data-element_type=\"column\">\n\t\t\t<div class=\"elementor-widget-wrap elementor-element-populated\">\n\t\t\t\t\t\t<div class=\"vamtam-has-theme-widget-styles elementor-element elementor-element-306da551 elementor-position-left elementor-view-default elementor-mobile-position-top elementor-vertical-align-top elementor-widget elementor-widget-icon-box\" data-id=\"306da551\" data-element_type=\"widget\" data-widget_type=\"icon-box.default\">\n\t\t\t\t<div class=\"elementor-widget-container\">\n\t\t\t\t\t\t\t<div class=\"elementor-icon-box-wrapper\">\n\n\t\t\t\t\t\t<div class=\"elementor-icon-box-icon\">\n\t\t\t\t<span  class=\"elementor-icon\">\n\t\t\t\t<i aria-hidden=\"true\" class=\"vamtamtheme- vamtam-theme-check-box\"><\/i>\t\t\t\t<\/span>\n\t\t\t<\/div>\n\t\t\t\n\t\t\t\t\t\t<div class=\"elementor-icon-box-content\">\n\n\t\t\t\t\t\t\t\t\t<h3 class=\"elementor-icon-box-title\">\n\t\t\t\t\t\t<span  >\n\t\t\t\t\t\t\t<strong data-start=\"1457\" data-end=\"1504\">Rezervime Online dhe Konfirmime t\u00eb Menj\u00ebhershme<\/strong>\t\t\t\t\t\t<\/span>\n\t\t\t\t\t<\/h3>\n\t\t\t\t\n\t\t\t\t\t\t\t\t\t<p class=\"elementor-icon-box-description\">\n\t\t\t\t\t\tP\u00ebrzgjedhja e dat\u00ebs\/or\u00ebs, rezervimi n\u00eb koh\u00eb reale dhe konfirmimet automatike me email\/SMS - s&#039;ka m\u00eb thirrje vajtje-ardhje.\t\t\t\t\t<\/p>\n\t\t\t\t\n\t\t\t<\/div>\n\t\t\t\n\t\t<\/div>\n\t\t\t\t\t\t<\/div>\n\t\t\t\t<\/div>\n\t\t\t\t<div class=\"vamtam-has-theme-widget-styles elementor-element elementor-element-542199c3 elementor-position-left elementor-view-default elementor-mobile-position-top elementor-vertical-align-top elementor-widget elementor-widget-icon-box\" data-id=\"542199c3\" data-element_type=\"widget\" data-widget_type=\"icon-box.default\">\n\t\t\t\t<div class=\"elementor-widget-container\">\n\t\t\t\t\t\t\t<div class=\"elementor-icon-box-wrapper\">\n\n\t\t\t\t\t\t<div class=\"elementor-icon-box-icon\">\n\t\t\t\t<span  class=\"elementor-icon\">\n\t\t\t\t<i aria-hidden=\"true\" class=\"vamtamtheme- vamtam-theme-check-box\"><\/i>\t\t\t\t<\/span>\n\t\t\t<\/div>\n\t\t\t\n\t\t\t\t\t\t<div class=\"elementor-icon-box-content\">\n\n\t\t\t\t\t\t\t\t\t<h3 class=\"elementor-icon-box-title\">\n\t\t\t\t\t\t<span  >\n\t\t\t\t\t\t\t<strong data-start=\"1884\" data-end=\"1922\">Integrimi i Hartave Google dhe Vendndodhjes<\/strong><br data-start=\"1922\" data-end=\"1925\">\t\t\t\t\t\t<\/span>\n\t\t\t\t\t<\/h3>\n\t\t\t\t\n\t\t\t\t\t\t\t\t\t<p class=\"elementor-icon-box-description\">\n\t\t\t\t\t\tShfaqni qart\u00eb vendet e marrjes\/dor\u00ebzimit dhe ndihmojini klient\u00ebt t&#039;ju gjejn\u00eb pa mundim.\t\t\t\t\t<\/p>\n\t\t\t\t\n\t\t\t<\/div>\n\t\t\t\n\t\t<\/div>\n\t\t\t\t\t\t<\/div>\n\t\t\t\t<\/div>\n\t\t\t\t\t<\/div>\n\t\t<\/div>\n\t\t\t\t\t<\/div>\n\t\t<\/section>\n\t\t\t\t\t<\/div>\n\t\t<\/div>\n\t\t\t\t<div class=\"elementor-column elementor-col-50 elementor-top-column elementor-element elementor-element-67679d9f\" data-id=\"67679d9f\" data-element_type=\"column\" data-settings=\"{&quot;background_background&quot;:&quot;classic&quot;}\">\n\t\t\t<div class=\"elementor-widget-wrap elementor-element-populated\">\n\t\t\t\t\t\t<div class=\"elementor-element elementor-element-3907df0f elementor-widget elementor-widget-spacer\" data-id=\"3907df0f\" data-element_type=\"widget\" data-widget_type=\"spacer.default\">\n\t\t\t\t<div class=\"elementor-widget-container\">\n\t\t\t\t\t\t\t<div class=\"elementor-spacer\">\n\t\t\t<div class=\"elementor-spacer-inner\"><\/div>\n\t\t<\/div>\n\t\t\t\t\t\t<\/div>\n\t\t\t\t<\/div>\n\t\t\t\t\t<\/div>\n\t\t<\/div>\n\t\t\t\t\t<\/div>\n\t\t<\/section>\n\t\t\t\t<section class=\"elementor-section elementor-top-section elementor-element elementor-element-8844555 elementor-section-boxed elementor-section-height-default elementor-section-height-default\" data-id=\"8844555\" data-element_type=\"section\">\n\t\t\t\t\t\t<div class=\"elementor-container elementor-column-gap-default\">\n\t\t\t\t\t<div class=\"elementor-column elementor-col-50 elementor-top-column elementor-element elementor-element-5387e107\" data-id=\"5387e107\" data-element_type=\"column\" data-settings=\"{&quot;background_background&quot;:&quot;classic&quot;}\">\n\t\t\t<div class=\"elementor-widget-wrap elementor-element-populated\">\n\t\t\t\t\t\t<div class=\"elementor-element elementor-element-1756428 elementor-widget elementor-widget-spacer\" data-id=\"1756428\" data-element_type=\"widget\" data-widget_type=\"spacer.default\">\n\t\t\t\t<div class=\"elementor-widget-container\">\n\t\t\t\t\t\t\t<div class=\"elementor-spacer\">\n\t\t\t<div class=\"elementor-spacer-inner\"><\/div>\n\t\t<\/div>\n\t\t\t\t\t\t<\/div>\n\t\t\t\t<\/div>\n\t\t\t\t\t<\/div>\n\t\t<\/div>\n\t\t\t\t<div class=\"elementor-column elementor-col-50 elementor-top-column elementor-element elementor-element-34ef884b\" data-id=\"34ef884b\" data-element_type=\"column\">\n\t\t\t<div class=\"elementor-widget-wrap elementor-element-populated\">\n\t\t\t\t\t\t<div class=\"elementor-element elementor-element-4dd08f2a elementor-widget elementor-widget-heading\" data-id=\"4dd08f2a\" data-element_type=\"widget\" data-widget_type=\"heading.default\">\n\t\t\t\t<div class=\"elementor-widget-container\">\n\t\t\t\t\t<h3 class=\"elementor-heading-title elementor-size-default\"><strong data-start=\"2286\" data-end=\"2324\">Paneli i Administrimit \/ Menaxhimi i Flot\u00ebs<\/strong><\/h3>\t\t\t\t<\/div>\n\t\t\t\t<\/div>\n\t\t\t\t<div class=\"elementor-element elementor-element-4035fdb1 elementor-widget elementor-widget-text-editor\" data-id=\"4035fdb1\" data-element_type=\"widget\" data-widget_type=\"text-editor.default\">\n\t\t\t\t<div class=\"elementor-widget-container\">\n\t\t\t\t\t\t\t\t\t<article class=\"text-token-text-primary w-full focus:outline-none scroll-mt-[calc(var(--header-height)+min(200px,max(70px,20svh)))]\" dir=\"auto\" tabindex=\"-1\" data-testid=\"conversation-turn-18\" data-scroll-anchor=\"true\" data-turn=\"assistant\"><div class=\"text-base my-auto mx-auto pb-10 [--thread-content-margin:--spacing(4)] @[37rem]:[--thread-content-margin:--spacing(6)] @[72rem]:[--thread-content-margin:--spacing(16)] px-(--thread-content-margin)\"><div class=\"[--thread-content-max-width:32rem] @[34rem]:[--thread-content-max-width:40rem] @[64rem]:[--thread-content-max-width:48rem] mx-auto max-w-(--thread-content-max-width) flex-1 group\/turn-messages focus-visible:outline-hidden relative flex w-full min-w-0 flex-col agent-turn\" tabindex=\"-1\"><div class=\"flex max-w-full flex-col grow\"><div class=\"min-h-8 text-message relative flex w-full flex-col items-end gap-2 text-start break-words whitespace-normal [.text-message+&amp;]:mt-5\" dir=\"auto\" data-message-author-role=\"assistant\" data-message-id=\"402862af-0242-4cc8-bb1c-81c396809bc6\" data-message-model-slug=\"o4-mini-high\"><div class=\"flex w-full flex-col gap-1 empty:hidden first:pt-[3px]\"><div class=\"markdown prose dark:prose-invert w-full break-words dark markdown-new-styling\"><p data-start=\"0\" data-end=\"785\" data-is-last-node=\"\" data-is-only-node=\"\">Paneli yn\u00eb i administratorit ju jep kontroll t\u00eb plot\u00eb mbi t\u00eb gjith\u00eb flot\u00ebn tuaj pa pasur nevoj\u00eb p\u00ebr aft\u00ebsi teknike. Nga nj\u00eb nd\u00ebrfaqe e past\u00ebr, ju mund t\u00eb shtoni ose modifikoni automjete, t\u00eb vendosni disponueshm\u00ebri n\u00eb koh\u00eb reale, t\u00eb rregulloni \u00e7mimet dinamike, t\u00eb menaxhoni shtesat (sigurim, GPS, shofer\u00eb) dhe t\u00eb miratoni ose modifikoni rezervimet. Planifikimi i integruar i mir\u00ebmbajtjes dhe alarmet automatike e mbajn\u00eb \u00e7do makin\u00eb gati p\u00ebr sh\u00ebrbim, nd\u00ebrsa caktimet e shofer\u00ebve, mjetet e komunikimit me klient\u00ebt dhe menaxhimi i promovimeve ju ndihmojn\u00eb t\u00eb optimizoni shfryt\u00ebzimin dhe shitjet shtes\u00eb. Lejet e bazuara n\u00eb role ju lejojn\u00eb t&#039;u jepni stafit akses t\u00eb p\u00ebrshtatsh\u00ebm, dhe raportet e eksportueshme plus analizat e konvertimit japin shikueshm\u00ebri n\u00eb performanc\u00eb dhe pengesa. Gjith\u00e7ka \u00ebsht\u00eb e p\u00ebrshtatshme, k\u00ebshtu q\u00eb ju mund ta drejtoni flot\u00ebn tuaj nga desktopi ose celulari - duke p\u00ebrmir\u00ebsuar operacionet dhe duke ju lejuar t\u00eb shkall\u00ebzoheni me besim.<\/p><\/div><\/div><\/div><\/div><\/div><\/div><\/article><div class=\"pointer-events-none h-px w-px\" aria-hidden=\"true\" data-edge=\"true\">\u00a0<\/div>\t\t\t\t\t\t\t\t<\/div>\n\t\t\t\t<\/div>\n\t\t\t\t\t<\/div>\n\t\t<\/div>\n\t\t\t\t\t<\/div>\n\t\t<\/section>\n\t\t\t\t<\/div>","protected":false},"excerpt":{"rendered":"<p>Drive More Rentals with a Sleek, Modern Website Your car rental business can earn more without raising costs\u2014what you need is a high-converting digital presence. HiTech Media builds you a modern, mobile-first website optimized for bookings: showcase your fleet with live availability, enable online reservations with secure payment, integrate location visibility, offer upsells like insurance&#8230;<\/p>","protected":false},"author":1,"featured_media":0,"parent":0,"menu_order":0,"comment_status":"closed","ping_status":"closed","template":"","meta":{"footnotes":""},"class_list":["post-987708","page","type-page","status-publish","hentry"],"yoast_head":"<!-- This site is optimized with the Yoast SEO Premium plugin v26.7 (Yoast SEO v26.7) - https:\/\/yoast.com\/wordpress\/plugins\/seo\/ -->\n<title>Build Your Car Sales &amp; Rental Platform: Inventory, Booking &amp; Payments - HiTech Solutions<\/title>\n<meta name=\"robots\" content=\"index, follow, max-snippet:-1, max-image-preview:large, max-video-preview:-1\" \/>\n<link rel=\"canonical\" href=\"https:\/\/hitech.al\/sq\/makina\/\" \/>\n<meta property=\"og:locale\" content=\"sq_AL\" \/>\n<meta property=\"og:type\" content=\"article\" \/>\n<meta property=\"og:title\" content=\"Build Your Car Sales &amp; Rental Platform: Inventory, Booking &amp; Payments\" \/>\n<meta property=\"og:description\" content=\"Drive More Rentals with a Sleek, Modern Website Your car rental business can earn more without raising costs\u2014what you need is a high-converting digital presence. HiTech Media builds you a modern, mobile-first website optimized for bookings: showcase your fleet with live availability, enable online reservations with secure payment, integrate location visibility, offer upsells like insurance...\" \/>\n<meta property=\"og:url\" content=\"https:\/\/hitech.al\/sq\/makina\/\" \/>\n<meta property=\"og:site_name\" content=\"HiTech Solutions\" \/>\n<meta property=\"article:modified_time\" content=\"2025-08-04T16:57:06+00:00\" \/>\n<meta name=\"twitter:card\" content=\"summary_large_image\" \/>\n<meta name=\"twitter:label1\" content=\"Est. reading time\" \/>\n\t<meta name=\"twitter:data1\" content=\"1 minut\u00eb\" \/>\n<script type=\"application\/ld+json\" class=\"yoast-schema-graph\">{\"@context\":\"https:\/\/schema.org\",\"@graph\":[{\"@type\":\"WebPage\",\"@id\":\"https:\/\/hitech.al\/makina\/\",\"url\":\"https:\/\/hitech.al\/makina\/\",\"name\":\"Build Your Car Sales &amp; Rental Platform: Inventory, Booking &amp; Payments - HiTech Solutions\",\"isPartOf\":{\"@id\":\"https:\/\/hitech.al\/#website\"},\"datePublished\":\"2025-08-04T16:25:35+00:00\",\"dateModified\":\"2025-08-04T16:57:06+00:00\",\"breadcrumb\":{\"@id\":\"https:\/\/hitech.al\/makina\/#breadcrumb\"},\"inLanguage\":\"sq\",\"potentialAction\":[{\"@type\":\"ReadAction\",\"target\":[\"https:\/\/hitech.al\/makina\/\"]}]},{\"@type\":\"BreadcrumbList\",\"@id\":\"https:\/\/hitech.al\/makina\/#breadcrumb\",\"itemListElement\":[{\"@type\":\"ListItem\",\"position\":1,\"name\":\"Home\",\"item\":\"https:\/\/hitech.al\/\"},{\"@type\":\"ListItem\",\"position\":2,\"name\":\"Build Your Car Sales &amp; Rental Platform: Inventory, Booking &amp; Payments\"}]},{\"@type\":\"WebSite\",\"@id\":\"https:\/\/hitech.al\/#website\",\"url\":\"https:\/\/hitech.al\/\",\"name\":\"HiTech Media\",\"description\":\"Your Digital Partner\",\"publisher\":{\"@id\":\"https:\/\/hitech.al\/#organization\"},\"potentialAction\":[{\"@type\":\"SearchAction\",\"target\":{\"@type\":\"EntryPoint\",\"urlTemplate\":\"https:\/\/hitech.al\/?s={search_term_string}\"},\"query-input\":{\"@type\":\"PropertyValueSpecification\",\"valueRequired\":true,\"valueName\":\"search_term_string\"}}],\"inLanguage\":\"sq\"},{\"@type\":\"Organization\",\"@id\":\"https:\/\/hitech.al\/#organization\",\"name\":\"HiTech Media\",\"url\":\"https:\/\/hitech.al\/\",\"logo\":{\"@type\":\"ImageObject\",\"inLanguage\":\"sq\",\"@id\":\"https:\/\/hitech.al\/#\/schema\/logo\/image\/\",\"url\":\"https:\/\/hitech.al\/wp-content\/uploads\/2023\/03\/HITech.png\",\"contentUrl\":\"https:\/\/hitech.al\/wp-content\/uploads\/2023\/03\/HITech.png\",\"width\":169,\"height\":40,\"caption\":\"HiTech Media\"},\"image\":{\"@id\":\"https:\/\/hitech.al\/#\/schema\/logo\/image\/\"}}]}<\/script>\n<!-- \/ Yoast SEO Premium plugin. -->","yoast_head_json":{"title":"Nd\u00ebrtoni platform\u00ebn tuaj p\u00ebr shitjen dhe qiran\u00eb e makinave: inventar, rezervime dhe pagesa - HiTech Solutions","robots":{"index":"index","follow":"follow","max-snippet":"max-snippet:-1","max-image-preview":"max-image-preview:large","max-video-preview":"max-video-preview:-1"},"canonical":"https:\/\/hitech.al\/sq\/makina\/","og_locale":"sq_AL","og_type":"article","og_title":"Build Your Car Sales &amp; Rental Platform: Inventory, Booking &amp; Payments","og_description":"Drive More Rentals with a Sleek, Modern Website Your car rental business can earn more without raising costs\u2014what you need is a high-converting digital presence. HiTech Media builds you a modern, mobile-first website optimized for bookings: showcase your fleet with live availability, enable online reservations with secure payment, integrate location visibility, offer upsells like insurance...","og_url":"https:\/\/hitech.al\/sq\/makina\/","og_site_name":"HiTech Solutions","article_modified_time":"2025-08-04T16:57:06+00:00","twitter_card":"summary_large_image","twitter_misc":{"Est. reading time":"1 minut\u00eb"},"schema":{"@context":"https:\/\/schema.org","@graph":[{"@type":"WebPage","@id":"https:\/\/hitech.al\/makina\/","url":"https:\/\/hitech.al\/makina\/","name":"Nd\u00ebrtoni platform\u00ebn tuaj p\u00ebr shitjen dhe qiran\u00eb e makinave: inventar, rezervime dhe pagesa - HiTech Solutions","isPartOf":{"@id":"https:\/\/hitech.al\/#website"},"datePublished":"2025-08-04T16:25:35+00:00","dateModified":"2025-08-04T16:57:06+00:00","breadcrumb":{"@id":"https:\/\/hitech.al\/makina\/#breadcrumb"},"inLanguage":"sq","potentialAction":[{"@type":"ReadAction","target":["https:\/\/hitech.al\/makina\/"]}]},{"@type":"BreadcrumbList","@id":"https:\/\/hitech.al\/makina\/#breadcrumb","itemListElement":[{"@type":"ListItem","position":1,"name":"Home","item":"https:\/\/hitech.al\/"},{"@type":"ListItem","position":2,"name":"Build Your Car Sales &amp; Rental Platform: Inventory, Booking &amp; Payments"}]},{"@type":"WebSite","@id":"https:\/\/hitech.al\/#website","url":"https:\/\/hitech.al\/","name":"Media HiTech","description":"Partneri Juaj Dixhital","publisher":{"@id":"https:\/\/hitech.al\/#organization"},"potentialAction":[{"@type":"SearchAction","target":{"@type":"EntryPoint","urlTemplate":"https:\/\/hitech.al\/?s={search_term_string}"},"query-input":{"@type":"PropertyValueSpecification","valueRequired":true,"valueName":"search_term_string"}}],"inLanguage":"sq"},{"@type":"Organization","@id":"https:\/\/hitech.al\/#organization","name":"Media HiTech","url":"https:\/\/hitech.al\/","logo":{"@type":"ImageObject","inLanguage":"sq","@id":"https:\/\/hitech.al\/#\/schema\/logo\/image\/","url":"https:\/\/hitech.al\/wp-content\/uploads\/2023\/03\/HITech.png","contentUrl":"https:\/\/hitech.al\/wp-content\/uploads\/2023\/03\/HITech.png","width":169,"height":40,"caption":"HiTech Media"},"image":{"@id":"https:\/\/hitech.al\/#\/schema\/logo\/image\/"}}]}},"jetpack_sharing_enabled":true,"_links":{"self":[{"href":"https:\/\/hitech.al\/sq\/wp-json\/wp\/v2\/pages\/987708","targetHints":{"allow":["GET"]}}],"collection":[{"href":"https:\/\/hitech.al\/sq\/wp-json\/wp\/v2\/pages"}],"about":[{"href":"https:\/\/hitech.al\/sq\/wp-json\/wp\/v2\/types\/page"}],"author":[{"embeddable":true,"href":"https:\/\/hitech.al\/sq\/wp-json\/wp\/v2\/users\/1"}],"replies":[{"embeddable":true,"href":"https:\/\/hitech.al\/sq\/wp-json\/wp\/v2\/comments?post=987708"}],"version-history":[{"count":0,"href":"https:\/\/hitech.al\/sq\/wp-json\/wp\/v2\/pages\/987708\/revisions"}],"wp:attachment":[{"href":"https:\/\/hitech.al\/sq\/wp-json\/wp\/v2\/media?parent=987708"}],"curies":[{"name":"wp","href":"https:\/\/api.w.org\/{rel}","templated":true}]}}