{"id":987677,"date":"2025-08-04T15:37:34","date_gmt":"2025-08-04T15:37:34","guid":{"rendered":"https:\/\/hitech.al\/?page_id=987677"},"modified":"2025-08-04T16:10:03","modified_gmt":"2025-08-04T16:10:03","slug":"restorant","status":"publish","type":"page","link":"https:\/\/hitech.al\/sq\/restorant\/","title":{"rendered":"Oferta e Faqes s\u00eb Internetit t\u00eb Restoranteve"},"content":{"rendered":"<div data-elementor-type=\"wp-page\" data-elementor-id=\"987677\" class=\"elementor elementor-987677\" data-elementor-post-type=\"page\">\n\t\t\t\t\t\t<section class=\"elementor-section elementor-top-section elementor-element elementor-element-7d74aa78 elementor-section-content-middle elementor-reverse-mobile elementor-section-boxed elementor-section-height-default elementor-section-height-default\" data-id=\"7d74aa78\" data-element_type=\"section\">\n\t\t\t\t\t\t<div class=\"elementor-container elementor-column-gap-no\">\n\t\t\t\t\t<div class=\"elementor-column elementor-col-50 elementor-top-column elementor-element elementor-element-3aba77a3\" data-id=\"3aba77a3\" data-element_type=\"column\">\n\t\t\t<div class=\"elementor-widget-wrap elementor-element-populated\">\n\t\t\t\t\t\t<div class=\"elementor-element elementor-element-6efcf987 elementor-widget elementor-widget-heading\" data-id=\"6efcf987\" data-element_type=\"widget\" data-widget_type=\"heading.default\">\n\t\t\t\t<div class=\"elementor-widget-container\">\n\t\t\t\t\t<h3 class=\"elementor-heading-title elementor-size-default\">Merrni m\u00eb shum\u00eb rezervime dhe porosi me nj\u00eb faqe interneti moderne restoranti<\/h3>\t\t\t\t<\/div>\n\t\t\t\t<\/div>\n\t\t\t\t<div class=\"elementor-element elementor-element-45d67840 elementor-widget elementor-widget-text-editor\" data-id=\"45d67840\" data-element_type=\"widget\" data-widget_type=\"text-editor.default\">\n\t\t\t\t<div class=\"elementor-widget-container\">\n\t\t\t\t\t\t\t\t\t<p data-start=\"780\" data-end=\"1503\">Restoranti juaj \u00ebsht\u00eb m\u00eb shum\u00eb sesa nj\u00eb vend p\u00ebr t\u00eb ngr\u00ebn\u00eb; \u00ebsht\u00eb nj\u00eb p\u00ebrvoj\u00eb. Por n\u00ebse klient\u00ebt nuk mund t&#039;ju gjejn\u00eb n\u00eb internet, nuk shohin nj\u00eb menu t\u00ebrheq\u00ebse ose nuk mund t\u00eb rezervojn\u00eb nj\u00eb tavolin\u00eb me leht\u00ebsi, po humbisni para. HiTech Media ofron zgjidhjen e plot\u00eb: nj\u00eb faqe interneti moderne restoranti q\u00eb kombinon nj\u00eb menu 3D t\u00eb shijshme, rezervime inteligjente n\u00eb internet, porosi t\u00eb drejtp\u00ebrdrejta pa probleme dhe mund\u00ebsi t\u00eb integruara zbulueshm\u00ebrie lokale, n\u00eb m\u00ebnyr\u00eb q\u00eb klient\u00ebt n\u00eb Tiran\u00eb t&#039;ju gjejn\u00eb t\u00eb par\u00ebt. Gjith\u00e7ka trajtohet p\u00ebrmes nj\u00eb procesi t\u00eb thjesht\u00eb dhe t\u00eb udh\u00ebhequr - konsultim, dizajn, nd\u00ebrtim, lan\u00e7im dhe mb\u00ebshtetje e vazhdueshme. Jepini restorantit tuaj nj\u00eb prani dixhitale q\u00eb t\u00ebrheq v\u00ebmendjen dhe i kthen vizitat n\u00eb rezervime.<\/p>\t\t\t\t\t\t\t\t<\/div>\n\t\t\t\t<\/div>\n\t\t\t\t<section class=\"elementor-section elementor-inner-section elementor-element elementor-element-5442ba2f elementor-section-boxed elementor-section-height-default elementor-section-height-default\" data-id=\"5442ba2f\" data-element_type=\"section\">\n\t\t\t\t\t\t<div class=\"elementor-container elementor-column-gap-default\">\n\t\t\t\t\t<div class=\"elementor-column elementor-col-50 elementor-inner-column elementor-element elementor-element-22a8dc52\" data-id=\"22a8dc52\" data-element_type=\"column\">\n\t\t\t<div class=\"elementor-widget-wrap elementor-element-populated\">\n\t\t\t\t\t\t<div class=\"vamtam-has-theme-widget-styles elementor-element elementor-element-6ba81974 elementor-position-left elementor-view-default elementor-mobile-position-top elementor-vertical-align-top elementor-widget elementor-widget-icon-box\" data-id=\"6ba81974\" data-element_type=\"widget\" data-widget_type=\"icon-box.default\">\n\t\t\t\t<div class=\"elementor-widget-container\">\n\t\t\t\t\t\t\t<div class=\"elementor-icon-box-wrapper\">\n\n\t\t\t\t\t\t<div class=\"elementor-icon-box-icon\">\n\t\t\t\t<span  class=\"elementor-icon\">\n\t\t\t\t<i aria-hidden=\"true\" class=\"vamtamtheme- vamtam-theme-check-box\"><\/i>\t\t\t\t<\/span>\n\t\t\t<\/div>\n\t\t\t\n\t\t\t\t\t\t<div class=\"elementor-icon-box-content\">\n\n\t\t\t\t\t\t\t\t\t<h3 class=\"elementor-icon-box-title\">\n\t\t\t\t\t\t<span  >\n\t\t\t\t\t\t\tMenu 3D\t\t\t\t\t\t<\/span>\n\t\t\t\t\t<\/h3>\n\t\t\t\t\n\t\t\t\t\t\t\t\t\t<p class=\"elementor-icon-box-description\">\n\t\t\t\t\t\tNj\u00eb menu gjith\u00ebp\u00ebrfshir\u00ebse dhe interaktive q\u00eb shfaq pjatat me thell\u00ebsi, imazhe dhe detaje kryesore, duke i ndihmuar klient\u00ebt t\u00eb eksplorojn\u00eb dhe t\u00eb zgjedhin me ndjesin\u00eb e nj\u00eb p\u00ebrvoje t\u00eb jet\u00ebs reale.\t\t\t\t\t<\/p>\n\t\t\t\t\n\t\t\t<\/div>\n\t\t\t\n\t\t<\/div>\n\t\t\t\t\t\t<\/div>\n\t\t\t\t<\/div>\n\t\t\t\t<div class=\"vamtam-has-theme-widget-styles elementor-element elementor-element-1be344f0 elementor-position-left elementor-view-default elementor-mobile-position-top elementor-vertical-align-top elementor-widget elementor-widget-icon-box\" data-id=\"1be344f0\" data-element_type=\"widget\" data-widget_type=\"icon-box.default\">\n\t\t\t\t<div class=\"elementor-widget-container\">\n\t\t\t\t\t\t\t<div class=\"elementor-icon-box-wrapper\">\n\n\t\t\t\t\t\t<div class=\"elementor-icon-box-icon\">\n\t\t\t\t<span  class=\"elementor-icon\">\n\t\t\t\t<i aria-hidden=\"true\" class=\"vamtamtheme- vamtam-theme-check-box\"><\/i>\t\t\t\t<\/span>\n\t\t\t<\/div>\n\t\t\t\n\t\t\t\t\t\t<div class=\"elementor-icon-box-content\">\n\n\t\t\t\t\t\t\t\t\t<h3 class=\"elementor-icon-box-title\">\n\t\t\t\t\t\t<span  >\n\t\t\t\t\t\t\tShum\u00ebgjuh\u00ebshe\t\t\t\t\t\t<\/span>\n\t\t\t\t\t<\/h3>\n\t\t\t\t\n\t\t\t\t\t\t\t\t\t<p class=\"elementor-icon-box-description\">\n\t\t\t\t\t\tP\u00ebrmbajtja e faqes s\u00eb internetit dhe e menus\u00eb \u00ebsht\u00eb e disponueshme n\u00eb shum\u00eb gjuh\u00eb me zbulim automatik dhe nd\u00ebrrim manual, duke ruajtur SEO-n\u00eb dhe duke e b\u00ebr\u00eb restorantin tuaj t\u00eb arritsh\u00ebm si p\u00ebr vendasit ashtu edhe p\u00ebr turist\u00ebt.\n\t\t\t\t\t<\/p>\n\t\t\t\t\n\t\t\t<\/div>\n\t\t\t\n\t\t<\/div>\n\t\t\t\t\t\t<\/div>\n\t\t\t\t<\/div>\n\t\t\t\t\t<\/div>\n\t\t<\/div>\n\t\t\t\t<div class=\"elementor-column elementor-col-50 elementor-inner-column elementor-element elementor-element-46aa030e\" data-id=\"46aa030e\" data-element_type=\"column\">\n\t\t\t<div class=\"elementor-widget-wrap elementor-element-populated\">\n\t\t\t\t\t\t<div class=\"vamtam-has-theme-widget-styles elementor-element elementor-element-323cbb7b elementor-position-left elementor-view-default elementor-mobile-position-top elementor-vertical-align-top elementor-widget elementor-widget-icon-box\" data-id=\"323cbb7b\" data-element_type=\"widget\" data-widget_type=\"icon-box.default\">\n\t\t\t\t<div class=\"elementor-widget-container\">\n\t\t\t\t\t\t\t<div class=\"elementor-icon-box-wrapper\">\n\n\t\t\t\t\t\t<div class=\"elementor-icon-box-icon\">\n\t\t\t\t<span  class=\"elementor-icon\">\n\t\t\t\t<i aria-hidden=\"true\" class=\"vamtamtheme- vamtam-theme-check-box\"><\/i>\t\t\t\t<\/span>\n\t\t\t<\/div>\n\t\t\t\n\t\t\t\t\t\t<div class=\"elementor-icon-box-content\">\n\n\t\t\t\t\t\t\t\t\t<h3 class=\"elementor-icon-box-title\">\n\t\t\t\t\t\t<span  >\n\t\t\t\t\t\t\tRezervim Online\t\t\t\t\t\t<\/span>\n\t\t\t\t\t<\/h3>\n\t\t\t\t\n\t\t\t\t\t\t\t\t\t<p class=\"elementor-icon-box-description\">\n\t\t\t\t\t\tRezervim tavoline n\u00eb koh\u00eb reale me dat\u00eb\/or\u00eb t\u00eb zgjedhshme, konfirmim t\u00eb menj\u00ebhersh\u00ebm me email\/SMS dhe p\u00ebrkujtesa opsionale - duke eliminuar etiket\u00ebn telefonike dhe duke zvog\u00ebluar mosparaqitjet.\n\t\t\t\t\t<\/p>\n\t\t\t\t\n\t\t\t<\/div>\n\t\t\t\n\t\t<\/div>\n\t\t\t\t\t\t<\/div>\n\t\t\t\t<\/div>\n\t\t\t\t<div class=\"vamtam-has-theme-widget-styles elementor-element elementor-element-2b7a5fb0 elementor-position-left elementor-view-default elementor-mobile-position-top elementor-vertical-align-top elementor-widget elementor-widget-icon-box\" data-id=\"2b7a5fb0\" data-element_type=\"widget\" data-widget_type=\"icon-box.default\">\n\t\t\t\t<div class=\"elementor-widget-container\">\n\t\t\t\t\t\t\t<div class=\"elementor-icon-box-wrapper\">\n\n\t\t\t\t\t\t<div class=\"elementor-icon-box-icon\">\n\t\t\t\t<span  class=\"elementor-icon\">\n\t\t\t\t<i aria-hidden=\"true\" class=\"vamtamtheme- vamtam-theme-check-box\"><\/i>\t\t\t\t<\/span>\n\t\t\t<\/div>\n\t\t\t\n\t\t\t\t\t\t<div class=\"elementor-icon-box-content\">\n\n\t\t\t\t\t\t\t\t\t<h3 class=\"elementor-icon-box-title\">\n\t\t\t\t\t\t<span  >\n\t\t\t\t\t\t\tWhatsApp\t\t\t\t\t\t<\/span>\n\t\t\t\t\t<\/h3>\n\t\t\t\t\n\t\t\t\t\t\t\t\t\t<p class=\"elementor-icon-box-description\">\n\t\t\t\t\t\tPorositja me nj\u00eb klikim hyn n\u00eb WhatsApp me nj\u00eb p\u00ebrmbledhje t\u00eb para-plot\u00ebsuar, konfirmime t\u00eb menj\u00ebhershme dhe bised\u00eb t\u00eb drejtp\u00ebrdrejt\u00eb p\u00ebr modifikime, duke e b\u00ebr\u00eb porositjen t\u00eb shpejt\u00eb dhe t\u00eb leht\u00eb p\u00ebr t&#039;u biseduar.\n\t\t\t\t\t<\/p>\n\t\t\t\t\n\t\t\t<\/div>\n\t\t\t\n\t\t<\/div>\n\t\t\t\t\t\t<\/div>\n\t\t\t\t<\/div>\n\t\t\t\t\t<\/div>\n\t\t<\/div>\n\t\t\t\t\t<\/div>\n\t\t<\/section>\n\t\t\t\t\t<\/div>\n\t\t<\/div>\n\t\t\t\t<div class=\"elementor-column elementor-col-50 elementor-top-column elementor-element elementor-element-60aa4363\" data-id=\"60aa4363\" data-element_type=\"column\" data-settings=\"{&quot;background_background&quot;:&quot;classic&quot;}\">\n\t\t\t<div class=\"elementor-widget-wrap elementor-element-populated\">\n\t\t\t\t\t\t<div class=\"elementor-element elementor-element-7054b9c4 elementor-widget elementor-widget-spacer\" data-id=\"7054b9c4\" data-element_type=\"widget\" data-widget_type=\"spacer.default\">\n\t\t\t\t<div class=\"elementor-widget-container\">\n\t\t\t\t\t\t\t<div class=\"elementor-spacer\">\n\t\t\t<div class=\"elementor-spacer-inner\"><\/div>\n\t\t<\/div>\n\t\t\t\t\t\t<\/div>\n\t\t\t\t<\/div>\n\t\t\t\t\t<\/div>\n\t\t<\/div>\n\t\t\t\t\t<\/div>\n\t\t<\/section>\n\t\t\t\t<\/div>","protected":false},"excerpt":{"rendered":"<p>Drive More Reservations &amp; Orders with a Modern Restaurant Website Your restaurant is more than a place to eat; it\u2019s an experience. But if customers can\u2019t find you online, don\u2019t see an appealing menu, or can\u2019t book a table with ease, you\u2019re leaving money on the table. HiTech Media delivers the full solution: a modern&#8230;<\/p>","protected":false},"author":1,"featured_media":0,"parent":0,"menu_order":0,"comment_status":"closed","ping_status":"closed","template":"elementor_theme","meta":{"footnotes":""},"class_list":["post-987677","page","type-page","status-publish","hentry"],"yoast_head":"<!-- This site is optimized with the Yoast SEO Premium plugin v26.7 (Yoast SEO v26.7) - https:\/\/yoast.com\/wordpress\/plugins\/seo\/ -->\n<title>Restaurants Website Offer - HiTech Solutions<\/title>\n<meta name=\"robots\" content=\"index, follow, max-snippet:-1, max-image-preview:large, max-video-preview:-1\" \/>\n<link rel=\"canonical\" href=\"https:\/\/hitech.al\/sq\/restorant\/\" \/>\n<meta property=\"og:locale\" content=\"sq_AL\" \/>\n<meta property=\"og:type\" content=\"article\" \/>\n<meta property=\"og:title\" content=\"Restaurants Website Offer\" \/>\n<meta property=\"og:description\" content=\"Drive More Reservations &amp; Orders with a Modern Restaurant Website Your restaurant is more than a place to eat; it\u2019s an experience. But if customers can\u2019t find you online, don\u2019t see an appealing menu, or can\u2019t book a table with ease, you\u2019re leaving money on the table. HiTech Media delivers the full solution: a modern...\" \/>\n<meta property=\"og:url\" content=\"https:\/\/hitech.al\/sq\/restorant\/\" \/>\n<meta property=\"og:site_name\" content=\"HiTech Solutions\" \/>\n<meta property=\"article:modified_time\" content=\"2025-08-04T16:10:03+00:00\" \/>\n<meta name=\"twitter:card\" content=\"summary_large_image\" \/>\n<meta name=\"twitter:label1\" content=\"Est. reading time\" \/>\n\t<meta name=\"twitter:data1\" content=\"1 minut\u00eb\" \/>\n<script type=\"application\/ld+json\" class=\"yoast-schema-graph\">{\"@context\":\"https:\/\/schema.org\",\"@graph\":[{\"@type\":\"WebPage\",\"@id\":\"https:\/\/hitech.al\/restorant\/\",\"url\":\"https:\/\/hitech.al\/restorant\/\",\"name\":\"Restaurants Website Offer - HiTech Solutions\",\"isPartOf\":{\"@id\":\"https:\/\/hitech.al\/#website\"},\"datePublished\":\"2025-08-04T15:37:34+00:00\",\"dateModified\":\"2025-08-04T16:10:03+00:00\",\"breadcrumb\":{\"@id\":\"https:\/\/hitech.al\/restorant\/#breadcrumb\"},\"inLanguage\":\"sq\",\"potentialAction\":[{\"@type\":\"ReadAction\",\"target\":[\"https:\/\/hitech.al\/restorant\/\"]}]},{\"@type\":\"BreadcrumbList\",\"@id\":\"https:\/\/hitech.al\/restorant\/#breadcrumb\",\"itemListElement\":[{\"@type\":\"ListItem\",\"position\":1,\"name\":\"Home\",\"item\":\"https:\/\/hitech.al\/\"},{\"@type\":\"ListItem\",\"position\":2,\"name\":\"Restaurants Website Offer\"}]},{\"@type\":\"WebSite\",\"@id\":\"https:\/\/hitech.al\/#website\",\"url\":\"https:\/\/hitech.al\/\",\"name\":\"HiTech Media\",\"description\":\"Your Digital Partner\",\"publisher\":{\"@id\":\"https:\/\/hitech.al\/#organization\"},\"potentialAction\":[{\"@type\":\"SearchAction\",\"target\":{\"@type\":\"EntryPoint\",\"urlTemplate\":\"https:\/\/hitech.al\/?s={search_term_string}\"},\"query-input\":{\"@type\":\"PropertyValueSpecification\",\"valueRequired\":true,\"valueName\":\"search_term_string\"}}],\"inLanguage\":\"sq\"},{\"@type\":\"Organization\",\"@id\":\"https:\/\/hitech.al\/#organization\",\"name\":\"HiTech Media\",\"url\":\"https:\/\/hitech.al\/\",\"logo\":{\"@type\":\"ImageObject\",\"inLanguage\":\"sq\",\"@id\":\"https:\/\/hitech.al\/#\/schema\/logo\/image\/\",\"url\":\"https:\/\/hitech.al\/wp-content\/uploads\/2023\/03\/HITech.png\",\"contentUrl\":\"https:\/\/hitech.al\/wp-content\/uploads\/2023\/03\/HITech.png\",\"width\":169,\"height\":40,\"caption\":\"HiTech Media\"},\"image\":{\"@id\":\"https:\/\/hitech.al\/#\/schema\/logo\/image\/\"}}]}<\/script>\n<!-- \/ Yoast SEO Premium plugin. -->","yoast_head_json":{"title":"Restaurants Website Offer - HiTech Solutions","robots":{"index":"index","follow":"follow","max-snippet":"max-snippet:-1","max-image-preview":"max-image-preview:large","max-video-preview":"max-video-preview:-1"},"canonical":"https:\/\/hitech.al\/sq\/restorant\/","og_locale":"sq_AL","og_type":"article","og_title":"Restaurants Website Offer","og_description":"Drive More Reservations &amp; Orders with a Modern Restaurant Website Your restaurant is more than a place to eat; it\u2019s an experience. But if customers can\u2019t find you online, don\u2019t see an appealing menu, or can\u2019t book a table with ease, you\u2019re leaving money on the table. HiTech Media delivers the full solution: a modern...","og_url":"https:\/\/hitech.al\/sq\/restorant\/","og_site_name":"HiTech Solutions","article_modified_time":"2025-08-04T16:10:03+00:00","twitter_card":"summary_large_image","twitter_misc":{"Est. reading time":"1 minut\u00eb"},"schema":{"@context":"https:\/\/schema.org","@graph":[{"@type":"WebPage","@id":"https:\/\/hitech.al\/restorant\/","url":"https:\/\/hitech.al\/restorant\/","name":"Restaurants Website Offer - HiTech Solutions","isPartOf":{"@id":"https:\/\/hitech.al\/#website"},"datePublished":"2025-08-04T15:37:34+00:00","dateModified":"2025-08-04T16:10:03+00:00","breadcrumb":{"@id":"https:\/\/hitech.al\/restorant\/#breadcrumb"},"inLanguage":"sq","potentialAction":[{"@type":"ReadAction","target":["https:\/\/hitech.al\/restorant\/"]}]},{"@type":"BreadcrumbList","@id":"https:\/\/hitech.al\/restorant\/#breadcrumb","itemListElement":[{"@type":"ListItem","position":1,"name":"Home","item":"https:\/\/hitech.al\/"},{"@type":"ListItem","position":2,"name":"Restaurants Website Offer"}]},{"@type":"WebSite","@id":"https:\/\/hitech.al\/#website","url":"https:\/\/hitech.al\/","name":"Media HiTech","description":"Partneri Juaj Dixhital","publisher":{"@id":"https:\/\/hitech.al\/#organization"},"potentialAction":[{"@type":"SearchAction","target":{"@type":"EntryPoint","urlTemplate":"https:\/\/hitech.al\/?s={search_term_string}"},"query-input":{"@type":"PropertyValueSpecification","valueRequired":true,"valueName":"search_term_string"}}],"inLanguage":"sq"},{"@type":"Organization","@id":"https:\/\/hitech.al\/#organization","name":"Media HiTech","url":"https:\/\/hitech.al\/","logo":{"@type":"ImageObject","inLanguage":"sq","@id":"https:\/\/hitech.al\/#\/schema\/logo\/image\/","url":"https:\/\/hitech.al\/wp-content\/uploads\/2023\/03\/HITech.png","contentUrl":"https:\/\/hitech.al\/wp-content\/uploads\/2023\/03\/HITech.png","width":169,"height":40,"caption":"HiTech Media"},"image":{"@id":"https:\/\/hitech.al\/#\/schema\/logo\/image\/"}}]}},"jetpack_sharing_enabled":true,"_links":{"self":[{"href":"https:\/\/hitech.al\/sq\/wp-json\/wp\/v2\/pages\/987677","targetHints":{"allow":["GET"]}}],"collection":[{"href":"https:\/\/hitech.al\/sq\/wp-json\/wp\/v2\/pages"}],"about":[{"href":"https:\/\/hitech.al\/sq\/wp-json\/wp\/v2\/types\/page"}],"author":[{"embeddable":true,"href":"https:\/\/hitech.al\/sq\/wp-json\/wp\/v2\/users\/1"}],"replies":[{"embeddable":true,"href":"https:\/\/hitech.al\/sq\/wp-json\/wp\/v2\/comments?post=987677"}],"version-history":[{"count":0,"href":"https:\/\/hitech.al\/sq\/wp-json\/wp\/v2\/pages\/987677\/revisions"}],"wp:attachment":[{"href":"https:\/\/hitech.al\/sq\/wp-json\/wp\/v2\/media?parent=987677"}],"curies":[{"name":"wp","href":"https:\/\/api.w.org\/{rel}","templated":true}]}}