{"id":93,"date":"2023-03-09T12:54:22","date_gmt":"2023-03-09T12:54:22","guid":{"rendered":"https:\/\/tecnologia.vamtam.com\/?page_id=93"},"modified":"2025-11-10T19:50:16","modified_gmt":"2025-11-10T19:50:16","slug":"blog","status":"publish","type":"page","link":"https:\/\/hitech.al\/sq\/blog\/","title":{"rendered":"Blog"},"content":{"rendered":"<div data-elementor-type=\"wp-page\" data-elementor-id=\"93\" class=\"elementor elementor-93\" data-elementor-post-type=\"page\">\n\t\t\t\t\t\t<section class=\"elementor-section elementor-top-section elementor-element elementor-element-46b242f elementor-section-boxed elementor-section-height-default elementor-section-height-default\" data-id=\"46b242f\" data-element_type=\"section\">\n\t\t\t\t\t\t<div class=\"elementor-container elementor-column-gap-default\">\n\t\t\t\t\t<div class=\"elementor-column elementor-col-100 elementor-top-column elementor-element elementor-element-d8eccda\" data-id=\"d8eccda\" data-element_type=\"column\">\n\t\t\t<div class=\"elementor-widget-wrap elementor-element-populated\">\n\t\t\t\t\t\t<div class=\"elementor-element elementor-element-ed7d10e animated-slow elementor-invisible elementor-widget elementor-widget-heading\" data-id=\"ed7d10e\" data-element_type=\"widget\" data-settings=\"{&quot;_animation&quot;:&quot;fadeIn&quot;,&quot;_animation_tablet&quot;:&quot;none&quot;}\" data-widget_type=\"heading.default\">\n\t\t\t\t<div class=\"elementor-widget-container\">\n\t\t\t\t\t<h1 class=\"elementor-heading-title elementor-size-default\">Blogu i Medias HiTech<\/h1>\t\t\t\t<\/div>\n\t\t\t\t<\/div>\n\t\t\t\t<div class=\"elementor-element elementor-element-d56525c animated-slow elementor-invisible elementor-widget elementor-widget-heading\" data-id=\"d56525c\" data-element_type=\"widget\" data-settings=\"{&quot;_animation&quot;:&quot;fadeIn&quot;,&quot;_animation_tablet&quot;:&quot;none&quot;,&quot;_animation_delay&quot;:300}\" data-widget_type=\"heading.default\">\n\t\t\t\t<div class=\"elementor-widget-container\">\n\t\t\t\t\t<p class=\"elementor-heading-title elementor-size-default\">Blogu yn\u00eb zyrtar me lajme, k\u00ebshilla teknologjike dhe kultur\u00eb biznesi.<\/p>\t\t\t\t<\/div>\n\t\t\t\t<\/div>\n\t\t\t\t<div class=\"elementor-element elementor-element-5940b8c elementor-widget elementor-widget-spacer\" data-id=\"5940b8c\" data-element_type=\"widget\" data-widget_type=\"spacer.default\">\n\t\t\t\t<div class=\"elementor-widget-container\">\n\t\t\t\t\t\t\t<div class=\"elementor-spacer\">\n\t\t\t<div class=\"elementor-spacer-inner\"><\/div>\n\t\t<\/div>\n\t\t\t\t\t\t<\/div>\n\t\t\t\t<\/div>\n\t\t\t\t\t<\/div>\n\t\t<\/div>\n\t\t\t\t\t<\/div>\n\t\t<\/section>\n\t\t\t\t<section class=\"elementor-section elementor-top-section elementor-element elementor-element-d88de12 elementor-section-content-middle elementor-section-boxed elementor-section-height-default elementor-section-height-default\" data-id=\"d88de12\" data-element_type=\"section\" data-settings=\"{&quot;background_background&quot;:&quot;classic&quot;}\">\n\t\t\t\t\t\t<div class=\"elementor-container elementor-column-gap-no\">\n\t\t\t\t\t<div class=\"elementor-column elementor-col-100 elementor-top-column elementor-element elementor-element-f1f3ce2\" data-id=\"f1f3ce2\" data-element_type=\"column\" data-settings=\"{&quot;background_background&quot;:&quot;classic&quot;}\">\n\t\t\t<div class=\"elementor-widget-wrap elementor-element-populated\">\n\t\t\t\t\t\t<div class=\"elementor-element elementor-element-0bc3f04 elementor-widget elementor-widget-spacer\" data-id=\"0bc3f04\" data-element_type=\"widget\" data-widget_type=\"spacer.default\">\n\t\t\t\t<div class=\"elementor-widget-container\">\n\t\t\t\t\t\t\t<div class=\"elementor-spacer\">\n\t\t\t<div class=\"elementor-spacer-inner\"><\/div>\n\t\t<\/div>\n\t\t\t\t\t\t<\/div>\n\t\t\t\t<\/div>\n\t\t\t\t<div class=\"vamtam-has-theme-widget-styles elementor-element elementor-element-0debbbe elementor-widget__width-initial elementor-widget-tablet__width-inherit elementor-grid-3 elementor-grid-tablet-2 elementor-grid-mobile-1 elementor-posts--thumbnail-top elementor-card-shadow-yes elementor-posts__hover-gradient elementor-widget elementor-widget-posts\" data-id=\"0debbbe\" data-element_type=\"widget\" data-settings=\"{&quot;cards_masonry&quot;:&quot;yes&quot;,&quot;pagination_type&quot;:&quot;load_more_infinite_scroll&quot;,&quot;cards_columns&quot;:&quot;3&quot;,&quot;cards_columns_tablet&quot;:&quot;2&quot;,&quot;cards_columns_mobile&quot;:&quot;1&quot;,&quot;cards_row_gap&quot;:{&quot;unit&quot;:&quot;px&quot;,&quot;size&quot;:35,&quot;sizes&quot;:[]},&quot;cards_row_gap_tablet&quot;:{&quot;unit&quot;:&quot;px&quot;,&quot;size&quot;:&quot;&quot;,&quot;sizes&quot;:[]},&quot;cards_row_gap_mobile&quot;:{&quot;unit&quot;:&quot;px&quot;,&quot;size&quot;:&quot;&quot;,&quot;sizes&quot;:[]},&quot;load_more_spinner&quot;:{&quot;value&quot;:&quot;fas fa-spinner&quot;,&quot;library&quot;:&quot;fa-solid&quot;}}\" data-widget_type=\"posts.cards\">\n\t\t\t\t<div class=\"elementor-widget-container\">\n\t\t\t\t\t\t\t<div class=\"elementor-posts-container elementor-posts elementor-posts--skin-cards elementor-grid\" role=\"list\">\n\t\t\t\t<article class=\"elementor-post elementor-grid-item post-988226 post type-post status-publish format-standard has-post-thumbnail hentry category-cloud-hosting\" role=\"listitem\">\n\t\t\t<div class=\"elementor-post__card\">\n\t\t\t\t<a class=\"elementor-post__thumbnail__link\" href=\"https:\/\/hitech.al\/sq\/hapesira-te-sigurta-pune-per-ekipe-ndarje-lidhjesh-te-mbrojtura-me-fjalekalim-ne-shqiperi-pse-hidrive-nga-hitech-solutions-tejkalon-google-drive-dropbox-onedrive\/\" tabindex=\"-1\" target=\"_blank\"><div class=\"elementor-post__thumbnail\"><img fetchpriority=\"high\" decoding=\"async\" width=\"300\" height=\"178\" src=\"https:\/\/hitech.al\/wp-content\/uploads\/2026\/02\/hero-web-300x178.webp\" class=\"attachment-medium size-medium wp-image-988215\" alt=\"\" srcset=\"https:\/\/hitech.al\/wp-content\/uploads\/2026\/02\/hero-web-300x178.webp 300w, https:\/\/hitech.al\/wp-content\/uploads\/2026\/02\/hero-web-1024x607.webp 1024w, https:\/\/hitech.al\/wp-content\/uploads\/2026\/02\/hero-web-768x455.webp 768w, https:\/\/hitech.al\/wp-content\/uploads\/2026\/02\/hero-web-1536x911.webp 1536w, https:\/\/hitech.al\/wp-content\/uploads\/2026\/02\/hero-web-2048x1214.webp 2048w, https:\/\/hitech.al\/wp-content\/uploads\/2026\/02\/hero-web-18x12.webp 18w\" sizes=\"(max-width: 300px) 100vw, 300px\" \/><\/div><\/a>\n\t\t\t\t<div class=\"elementor-post__text\">\n\t\t\t\t<h3 class=\"elementor-post__title\">\n\t\t\t<a href=\"https:\/\/hitech.al\/sq\/hapesira-te-sigurta-pune-per-ekipe-ndarje-lidhjesh-te-mbrojtura-me-fjalekalim-ne-shqiperi-pse-hidrive-nga-hitech-solutions-tejkalon-google-drive-dropbox-onedrive\/\" target=\"&quot;_blank&quot;\">\n\t\t\t\tHap\u00ebsira t\u00eb sigurta pune p\u00ebr ekipe &amp; Nd\u00ebrmarrja e lidhjeve t\u00eb mbrojtura me fjal\u00ebkalim: Pse HiDrive nga HiTech Solutions tejkalon Google Drive, Dropbox &amp; OneDrive\t\t\t<\/a>\n\t\t<\/h3>\n\t\t\t\t<\/div>\n\t\t\t\t\t<\/div>\n\t\t<\/article>\n\t\t\t\t<article class=\"elementor-post elementor-grid-item post-988213 post type-post status-publish format-standard has-post-thumbnail hentry category-cloud-hosting tag-cloud tag-hidrive tag-hosting\" role=\"listitem\">\n\t\t\t<div class=\"elementor-post__card\">\n\t\t\t\t<a class=\"elementor-post__thumbnail__link\" href=\"https:\/\/hitech.al\/sq\/zbuloni-hidrive-ruajtjen-tuaj-te-re-te-sigurt-ne-cloud-nga-hitech-solutions\/\" tabindex=\"-1\" target=\"_blank\"><div class=\"elementor-post__thumbnail\"><img decoding=\"async\" width=\"300\" height=\"171\" src=\"https:\/\/hitech.al\/wp-content\/uploads\/2026\/01\/tmp4_jj058e-300x171.jpeg\" class=\"attachment-medium size-medium wp-image-988166\" alt=\"\" srcset=\"https:\/\/hitech.al\/wp-content\/uploads\/2026\/01\/tmp4_jj058e-300x171.jpeg 300w, https:\/\/hitech.al\/wp-content\/uploads\/2026\/01\/tmp4_jj058e-1024x585.jpeg 1024w, https:\/\/hitech.al\/wp-content\/uploads\/2026\/01\/tmp4_jj058e-768x439.jpeg 768w, https:\/\/hitech.al\/wp-content\/uploads\/2026\/01\/tmp4_jj058e-18x10.jpeg 18w, https:\/\/hitech.al\/wp-content\/uploads\/2026\/01\/tmp4_jj058e.jpeg 1344w\" sizes=\"(max-width: 300px) 100vw, 300px\" \/><\/div><\/a>\n\t\t\t\t<div class=\"elementor-post__text\">\n\t\t\t\t<h3 class=\"elementor-post__title\">\n\t\t\t<a href=\"https:\/\/hitech.al\/sq\/zbuloni-hidrive-ruajtjen-tuaj-te-re-te-sigurt-ne-cloud-nga-hitech-solutions\/\" target=\"&quot;_blank&quot;\">\n\t\t\t\tZbuloni HiDrive: Ruajtja juaj e re e sigurt n\u00eb re nga HiTech Solutions\t\t\t<\/a>\n\t\t<\/h3>\n\t\t\t\t<\/div>\n\t\t\t\t\t<\/div>\n\t\t<\/article>\n\t\t\t\t<article class=\"elementor-post elementor-grid-item post-988196 post type-post status-publish format-standard has-post-thumbnail hentry category-tutorials\" role=\"listitem\">\n\t\t\t<div class=\"elementor-post__card\">\n\t\t\t\t<a class=\"elementor-post__thumbnail__link\" href=\"https:\/\/hitech.al\/sq\/udhezuesi-perfundimtar-per-te-gjitha-llojet-e-meta-reklamave-ne-facebook-dhe-instagram-ne-vitin-2026-formatet-objektivat-dhe-konfigurimi-hap-pas-hapi\/\" tabindex=\"-1\" target=\"_blank\"><div class=\"elementor-post__thumbnail\"><img decoding=\"async\" width=\"300\" height=\"169\" src=\"https:\/\/hitech.al\/wp-content\/uploads\/2026\/01\/facebook-ads-budget-dashboard-300x169.webp\" class=\"attachment-medium size-medium wp-image-988197\" alt=\"\" srcset=\"https:\/\/hitech.al\/wp-content\/uploads\/2026\/01\/facebook-ads-budget-dashboard-300x169.webp 300w, https:\/\/hitech.al\/wp-content\/uploads\/2026\/01\/facebook-ads-budget-dashboard-1024x575.webp 1024w, https:\/\/hitech.al\/wp-content\/uploads\/2026\/01\/facebook-ads-budget-dashboard-768x431.webp 768w, https:\/\/hitech.al\/wp-content\/uploads\/2026\/01\/facebook-ads-budget-dashboard-1536x863.webp 1536w, https:\/\/hitech.al\/wp-content\/uploads\/2026\/01\/facebook-ads-budget-dashboard-18x10.webp 18w, https:\/\/hitech.al\/wp-content\/uploads\/2026\/01\/facebook-ads-budget-dashboard.webp 1800w\" sizes=\"(max-width: 300px) 100vw, 300px\" \/><\/div><\/a>\n\t\t\t\t<div class=\"elementor-post__text\">\n\t\t\t\t<h3 class=\"elementor-post__title\">\n\t\t\t<a href=\"https:\/\/hitech.al\/sq\/udhezuesi-perfundimtar-per-te-gjitha-llojet-e-meta-reklamave-ne-facebook-dhe-instagram-ne-vitin-2026-formatet-objektivat-dhe-konfigurimi-hap-pas-hapi\/\" target=\"&quot;_blank&quot;\">\n\t\t\t\tUdh\u00ebzuesi p\u00ebrfundimtar p\u00ebr t\u00eb gjitha llojet e Meta Ads (Facebook &amp; Instagram) n\u00eb 2026: Formatet, Objektivat dhe Vendosja hap pas hapi\t\t\t<\/a>\n\t\t<\/h3>\n\t\t\t\t<\/div>\n\t\t\t\t\t<\/div>\n\t\t<\/article>\n\t\t\t\t<article class=\"elementor-post elementor-grid-item post-988178 post type-post status-publish format-standard has-post-thumbnail hentry category-tutorials\" role=\"listitem\">\n\t\t\t<div class=\"elementor-post__card\">\n\t\t\t\t<a class=\"elementor-post__thumbnail__link\" href=\"https:\/\/hitech.al\/sq\/perpunimi-i-fushatave-per-ndertimin-e-njohjes-se-markes-dukshmeri-globale\/\" tabindex=\"-1\" target=\"_blank\"><div class=\"elementor-post__thumbnail\"><img loading=\"lazy\" decoding=\"async\" width=\"300\" height=\"171\" src=\"https:\/\/hitech.al\/wp-content\/uploads\/2026\/01\/tmpv5r_r8xo-300x171.jpeg\" class=\"attachment-medium size-medium wp-image-988179\" alt=\"p\u00ebrvet\u00ebsimi i fushatave t\u00eb nd\u00ebrgjegj\u00ebsimit t\u00eb mark\u00ebs p\u00ebr dukshm\u00ebri globale\" srcset=\"https:\/\/hitech.al\/wp-content\/uploads\/2026\/01\/tmpv5r_r8xo-300x171.jpeg 300w, https:\/\/hitech.al\/wp-content\/uploads\/2026\/01\/tmpv5r_r8xo-1024x585.jpeg 1024w, https:\/\/hitech.al\/wp-content\/uploads\/2026\/01\/tmpv5r_r8xo-768x439.jpeg 768w, https:\/\/hitech.al\/wp-content\/uploads\/2026\/01\/tmpv5r_r8xo-18x10.jpeg 18w, https:\/\/hitech.al\/wp-content\/uploads\/2026\/01\/tmpv5r_r8xo.jpeg 1344w\" sizes=\"(max-width: 300px) 100vw, 300px\" \/><\/div><\/a>\n\t\t\t\t<div class=\"elementor-post__text\">\n\t\t\t\t<h3 class=\"elementor-post__title\">\n\t\t\t<a href=\"https:\/\/hitech.al\/sq\/perpunimi-i-fushatave-per-ndertimin-e-njohjes-se-markes-dukshmeri-globale\/\" target=\"&quot;_blank&quot;\">\n\t\t\t\tZot\u00ebrimi i Fushatave p\u00ebr Nd\u00ebrgjegj\u00ebsimin e Mark\u00ebs: Udh\u00ebzues Thelb\u00ebsor p\u00ebr t\u00eb Rritur Dukshm\u00ebrin\u00eb\t\t\t<\/a>\n\t\t<\/h3>\n\t\t\t\t<\/div>\n\t\t\t\t\t<\/div>\n\t\t<\/article>\n\t\t\t\t<article class=\"elementor-post elementor-grid-item post-988174 post type-post status-publish format-standard has-post-thumbnail hentry category-tutorials\" role=\"listitem\">\n\t\t\t<div class=\"elementor-post__card\">\n\t\t\t\t<a class=\"elementor-post__thumbnail__link\" href=\"https:\/\/hitech.al\/sq\/ngritja-e-biznesit-tuaj-ne-meta-business-manager-nje-udhezues-hap-pas-hapi\/\" tabindex=\"-1\" target=\"_blank\"><div class=\"elementor-post__thumbnail\"><img loading=\"lazy\" decoding=\"async\" width=\"300\" height=\"167\" src=\"https:\/\/hitech.al\/wp-content\/uploads\/2026\/01\/tmpmiufa32h-300x167.png\" class=\"attachment-medium size-medium wp-image-988175\" alt=\"Udh\u00ebzues hap pas hapi p\u00ebr t\u00eb konfiguruar Meta Business Manager n\u00eb Shqip\u00ebri\" srcset=\"https:\/\/hitech.al\/wp-content\/uploads\/2026\/01\/tmpmiufa32h-300x167.png 300w, https:\/\/hitech.al\/wp-content\/uploads\/2026\/01\/tmpmiufa32h-1024x572.png 1024w, https:\/\/hitech.al\/wp-content\/uploads\/2026\/01\/tmpmiufa32h-768x429.png 768w, https:\/\/hitech.al\/wp-content\/uploads\/2026\/01\/tmpmiufa32h-18x10.png 18w, https:\/\/hitech.al\/wp-content\/uploads\/2026\/01\/tmpmiufa32h.png 1376w\" sizes=\"(max-width: 300px) 100vw, 300px\" \/><\/div><\/a>\n\t\t\t\t<div class=\"elementor-post__text\">\n\t\t\t\t<h3 class=\"elementor-post__title\">\n\t\t\t<a href=\"https:\/\/hitech.al\/sq\/ngritja-e-biznesit-tuaj-ne-meta-business-manager-nje-udhezues-hap-pas-hapi\/\" target=\"&quot;_blank&quot;\">\n\t\t\t\tVendosja e biznesit tuaj n\u00eb Meta Business Manager: Udh\u00ebzues hap pas hapi\t\t\t<\/a>\n\t\t<\/h3>\n\t\t\t\t<\/div>\n\t\t\t\t\t<\/div>\n\t\t<\/article>\n\t\t\t\t<article class=\"elementor-post elementor-grid-item post-988168 post type-post status-publish format-standard has-post-thumbnail hentry category-digital-transformation\" role=\"listitem\">\n\t\t\t<div class=\"elementor-post__card\">\n\t\t\t\t<a class=\"elementor-post__thumbnail__link\" href=\"https:\/\/hitech.al\/sq\/si-te-krijoni-llogarine-tuaj-te-web-hosting-ut-ne-2026-udhezues-hap-pas-hapi-per-bizneset-shqiptare-hitechs-opsione-te-perballueshme-te-cpanel\/\" tabindex=\"-1\" target=\"_blank\"><div class=\"elementor-post__thumbnail\"><img loading=\"lazy\" decoding=\"async\" width=\"300\" height=\"167\" src=\"https:\/\/hitech.al\/wp-content\/uploads\/2026\/01\/tmpkhrpcl4t-300x167.png\" class=\"attachment-medium size-medium wp-image-988169\" alt=\"Shqip\u00ebri Tiran\u00eb web hosting\" srcset=\"https:\/\/hitech.al\/wp-content\/uploads\/2026\/01\/tmpkhrpcl4t-300x167.png 300w, https:\/\/hitech.al\/wp-content\/uploads\/2026\/01\/tmpkhrpcl4t-1024x572.png 1024w, https:\/\/hitech.al\/wp-content\/uploads\/2026\/01\/tmpkhrpcl4t-768x429.png 768w, https:\/\/hitech.al\/wp-content\/uploads\/2026\/01\/tmpkhrpcl4t-18x10.png 18w, https:\/\/hitech.al\/wp-content\/uploads\/2026\/01\/tmpkhrpcl4t.png 1376w\" sizes=\"(max-width: 300px) 100vw, 300px\" \/><\/div><\/a>\n\t\t\t\t<div class=\"elementor-post__text\">\n\t\t\t\t<h3 class=\"elementor-post__title\">\n\t\t\t<a href=\"https:\/\/hitech.al\/sq\/si-te-krijoni-llogarine-tuaj-te-web-hosting-ut-ne-2026-udhezues-hap-pas-hapi-per-bizneset-shqiptare-hitechs-opsione-te-perballueshme-te-cpanel\/\" target=\"&quot;_blank&quot;\">\n\t\t\t\tSi t\u00eb krijoni llogarin\u00eb tuaj t\u00eb web hosting-ut n\u00eb 2026: Udh\u00ebzues hap pas hapi p\u00ebr bizneset shqiptare + opsionet e p\u00ebrballueshme cPanel t\u00eb HiTech\t\t\t<\/a>\n\t\t<\/h3>\n\t\t\t\t<\/div>\n\t\t\t\t\t<\/div>\n\t\t<\/article>\n\t\t\t\t<\/div>\n\t\t\t\t\t<span class=\"e-load-more-spinner\">\n\t\t\t\t<i aria-hidden=\"true\" class=\"fas fa-spinner\"><\/i>\t\t\t<\/span>\n\t\t\n\t\t\t\t<div class=\"e-load-more-anchor\" data-page=\"1\" data-max-page=\"6\" data-next-page=\"https:\/\/hitech.al\/wp-json\/wp\/v2\/pages\/93\/page\/2\/\"><\/div>\n\t\t\t\t<div class=\"e-load-more-message\"><\/div>\n\t\t\t\t\t\t<\/div>\n\t\t\t\t<\/div>\n\t\t\t\t<div class=\"elementor-element elementor-element-ff8263f elementor-widget elementor-widget-spacer\" data-id=\"ff8263f\" data-element_type=\"widget\" data-widget_type=\"spacer.default\">\n\t\t\t\t<div class=\"elementor-widget-container\">\n\t\t\t\t\t\t\t<div class=\"elementor-spacer\">\n\t\t\t<div class=\"elementor-spacer-inner\"><\/div>\n\t\t<\/div>\n\t\t\t\t\t\t<\/div>\n\t\t\t\t<\/div>\n\t\t\t\t\t<\/div>\n\t\t<\/div>\n\t\t\t\t\t<\/div>\n\t\t<\/section>\n\t\t\t\t<\/div>","protected":false},"excerpt":{"rendered":"<p>Blogu i Medias HiTech Blogu yn\u00eb zyrtar me lajme, k\u00ebshilla p\u00ebr teknologjin\u00eb dhe kultur\u00eb biznesi.<\/p>","protected":false},"author":1,"featured_media":0,"parent":0,"menu_order":0,"comment_status":"closed","ping_status":"closed","template":"","meta":{"footnotes":""},"class_list":["post-93","page","type-page","status-publish","hentry"],"yoast_head":"<!-- This site is optimized with the Yoast SEO Premium plugin v26.7 (Yoast SEO v26.7) - https:\/\/yoast.com\/wordpress\/plugins\/seo\/ -->\n<title>Blog - HiTech Solutions<\/title>\n<meta name=\"robots\" content=\"index, follow, max-snippet:-1, max-image-preview:large, max-video-preview:-1\" \/>\n<link rel=\"canonical\" href=\"https:\/\/hitech.al\/sq\/blog\/\" \/>\n<meta property=\"og:locale\" content=\"sq_AL\" \/>\n<meta property=\"og:type\" content=\"article\" \/>\n<meta property=\"og:title\" content=\"Blog\" \/>\n<meta property=\"og:description\" content=\"The HiTech Media Blog Our official blog with news, technology advice, and business culture.\" \/>\n<meta property=\"og:url\" content=\"https:\/\/hitech.al\/sq\/blog\/\" \/>\n<meta property=\"og:site_name\" content=\"HiTech Solutions\" \/>\n<meta property=\"article:modified_time\" content=\"2025-11-10T19:50:16+00:00\" \/>\n<meta name=\"twitter:card\" content=\"summary_large_image\" \/>\n<meta name=\"twitter:label1\" content=\"Est. reading time\" \/>\n\t<meta name=\"twitter:data1\" content=\"2 minuta\" \/>\n<script type=\"application\/ld+json\" class=\"yoast-schema-graph\">{\"@context\":\"https:\/\/schema.org\",\"@graph\":[{\"@type\":\"WebPage\",\"@id\":\"https:\/\/hitech.al\/blog\/\",\"url\":\"https:\/\/hitech.al\/blog\/\",\"name\":\"Blog - HiTech Solutions\",\"isPartOf\":{\"@id\":\"https:\/\/hitech.al\/#website\"},\"datePublished\":\"2023-03-09T12:54:22+00:00\",\"dateModified\":\"2025-11-10T19:50:16+00:00\",\"breadcrumb\":{\"@id\":\"https:\/\/hitech.al\/blog\/#breadcrumb\"},\"inLanguage\":\"sq\",\"potentialAction\":[{\"@type\":\"ReadAction\",\"target\":[\"https:\/\/hitech.al\/blog\/\"]}]},{\"@type\":\"BreadcrumbList\",\"@id\":\"https:\/\/hitech.al\/blog\/#breadcrumb\",\"itemListElement\":[{\"@type\":\"ListItem\",\"position\":1,\"name\":\"Home\",\"item\":\"https:\/\/hitech.al\/\"},{\"@type\":\"ListItem\",\"position\":2,\"name\":\"Blog\"}]},{\"@type\":\"WebSite\",\"@id\":\"https:\/\/hitech.al\/#website\",\"url\":\"https:\/\/hitech.al\/\",\"name\":\"HiTech Media\",\"description\":\"Your Digital Partner\",\"publisher\":{\"@id\":\"https:\/\/hitech.al\/#organization\"},\"potentialAction\":[{\"@type\":\"SearchAction\",\"target\":{\"@type\":\"EntryPoint\",\"urlTemplate\":\"https:\/\/hitech.al\/?s={search_term_string}\"},\"query-input\":{\"@type\":\"PropertyValueSpecification\",\"valueRequired\":true,\"valueName\":\"search_term_string\"}}],\"inLanguage\":\"sq\"},{\"@type\":\"Organization\",\"@id\":\"https:\/\/hitech.al\/#organization\",\"name\":\"HiTech Media\",\"url\":\"https:\/\/hitech.al\/\",\"logo\":{\"@type\":\"ImageObject\",\"inLanguage\":\"sq\",\"@id\":\"https:\/\/hitech.al\/#\/schema\/logo\/image\/\",\"url\":\"https:\/\/hitech.al\/wp-content\/uploads\/2023\/03\/HITech.png\",\"contentUrl\":\"https:\/\/hitech.al\/wp-content\/uploads\/2023\/03\/HITech.png\",\"width\":169,\"height\":40,\"caption\":\"HiTech Media\"},\"image\":{\"@id\":\"https:\/\/hitech.al\/#\/schema\/logo\/image\/\"}}]}<\/script>\n<!-- \/ Yoast SEO Premium plugin. -->","yoast_head_json":{"title":"Blog - HiTech Solutions","robots":{"index":"index","follow":"follow","max-snippet":"max-snippet:-1","max-image-preview":"max-image-preview:large","max-video-preview":"max-video-preview:-1"},"canonical":"https:\/\/hitech.al\/sq\/blog\/","og_locale":"sq_AL","og_type":"article","og_title":"Blog","og_description":"The HiTech Media Blog Our official blog with news, technology advice, and business culture.","og_url":"https:\/\/hitech.al\/sq\/blog\/","og_site_name":"HiTech Solutions","article_modified_time":"2025-11-10T19:50:16+00:00","twitter_card":"summary_large_image","twitter_misc":{"Est. reading time":"2 minuta"},"schema":{"@context":"https:\/\/schema.org","@graph":[{"@type":"WebPage","@id":"https:\/\/hitech.al\/blog\/","url":"https:\/\/hitech.al\/blog\/","name":"Blog - HiTech Solutions","isPartOf":{"@id":"https:\/\/hitech.al\/#website"},"datePublished":"2023-03-09T12:54:22+00:00","dateModified":"2025-11-10T19:50:16+00:00","breadcrumb":{"@id":"https:\/\/hitech.al\/blog\/#breadcrumb"},"inLanguage":"sq","potentialAction":[{"@type":"ReadAction","target":["https:\/\/hitech.al\/blog\/"]}]},{"@type":"BreadcrumbList","@id":"https:\/\/hitech.al\/blog\/#breadcrumb","itemListElement":[{"@type":"ListItem","position":1,"name":"Home","item":"https:\/\/hitech.al\/"},{"@type":"ListItem","position":2,"name":"Blog"}]},{"@type":"WebSite","@id":"https:\/\/hitech.al\/#website","url":"https:\/\/hitech.al\/","name":"Media HiTech","description":"Partneri Juaj Dixhital","publisher":{"@id":"https:\/\/hitech.al\/#organization"},"potentialAction":[{"@type":"SearchAction","target":{"@type":"EntryPoint","urlTemplate":"https:\/\/hitech.al\/?s={search_term_string}"},"query-input":{"@type":"PropertyValueSpecification","valueRequired":true,"valueName":"search_term_string"}}],"inLanguage":"sq"},{"@type":"Organization","@id":"https:\/\/hitech.al\/#organization","name":"Media HiTech","url":"https:\/\/hitech.al\/","logo":{"@type":"ImageObject","inLanguage":"sq","@id":"https:\/\/hitech.al\/#\/schema\/logo\/image\/","url":"https:\/\/hitech.al\/wp-content\/uploads\/2023\/03\/HITech.png","contentUrl":"https:\/\/hitech.al\/wp-content\/uploads\/2023\/03\/HITech.png","width":169,"height":40,"caption":"HiTech Media"},"image":{"@id":"https:\/\/hitech.al\/#\/schema\/logo\/image\/"}}]}},"jetpack_sharing_enabled":true,"_links":{"self":[{"href":"https:\/\/hitech.al\/sq\/wp-json\/wp\/v2\/pages\/93","targetHints":{"allow":["GET"]}}],"collection":[{"href":"https:\/\/hitech.al\/sq\/wp-json\/wp\/v2\/pages"}],"about":[{"href":"https:\/\/hitech.al\/sq\/wp-json\/wp\/v2\/types\/page"}],"author":[{"embeddable":true,"href":"https:\/\/hitech.al\/sq\/wp-json\/wp\/v2\/users\/1"}],"replies":[{"embeddable":true,"href":"https:\/\/hitech.al\/sq\/wp-json\/wp\/v2\/comments?post=93"}],"version-history":[{"count":0,"href":"https:\/\/hitech.al\/sq\/wp-json\/wp\/v2\/pages\/93\/revisions"}],"wp:attachment":[{"href":"https:\/\/hitech.al\/sq\/wp-json\/wp\/v2\/media?parent=93"}],"curies":[{"name":"wp","href":"https:\/\/api.w.org\/{rel}","templated":true}]}}