{"id":1646,"date":"2023-03-16T13:53:25","date_gmt":"2023-03-16T13:53:25","guid":{"rendered":"https:\/\/tecnologia.vamtam.com\/?page_id=1646"},"modified":"2025-08-12T15:28:36","modified_gmt":"2025-08-12T15:28:36","slug":"kushtet-dhe-rregullat","status":"publish","type":"page","link":"https:\/\/hitech.al\/sq\/kushtet-dhe-rregullat\/","title":{"rendered":"Kushtet dhe Rregullat"},"content":{"rendered":"<div data-elementor-type=\"wp-page\" data-elementor-id=\"1646\" class=\"elementor elementor-1646\" data-elementor-post-type=\"page\">\n\t\t\t\t\t\t<section class=\"elementor-section elementor-top-section elementor-element elementor-element-e37aa05 elementor-section-boxed elementor-section-height-default elementor-section-height-default\" data-id=\"e37aa05\" data-element_type=\"section\">\n\t\t\t\t\t\t<div class=\"elementor-container elementor-column-gap-default\">\n\t\t\t\t\t<div class=\"elementor-column elementor-col-100 elementor-top-column elementor-element elementor-element-8b3e74f\" data-id=\"8b3e74f\" data-element_type=\"column\">\n\t\t\t<div class=\"elementor-widget-wrap elementor-element-populated\">\n\t\t\t\t\t\t<div class=\"elementor-element elementor-element-80298dd animated-slow elementor-invisible elementor-widget elementor-widget-heading\" data-id=\"80298dd\" data-element_type=\"widget\" data-settings=\"{&quot;_animation&quot;:&quot;fadeIn&quot;,&quot;_animation_tablet&quot;:&quot;none&quot;}\" data-widget_type=\"heading.default\">\n\t\t\t\t<div class=\"elementor-widget-container\">\n\t\t\t\t\t<h1 class=\"elementor-heading-title elementor-size-default\">Kushtet dhe Rregullat <\/h1>\t\t\t\t<\/div>\n\t\t\t\t<\/div>\n\t\t\t\t<div class=\"elementor-element elementor-element-76d638f animated-slow elementor-invisible elementor-widget elementor-widget-heading\" data-id=\"76d638f\" data-element_type=\"widget\" data-settings=\"{&quot;_animation&quot;:&quot;fadeIn&quot;,&quot;_animation_tablet&quot;:&quot;none&quot;,&quot;_animation_delay&quot;:300}\" data-widget_type=\"heading.default\">\n\t\t\t\t<div class=\"elementor-widget-container\">\n\t\t\t\t\t<p class=\"elementor-heading-title elementor-size-default\">p\u00ebr HiTech Media<\/p>\t\t\t\t<\/div>\n\t\t\t\t<\/div>\n\t\t\t\t<div class=\"elementor-element elementor-element-fed2f21 elementor-widget elementor-widget-spacer\" data-id=\"fed2f21\" data-element_type=\"widget\" data-widget_type=\"spacer.default\">\n\t\t\t\t<div class=\"elementor-widget-container\">\n\t\t\t\t\t\t\t<div class=\"elementor-spacer\">\n\t\t\t<div class=\"elementor-spacer-inner\"><\/div>\n\t\t<\/div>\n\t\t\t\t\t\t<\/div>\n\t\t\t\t<\/div>\n\t\t\t\t\t<\/div>\n\t\t<\/div>\n\t\t\t\t\t<\/div>\n\t\t<\/section>\n\t\t\t\t<section class=\"elementor-section elementor-top-section elementor-element elementor-element-3d75cf2 elementor-section-boxed elementor-section-height-default elementor-section-height-default\" data-id=\"3d75cf2\" data-element_type=\"section\">\n\t\t\t\t\t\t<div class=\"elementor-container elementor-column-gap-no\">\n\t\t\t\t\t<div class=\"elementor-column elementor-col-100 elementor-top-column elementor-element elementor-element-2636055\" data-id=\"2636055\" data-element_type=\"column\">\n\t\t\t<div class=\"elementor-widget-wrap elementor-element-populated\">\n\t\t\t\t\t\t<div class=\"elementor-element elementor-element-88f39b2 elementor-widget elementor-widget-heading\" data-id=\"88f39b2\" data-element_type=\"widget\" data-widget_type=\"heading.default\">\n\t\t\t\t<div class=\"elementor-widget-container\">\n\t\t\t\t\t<h3 class=\"elementor-heading-title elementor-size-default\">Kush jemi ne<\/h3>\t\t\t\t<\/div>\n\t\t\t\t<\/div>\n\t\t\t\t<div class=\"elementor-element elementor-element-587737e elementor-widget elementor-widget-text-editor\" data-id=\"587737e\" data-element_type=\"widget\" data-widget_type=\"text-editor.default\">\n\t\t\t\t<div class=\"elementor-widget-container\">\n\t\t\t\t\t\t\t\t\t<p>Tekst i sugjeruar: Adresa e faqes son\u00eb t\u00eb internetit \u00ebsht\u00eb: https:\/\/hitech.al<\/p>\t\t\t\t\t\t\t\t<\/div>\n\t\t\t\t<\/div>\n\t\t\t\t<div class=\"elementor-element elementor-element-3d56e7d elementor-widget elementor-widget-heading\" data-id=\"3d56e7d\" data-element_type=\"widget\" data-widget_type=\"heading.default\">\n\t\t\t\t<div class=\"elementor-widget-container\">\n\t\t\t\t\t<h3 class=\"elementor-heading-title elementor-size-default\">Komente<\/h3>\t\t\t\t<\/div>\n\t\t\t\t<\/div>\n\t\t\t\t<div class=\"elementor-element elementor-element-ade2499 elementor-widget elementor-widget-text-editor\" data-id=\"ade2499\" data-element_type=\"widget\" data-widget_type=\"text-editor.default\">\n\t\t\t\t<div class=\"elementor-widget-container\">\n\t\t\t\t\t\t\t\t\t<p>Tekst i sugjeruar: Kur vizitor\u00ebt l\u00ebn\u00eb komente n\u00eb faqe, ne mbledhim t\u00eb dh\u00ebnat e paraqitura n\u00eb formularin e komenteve, si dhe adres\u00ebn IP t\u00eb vizitorit dhe vargun e agjentit t\u00eb p\u00ebrdoruesit t\u00eb shfletuesit p\u00ebr t\u00eb ndihmuar n\u00eb zbulimin e spamit. Nj\u00eb varg i anonimizuar i krijuar nga adresa juaj e emailit (i quajtur edhe hash) mund t&#039;i ofrohet sh\u00ebrbimit Gravatar p\u00ebr t\u00eb par\u00eb n\u00ebse po e p\u00ebrdorni at\u00eb. Politika e privat\u00ebsis\u00eb s\u00eb sh\u00ebrbimit Gravatar \u00ebsht\u00eb e disponueshme k\u00ebtu: <a href=\"https:\/\/automattic.com\/privacy\/.\">https:\/\/automattic.com\/privacy\/. <\/a>Pas miratimit t\u00eb komentit tuaj, fotografia e profilit tuaj \u00ebsht\u00eb e dukshme p\u00ebr publikun n\u00eb kontekstin e komentit tuaj.<\/p>\t\t\t\t\t\t\t\t<\/div>\n\t\t\t\t<\/div>\n\t\t\t\t<div class=\"elementor-element elementor-element-4fb569b elementor-widget elementor-widget-heading\" data-id=\"4fb569b\" data-element_type=\"widget\" data-widget_type=\"heading.default\">\n\t\t\t\t<div class=\"elementor-widget-container\">\n\t\t\t\t\t<h3 class=\"elementor-heading-title elementor-size-default\">Media<\/h3>\t\t\t\t<\/div>\n\t\t\t\t<\/div>\n\t\t\t\t<div class=\"elementor-element elementor-element-54805d6 elementor-widget elementor-widget-text-editor\" data-id=\"54805d6\" data-element_type=\"widget\" data-widget_type=\"text-editor.default\">\n\t\t\t\t<div class=\"elementor-widget-container\">\n\t\t\t\t\t\t\t\t\tTekst i sugjeruar: N\u00ebse ngarkoni imazhe n\u00eb faqen e internetit, duhet t\u00eb shmangni ngarkimin e imazheve me t\u00eb dh\u00ebna t\u00eb vendndodhjes s\u00eb integruara (EXIF GPS). Vizitor\u00ebt e faqes s\u00eb internetit mund t\u00eb shkarkojn\u00eb dhe nxjerrin \u00e7do t\u00eb dh\u00ebn\u00eb vendndodhjeje nga imazhet n\u00eb faqen e internetit.\t\t\t\t\t\t\t\t<\/div>\n\t\t\t\t<\/div>\n\t\t\t\t<div class=\"elementor-element elementor-element-1e72e60 elementor-widget elementor-widget-heading\" data-id=\"1e72e60\" data-element_type=\"widget\" data-widget_type=\"heading.default\">\n\t\t\t\t<div class=\"elementor-widget-container\">\n\t\t\t\t\t<h3 class=\"elementor-heading-title elementor-size-default\">Kukit\u00eb<\/h3>\t\t\t\t<\/div>\n\t\t\t\t<\/div>\n\t\t\t\t<div class=\"elementor-element elementor-element-8e99d78 elementor-widget elementor-widget-text-editor\" data-id=\"8e99d78\" data-element_type=\"widget\" data-widget_type=\"text-editor.default\">\n\t\t\t\t<div class=\"elementor-widget-container\">\n\t\t\t\t\t\t\t\t\t<p>Tekst i sugjeruar: N\u00ebse lini nj\u00eb koment n\u00eb faqen ton\u00eb t\u00eb internetit, mund t\u00eb zgjidhni t\u00eb ruani emrin, adres\u00ebn e email-it dhe faqen e internetit n\u00eb cookie. K\u00ebto jan\u00eb p\u00ebr leht\u00ebsin\u00eb tuaj, n\u00eb m\u00ebnyr\u00eb q\u00eb t\u00eb mos keni nevoj\u00eb t\u00eb plot\u00ebsoni p\u00ebrs\u00ebri t\u00eb dh\u00ebnat tuaja kur t\u00eb lini nj\u00eb koment tjet\u00ebr. K\u00ebto cookie do t\u00eb zgjasin p\u00ebr nj\u00eb vit.<\/p>\n<p>N\u00ebse vizitoni faqen ton\u00eb t\u00eb hyrjes, ne do t\u00eb vendosim nj\u00eb cookie t\u00eb p\u00ebrkohsh\u00ebm p\u00ebr t\u00eb p\u00ebrcaktuar n\u00ebse shfletuesi juaj pranon cookie-t. Ky cookie nuk p\u00ebrmban t\u00eb dh\u00ebna personale dhe fshihet kur mbyllni shfletuesin tuaj. Kur t\u00eb hyni, ne gjithashtu do t\u00eb vendosim disa cookie p\u00ebr t\u00eb ruajtur informacionin tuaj t\u00eb hyrjes dhe zgjedhjet tuaja t\u00eb shfaqjes s\u00eb ekranit. Cookie-t e hyrjes zgjasin p\u00ebr dy dit\u00eb, dhe cookie-t e opsioneve t\u00eb ekranit zgjasin p\u00ebr nj\u00eb vit. N\u00ebse zgjidhni &quot;M\u00eb mbaj mend&quot;, hyrja juaj do t\u00eb vazhdoj\u00eb p\u00ebr dy jav\u00eb.<\/p>\n<p>N\u00ebse dilni nga llogaria juaj, cookie-t e hyrjes do t\u00eb hiqen.<\/p>\n<p>N\u00ebse redaktoni ose publikoni nj\u00eb artikull, nj\u00eb cookie shtes\u00eb do t\u00eb ruhet n\u00eb shfletuesin tuaj. Ky cookie nuk p\u00ebrfshin t\u00eb dh\u00ebna personale dhe thjesht tregon ID-n\u00eb e postimit t\u00eb artikullit q\u00eb sapo redaktuat. Ai skadon pas 1 dite.<\/p>\t\t\t\t\t\t\t\t<\/div>\n\t\t\t\t<\/div>\n\t\t\t\t<div class=\"elementor-element elementor-element-e9ece0f elementor-widget elementor-widget-heading\" data-id=\"e9ece0f\" data-element_type=\"widget\" data-widget_type=\"heading.default\">\n\t\t\t\t<div class=\"elementor-widget-container\">\n\t\t\t\t\t<h3 class=\"elementor-heading-title elementor-size-default\">P\u00ebrmbajtje e integruar nga faqet e tjera t\u00eb internetit<\/h3>\t\t\t\t<\/div>\n\t\t\t\t<\/div>\n\t\t\t\t<div class=\"elementor-element elementor-element-0aed36d elementor-widget elementor-widget-text-editor\" data-id=\"0aed36d\" data-element_type=\"widget\" data-widget_type=\"text-editor.default\">\n\t\t\t\t<div class=\"elementor-widget-container\">\n\t\t\t\t\t\t\t\t\t<p>Tekst i sugjeruar: Artikujt n\u00eb k\u00ebt\u00eb faqe mund t\u00eb p\u00ebrfshijn\u00eb p\u00ebrmbajtje t\u00eb integruar (p.sh. video, imazhe, artikuj, etj.). P\u00ebrmbajtja e integruar nga faqet e tjera t\u00eb internetit sillet n\u00eb t\u00eb nj\u00ebjt\u00ebn m\u00ebnyr\u00eb sikur vizitori t\u00eb ket\u00eb vizituar faqen tjet\u00ebr t\u00eb internetit.<\/p>\n<p>K\u00ebto faqe interneti mund t\u00eb mbledhin t\u00eb dh\u00ebna rreth jush, t\u00eb p\u00ebrdorin cookie-t, t\u00eb p\u00ebrfshijn\u00eb gjurmim shtes\u00eb nga pal\u00eb t\u00eb treta dhe t\u00eb monitorojn\u00eb nd\u00ebrveprimin tuaj me at\u00eb p\u00ebrmbajtje t\u00eb integruar, duke p\u00ebrfshir\u00eb gjurmimin e nd\u00ebrveprimit tuaj me p\u00ebrmbajtjen e integruar n\u00ebse keni nj\u00eb llogari dhe jeni t\u00eb ky\u00e7ur n\u00eb at\u00eb faqe interneti.<\/p>\t\t\t\t\t\t\t\t<\/div>\n\t\t\t\t<\/div>\n\t\t\t\t<div class=\"elementor-element elementor-element-b24e80a elementor-widget elementor-widget-heading\" data-id=\"b24e80a\" data-element_type=\"widget\" data-widget_type=\"heading.default\">\n\t\t\t\t<div class=\"elementor-widget-container\">\n\t\t\t\t\t<h3 class=\"elementor-heading-title elementor-size-default\">Me k\u00eb i ndajm\u00eb t\u00eb dh\u00ebnat tuaja<\/h3>\t\t\t\t<\/div>\n\t\t\t\t<\/div>\n\t\t\t\t<div class=\"elementor-element elementor-element-bd93ee0 elementor-widget elementor-widget-text-editor\" data-id=\"bd93ee0\" data-element_type=\"widget\" data-widget_type=\"text-editor.default\">\n\t\t\t\t<div class=\"elementor-widget-container\">\n\t\t\t\t\t\t\t\t\tTekst i sugjeruar: N\u00ebse k\u00ebrkoni nj\u00eb rivendosje t\u00eb fjal\u00ebkalimit, adresa juaj IP do t\u00eb p\u00ebrfshihet n\u00eb emailin e rivendosjes.\t\t\t\t\t\t\t\t<\/div>\n\t\t\t\t<\/div>\n\t\t\t\t<div class=\"elementor-element elementor-element-fd9dede elementor-widget elementor-widget-heading\" data-id=\"fd9dede\" data-element_type=\"widget\" data-widget_type=\"heading.default\">\n\t\t\t\t<div class=\"elementor-widget-container\">\n\t\t\t\t\t<h3 class=\"elementor-heading-title elementor-size-default\">P\u00ebr sa koh\u00eb i ruajm\u00eb t\u00eb dh\u00ebnat tuaja<\/h3>\t\t\t\t<\/div>\n\t\t\t\t<\/div>\n\t\t\t\t<div class=\"elementor-element elementor-element-e67c2b4 elementor-widget elementor-widget-text-editor\" data-id=\"e67c2b4\" data-element_type=\"widget\" data-widget_type=\"text-editor.default\">\n\t\t\t\t<div class=\"elementor-widget-container\">\n\t\t\t\t\t\t\t\t\t<p>Tekst i sugjeruar: N\u00ebse lini nj\u00eb koment, komenti dhe meta t\u00eb dh\u00ebnat e tij ruhen p\u00ebr nj\u00eb koh\u00eb t\u00eb pacaktuar. Kjo b\u00ebhet n\u00eb m\u00ebnyr\u00eb q\u00eb t\u00eb njohim dhe miratojm\u00eb automatikisht \u00e7do koment pasues n\u00eb vend q\u00eb t&#039;i mbajm\u00eb ato n\u00eb nj\u00eb radh\u00eb moderimi.<\/p>\n<p>P\u00ebr p\u00ebrdoruesit q\u00eb regjistrohen n\u00eb faqen ton\u00eb t\u00eb internetit (n\u00ebse ka), ne gjithashtu ruajm\u00eb informacionin personal q\u00eb ata japin n\u00eb profilin e tyre t\u00eb p\u00ebrdoruesit. T\u00eb gjith\u00eb p\u00ebrdoruesit mund t\u00eb shohin, modifikojn\u00eb ose fshijn\u00eb informacionin e tyre personal n\u00eb \u00e7do koh\u00eb (p\u00ebrve\u00e7se ata nuk mund t\u00eb ndryshojn\u00eb emrin e p\u00ebrdoruesit). Administrator\u00ebt e faqes s\u00eb internetit gjithashtu mund ta shohin dhe modifikojn\u00eb at\u00eb informacion.<\/p>\t\t\t\t\t\t\t\t<\/div>\n\t\t\t\t<\/div>\n\t\t\t\t<div class=\"elementor-element elementor-element-37ba5a5 elementor-widget elementor-widget-heading\" data-id=\"37ba5a5\" data-element_type=\"widget\" data-widget_type=\"heading.default\">\n\t\t\t\t<div class=\"elementor-widget-container\">\n\t\t\t\t\t<h3 class=\"elementor-heading-title elementor-size-default\">\u00c7far\u00eb t\u00eb drejtash keni mbi t\u00eb dh\u00ebnat tuaja<\/h3>\t\t\t\t<\/div>\n\t\t\t\t<\/div>\n\t\t\t\t<div class=\"elementor-element elementor-element-0ed375b elementor-widget elementor-widget-text-editor\" data-id=\"0ed375b\" data-element_type=\"widget\" data-widget_type=\"text-editor.default\">\n\t\t\t\t<div class=\"elementor-widget-container\">\n\t\t\t\t\t\t\t\t\tTekst i sugjeruar: N\u00ebse keni nj\u00eb llogari n\u00eb k\u00ebt\u00eb faqe interneti ose keni l\u00ebn\u00eb komente, mund t\u00eb k\u00ebrkoni t\u00eb merrni nj\u00eb skedar t\u00eb eksportuar t\u00eb t\u00eb dh\u00ebnave personale q\u00eb mbajm\u00eb p\u00ebr ju, duke p\u00ebrfshir\u00eb \u00e7do t\u00eb dh\u00ebn\u00eb q\u00eb na keni dh\u00ebn\u00eb. Gjithashtu mund t\u00eb k\u00ebrkoni q\u00eb t\u00eb fshijm\u00eb \u00e7do t\u00eb dh\u00ebn\u00eb personale q\u00eb mbajm\u00eb p\u00ebr ju. Kjo nuk p\u00ebrfshin asnj\u00eb t\u00eb dh\u00ebn\u00eb q\u00eb jemi t\u00eb detyruar t\u00eb ruajm\u00eb p\u00ebr q\u00ebllime administrative, ligjore ose sigurie.\t\t\t\t\t\t\t\t<\/div>\n\t\t\t\t<\/div>\n\t\t\t\t<div class=\"elementor-element elementor-element-42dbb4f elementor-widget elementor-widget-heading\" data-id=\"42dbb4f\" data-element_type=\"widget\" data-widget_type=\"heading.default\">\n\t\t\t\t<div class=\"elementor-widget-container\">\n\t\t\t\t\t<h3 class=\"elementor-heading-title elementor-size-default\">Ku d\u00ebrgohen t\u00eb dh\u00ebnat tuaja<\/h3>\t\t\t\t<\/div>\n\t\t\t\t<\/div>\n\t\t\t\t<div class=\"elementor-element elementor-element-edce6d4 elementor-widget elementor-widget-text-editor\" data-id=\"edce6d4\" data-element_type=\"widget\" data-widget_type=\"text-editor.default\">\n\t\t\t\t<div class=\"elementor-widget-container\">\n\t\t\t\t\t\t\t\t\tTekst i sugjeruar: Komentet e vizitor\u00ebve mund t\u00eb kontrollohen p\u00ebrmes nj\u00eb sh\u00ebrbimi automatik t\u00eb zbulimit t\u00eb spamit.\t\t\t\t\t\t\t\t<\/div>\n\t\t\t\t<\/div>\n\t\t\t\t\t<\/div>\n\t\t<\/div>\n\t\t\t\t\t<\/div>\n\t\t<\/section>\n\t\t\t\t<\/div>","protected":false},"excerpt":{"rendered":"<p>Kushtet dhe Rregullat p\u00ebr HiTech Media Kush jemi ne Teksti i sugjeruar: Adresa e faqes son\u00eb t\u00eb internetit \u00ebsht\u00eb: https:\/\/hitech.al Komente Teksti i sugjeruar: Kur vizitor\u00ebt l\u00ebn\u00eb komente n\u00eb faqe, ne mbledhim t\u00eb dh\u00ebnat e paraqitura n\u00eb formularin e komenteve, si dhe adres\u00ebn IP t\u00eb vizitorit dhe vargun e agjentit t\u00eb p\u00ebrdoruesit t\u00eb shfletuesit p\u00ebr t\u00eb ndihmuar n\u00eb zbulimin e spamit. Nj\u00eb varg i anonimizuar i krijuar nga\u2026<\/p>","protected":false},"author":1,"featured_media":0,"parent":0,"menu_order":0,"comment_status":"closed","ping_status":"closed","template":"","meta":{"footnotes":""},"class_list":["post-1646","page","type-page","status-publish","hentry"],"yoast_head":"<!-- This site is optimized with the Yoast SEO Premium plugin v26.7 (Yoast SEO v26.7) - https:\/\/yoast.com\/wordpress\/plugins\/seo\/ -->\n<title>Terms &amp; Conditions - HiTech Solutions<\/title>\n<meta name=\"robots\" content=\"index, follow, max-snippet:-1, max-image-preview:large, max-video-preview:-1\" \/>\n<link rel=\"canonical\" href=\"https:\/\/hitech.al\/sq\/kushtet-dhe-rregullat\/\" \/>\n<meta property=\"og:locale\" content=\"sq_AL\" \/>\n<meta property=\"og:type\" content=\"article\" \/>\n<meta property=\"og:title\" content=\"Terms &amp; Conditions\" \/>\n<meta property=\"og:description\" content=\"Terms &amp; Conditions for HiTech Media Who we are Suggested text: Our website address is: https:\/\/hitech.al Comments Suggested text: When visitors leave comments on the site we collect the data shown in the comments form, and also the visitor\u2019s IP address and browser user agent string to help spam detection. An anonymized string created from...\" \/>\n<meta property=\"og:url\" content=\"https:\/\/hitech.al\/sq\/kushtet-dhe-rregullat\/\" \/>\n<meta property=\"og:site_name\" content=\"HiTech Solutions\" \/>\n<meta property=\"article:modified_time\" content=\"2025-08-12T15:28:36+00:00\" \/>\n<meta name=\"twitter:card\" content=\"summary_large_image\" \/>\n<meta name=\"twitter:label1\" content=\"Est. reading time\" \/>\n\t<meta name=\"twitter:data1\" content=\"3 minuta\" \/>\n<script type=\"application\/ld+json\" class=\"yoast-schema-graph\">{\"@context\":\"https:\/\/schema.org\",\"@graph\":[{\"@type\":\"WebPage\",\"@id\":\"https:\/\/hitech.al\/terms-conditions\/\",\"url\":\"https:\/\/hitech.al\/terms-conditions\/\",\"name\":\"Terms &amp; Conditions - HiTech Solutions\",\"isPartOf\":{\"@id\":\"https:\/\/hitech.al\/#website\"},\"datePublished\":\"2023-03-16T13:53:25+00:00\",\"dateModified\":\"2025-08-12T15:28:36+00:00\",\"breadcrumb\":{\"@id\":\"https:\/\/hitech.al\/terms-conditions\/#breadcrumb\"},\"inLanguage\":\"sq\",\"potentialAction\":[{\"@type\":\"ReadAction\",\"target\":[\"https:\/\/hitech.al\/terms-conditions\/\"]}]},{\"@type\":\"BreadcrumbList\",\"@id\":\"https:\/\/hitech.al\/terms-conditions\/#breadcrumb\",\"itemListElement\":[{\"@type\":\"ListItem\",\"position\":1,\"name\":\"Home\",\"item\":\"https:\/\/hitech.al\/\"},{\"@type\":\"ListItem\",\"position\":2,\"name\":\"Terms &amp; Conditions\"}]},{\"@type\":\"WebSite\",\"@id\":\"https:\/\/hitech.al\/#website\",\"url\":\"https:\/\/hitech.al\/\",\"name\":\"HiTech Media\",\"description\":\"Your Digital Partner\",\"publisher\":{\"@id\":\"https:\/\/hitech.al\/#organization\"},\"potentialAction\":[{\"@type\":\"SearchAction\",\"target\":{\"@type\":\"EntryPoint\",\"urlTemplate\":\"https:\/\/hitech.al\/?s={search_term_string}\"},\"query-input\":{\"@type\":\"PropertyValueSpecification\",\"valueRequired\":true,\"valueName\":\"search_term_string\"}}],\"inLanguage\":\"sq\"},{\"@type\":\"Organization\",\"@id\":\"https:\/\/hitech.al\/#organization\",\"name\":\"HiTech Media\",\"url\":\"https:\/\/hitech.al\/\",\"logo\":{\"@type\":\"ImageObject\",\"inLanguage\":\"sq\",\"@id\":\"https:\/\/hitech.al\/#\/schema\/logo\/image\/\",\"url\":\"https:\/\/hitech.al\/wp-content\/uploads\/2023\/03\/HITech.png\",\"contentUrl\":\"https:\/\/hitech.al\/wp-content\/uploads\/2023\/03\/HITech.png\",\"width\":169,\"height\":40,\"caption\":\"HiTech Media\"},\"image\":{\"@id\":\"https:\/\/hitech.al\/#\/schema\/logo\/image\/\"}}]}<\/script>\n<!-- \/ Yoast SEO Premium plugin. -->","yoast_head_json":{"title":"Kushtet dhe Rregullat - HiTech Solutions","robots":{"index":"index","follow":"follow","max-snippet":"max-snippet:-1","max-image-preview":"max-image-preview:large","max-video-preview":"max-video-preview:-1"},"canonical":"https:\/\/hitech.al\/sq\/kushtet-dhe-rregullat\/","og_locale":"sq_AL","og_type":"article","og_title":"Terms &amp; Conditions","og_description":"Terms &amp; Conditions for HiTech Media Who we are Suggested text: Our website address is: https:\/\/hitech.al Comments Suggested text: When visitors leave comments on the site we collect the data shown in the comments form, and also the visitor\u2019s IP address and browser user agent string to help spam detection. An anonymized string created from...","og_url":"https:\/\/hitech.al\/sq\/kushtet-dhe-rregullat\/","og_site_name":"HiTech Solutions","article_modified_time":"2025-08-12T15:28:36+00:00","twitter_card":"summary_large_image","twitter_misc":{"Est. reading time":"3 minuta"},"schema":{"@context":"https:\/\/schema.org","@graph":[{"@type":"WebPage","@id":"https:\/\/hitech.al\/terms-conditions\/","url":"https:\/\/hitech.al\/terms-conditions\/","name":"Kushtet dhe Rregullat - HiTech Solutions","isPartOf":{"@id":"https:\/\/hitech.al\/#website"},"datePublished":"2023-03-16T13:53:25+00:00","dateModified":"2025-08-12T15:28:36+00:00","breadcrumb":{"@id":"https:\/\/hitech.al\/terms-conditions\/#breadcrumb"},"inLanguage":"sq","potentialAction":[{"@type":"ReadAction","target":["https:\/\/hitech.al\/terms-conditions\/"]}]},{"@type":"BreadcrumbList","@id":"https:\/\/hitech.al\/terms-conditions\/#breadcrumb","itemListElement":[{"@type":"ListItem","position":1,"name":"Home","item":"https:\/\/hitech.al\/"},{"@type":"ListItem","position":2,"name":"Terms &amp; Conditions"}]},{"@type":"WebSite","@id":"https:\/\/hitech.al\/#website","url":"https:\/\/hitech.al\/","name":"Media HiTech","description":"Partneri Juaj Dixhital","publisher":{"@id":"https:\/\/hitech.al\/#organization"},"potentialAction":[{"@type":"SearchAction","target":{"@type":"EntryPoint","urlTemplate":"https:\/\/hitech.al\/?s={search_term_string}"},"query-input":{"@type":"PropertyValueSpecification","valueRequired":true,"valueName":"search_term_string"}}],"inLanguage":"sq"},{"@type":"Organization","@id":"https:\/\/hitech.al\/#organization","name":"Media HiTech","url":"https:\/\/hitech.al\/","logo":{"@type":"ImageObject","inLanguage":"sq","@id":"https:\/\/hitech.al\/#\/schema\/logo\/image\/","url":"https:\/\/hitech.al\/wp-content\/uploads\/2023\/03\/HITech.png","contentUrl":"https:\/\/hitech.al\/wp-content\/uploads\/2023\/03\/HITech.png","width":169,"height":40,"caption":"HiTech Media"},"image":{"@id":"https:\/\/hitech.al\/#\/schema\/logo\/image\/"}}]}},"jetpack_sharing_enabled":true,"_links":{"self":[{"href":"https:\/\/hitech.al\/sq\/wp-json\/wp\/v2\/pages\/1646","targetHints":{"allow":["GET"]}}],"collection":[{"href":"https:\/\/hitech.al\/sq\/wp-json\/wp\/v2\/pages"}],"about":[{"href":"https:\/\/hitech.al\/sq\/wp-json\/wp\/v2\/types\/page"}],"author":[{"embeddable":true,"href":"https:\/\/hitech.al\/sq\/wp-json\/wp\/v2\/users\/1"}],"replies":[{"embeddable":true,"href":"https:\/\/hitech.al\/sq\/wp-json\/wp\/v2\/comments?post=1646"}],"version-history":[{"count":0,"href":"https:\/\/hitech.al\/sq\/wp-json\/wp\/v2\/pages\/1646\/revisions"}],"wp:attachment":[{"href":"https:\/\/hitech.al\/sq\/wp-json\/wp\/v2\/media?parent=1646"}],"curies":[{"name":"wp","href":"https:\/\/api.w.org\/{rel}","templated":true}]}}