{"id":1314,"date":"2023-03-14T14:21:56","date_gmt":"2023-03-14T14:21:56","guid":{"rendered":"https:\/\/tecnologia.vamtam.com\/?page_id=1314"},"modified":"2025-08-12T14:26:17","modified_gmt":"2025-08-12T14:26:17","slug":"faqe","status":"publish","type":"page","link":"https:\/\/hitech.al\/sq\/faqe\/","title":{"rendered":"Pyetje t\u00eb shpeshta"},"content":{"rendered":"<div data-elementor-type=\"wp-page\" data-elementor-id=\"1314\" class=\"elementor elementor-1314\" data-elementor-post-type=\"page\">\n\t\t\t\t\t\t<section class=\"elementor-section elementor-top-section elementor-element elementor-element-a668bb8 elementor-section-boxed elementor-section-height-default elementor-section-height-default\" data-id=\"a668bb8\" data-element_type=\"section\">\n\t\t\t\t\t\t<div class=\"elementor-container elementor-column-gap-default\">\n\t\t\t\t\t<div class=\"elementor-column elementor-col-100 elementor-top-column elementor-element elementor-element-4410990\" data-id=\"4410990\" data-element_type=\"column\">\n\t\t\t<div class=\"elementor-widget-wrap elementor-element-populated\">\n\t\t\t\t\t\t<div class=\"elementor-element elementor-element-09e697d animated-slow elementor-invisible elementor-widget elementor-widget-heading\" data-id=\"09e697d\" data-element_type=\"widget\" data-settings=\"{&quot;_animation&quot;:&quot;fadeIn&quot;,&quot;_animation_tablet&quot;:&quot;none&quot;}\" data-widget_type=\"heading.default\">\n\t\t\t\t<div class=\"elementor-widget-container\">\n\t\t\t\t\t<h1 class=\"elementor-heading-title elementor-size-default\">Pyetje t\u00eb Shpeshta<\/h1>\t\t\t\t<\/div>\n\t\t\t\t<\/div>\n\t\t\t\t<div class=\"elementor-element elementor-element-6740fe5 elementor-widget elementor-widget-spacer\" data-id=\"6740fe5\" data-element_type=\"widget\" data-widget_type=\"spacer.default\">\n\t\t\t\t<div class=\"elementor-widget-container\">\n\t\t\t\t\t\t\t<div class=\"elementor-spacer\">\n\t\t\t<div class=\"elementor-spacer-inner\"><\/div>\n\t\t<\/div>\n\t\t\t\t\t\t<\/div>\n\t\t\t\t<\/div>\n\t\t\t\t\t<\/div>\n\t\t<\/div>\n\t\t\t\t\t<\/div>\n\t\t<\/section>\n\t\t\t\t<section class=\"elementor-section elementor-top-section elementor-element elementor-element-d87787f elementor-section-boxed elementor-section-height-default elementor-section-height-default\" data-id=\"d87787f\" data-element_type=\"section\">\n\t\t\t\t\t\t<div class=\"elementor-container elementor-column-gap-no\">\n\t\t\t\t\t<div class=\"elementor-column elementor-col-100 elementor-top-column elementor-element elementor-element-aadef22\" data-id=\"aadef22\" data-element_type=\"column\" data-settings=\"{&quot;background_background&quot;:&quot;classic&quot;}\">\n\t\t\t<div class=\"elementor-widget-wrap elementor-element-populated\">\n\t\t\t\t\t\t<div class=\"vamtam-has-theme-widget-styles elementor-element elementor-element-124be31 elementor-widget elementor-widget-toggle\" data-id=\"124be31\" data-element_type=\"widget\" data-widget_type=\"toggle.default\">\n\t\t\t\t<div class=\"elementor-widget-container\">\n\t\t\t\t\t\t\t<div class=\"elementor-toggle\">\n\t\t\t\t\t\t\t<div class=\"elementor-toggle-item\">\n\t\t\t\t\t<h3 id=\"elementor-tab-title-1911\" class=\"elementor-tab-title\" data-tab=\"1\" role=\"button\" aria-controls=\"elementor-tab-content-1911\" aria-expanded=\"false\">\n\t\t\t\t\t\t\t\t\t\t\t\t<span class=\"elementor-toggle-icon elementor-toggle-icon-right\" aria-hidden=\"true\">\n\t\t\t\t\t\t\t\t\t\t\t\t\t\t\t<span class=\"elementor-toggle-icon-closed\"><i class=\"vamtamtheme- vamtam-theme-plus\"><\/i><\/span>\n\t\t\t\t\t\t\t\t<span class=\"elementor-toggle-icon-opened\"><i class=\"elementor-toggle-icon-opened vamtamtheme- vamtam-theme-minus\"><\/i><\/span>\n\t\t\t\t\t\t\t\t\t\t\t\t\t<\/span>\n\t\t\t\t\t\t\t\t\t\t\t\t<a class=\"elementor-toggle-title\" tabindex=\"0\">Cilat jan\u00eb dy sh\u00ebrbimet tuaja kryesore?<\/a>\n\t\t\t\t\t<\/h3>\n\n\t\t\t\t\t<div id=\"elementor-tab-content-1911\" class=\"elementor-tab-content elementor-clearfix\" data-tab=\"1\" role=\"region\" aria-labelledby=\"elementor-tab-title-1911\"><p data-start=\"92\" data-end=\"131\">Zhvillim i Menaxhuar Plot\u00ebsisht i Uebit \u2013 HiTech Media dizenjon, zhvillon, pret dhe mir\u00ebmban faqen tuaj t\u00eb internetit nga fillimi n\u00eb fund p\u00ebr nj\u00eb tarif\u00eb mujore fikse dhe t\u00eb parashikueshme, duke siguruar q\u00eb ajo t\u00eb mbetet e shpejt\u00eb, e sigurt dhe gjithmon\u00eb e azhurnuar.<\/p><p data-start=\"540\" data-end=\"586\">Zhvillim i Menaxhuar Plot\u00ebsisht i Aplikacioneve Mobile \u2013 HiTech Media nd\u00ebrton, p\u00ebrdit\u00ebson dhe mir\u00ebmban aplikacionet tuaja mobile p\u00ebr iOS dhe Android sipas nj\u00eb plani fiks mujor, duke ofruar performanc\u00eb, siguri dhe p\u00ebrputhshm\u00ebri optimale.<\/p><p data-start=\"132\" data-end=\"305\">\u00a0<\/p><p data-start=\"132\" data-end=\"305\">\u00a0<\/p><\/div>\n\t\t\t\t<\/div>\n\t\t\t\t\t\t\t<div class=\"elementor-toggle-item\">\n\t\t\t\t\t<h3 id=\"elementor-tab-title-1912\" class=\"elementor-tab-title\" data-tab=\"2\" role=\"button\" aria-controls=\"elementor-tab-content-1912\" aria-expanded=\"false\">\n\t\t\t\t\t\t\t\t\t\t\t\t<span class=\"elementor-toggle-icon elementor-toggle-icon-right\" aria-hidden=\"true\">\n\t\t\t\t\t\t\t\t\t\t\t\t\t\t\t<span class=\"elementor-toggle-icon-closed\"><i class=\"vamtamtheme- vamtam-theme-plus\"><\/i><\/span>\n\t\t\t\t\t\t\t\t<span class=\"elementor-toggle-icon-opened\"><i class=\"elementor-toggle-icon-opened vamtamtheme- vamtam-theme-minus\"><\/i><\/span>\n\t\t\t\t\t\t\t\t\t\t\t\t\t<\/span>\n\t\t\t\t\t\t\t\t\t\t\t\t<a class=\"elementor-toggle-title\" tabindex=\"0\">\u00c7far\u00eb sh\u00ebrbimesh t\u00eb tjera ofroni?<\/a>\n\t\t\t\t\t<\/h3>\n\n\t\t\t\t\t<div id=\"elementor-tab-content-1912\" class=\"elementor-tab-content elementor-clearfix\" data-tab=\"2\" role=\"region\" aria-labelledby=\"elementor-tab-title-1912\"><p><a class=\"elementor-item\" href=\"https:\/\/hitech.al\/sq\/zgjidhje\/zhvillimi-i-uebit\/\">Zhvillimi i Uebit<\/a><\/p><p><a class=\"elementor-item\" href=\"https:\/\/hitech.al\/sq\/zgjidhje\/zhvillimi-i-aplikacionit-mobil-2\/\">Zhvillimi i aplikacioneve mobile<\/a><\/p><p><a class=\"elementor-item\" href=\"https:\/\/hitech.al\/sq\/zgjidhje\/menaxhimi-i-mediave-sociale\/\">Menaxhimi i Mediave Sociale<\/a><\/p><p><a class=\"elementor-item\" href=\"https:\/\/hitech.al\/sq\/zgjidhje\/mikpritje-ne-internet\/\">Hosting Uebi<\/a><\/p><p><a class=\"elementor-item\" href=\"https:\/\/hitech.al\/sq\/zgjidhje\/konsulence-it\/\">Konsulenc\u00eb dhe K\u00ebshillim IT-je<\/a><\/p><p><a class=\"elementor-item\" href=\"https:\/\/hitech.al\/sq\/zgjidhje\/siguri-kibernetike\/\">Siguria Kibernetike<\/a><\/p><\/div>\n\t\t\t\t<\/div>\n\t\t\t\t\t\t\t<div class=\"elementor-toggle-item\">\n\t\t\t\t\t<h3 id=\"elementor-tab-title-1913\" class=\"elementor-tab-title\" data-tab=\"3\" role=\"button\" aria-controls=\"elementor-tab-content-1913\" aria-expanded=\"false\">\n\t\t\t\t\t\t\t\t\t\t\t\t<span class=\"elementor-toggle-icon elementor-toggle-icon-right\" aria-hidden=\"true\">\n\t\t\t\t\t\t\t\t\t\t\t\t\t\t\t<span class=\"elementor-toggle-icon-closed\"><i class=\"vamtamtheme- vamtam-theme-plus\"><\/i><\/span>\n\t\t\t\t\t\t\t\t<span class=\"elementor-toggle-icon-opened\"><i class=\"elementor-toggle-icon-opened vamtamtheme- vamtam-theme-minus\"><\/i><\/span>\n\t\t\t\t\t\t\t\t\t\t\t\t\t<\/span>\n\t\t\t\t\t\t\t\t\t\t\t\t<a class=\"elementor-toggle-title\" tabindex=\"0\">\u00c7far\u00eb problemesh biznesi zgjidhni?<\/a>\n\t\t\t\t\t<\/h3>\n\n\t\t\t\t\t<div id=\"elementor-tab-content-1913\" class=\"elementor-tab-content elementor-clearfix\" data-tab=\"3\" role=\"region\" aria-labelledby=\"elementor-tab-title-1913\"><p style=\"text-align: left;\">Duke udh\u00ebhequr me strategjin\u00eb e IT-s\u00eb dhe udh\u00ebzimet e pajtueshm\u00ebris\u00eb, HiTech Media plot\u00ebson dy boshll\u00ebqe t\u00eb m\u00ebdha n\u00eb industrin\u00eb e ofruesve t\u00eb IT-s\u00eb. Kjo ekspertiz\u00eb i ndihmon klient\u00ebt:<\/p><ul><li style=\"text-align: left;\">Kurseni koh\u00eb, para dhe rrisni fitimprur\u00ebsin\u00eb.<\/li><li style=\"text-align: left;\">Ulja e frustrimit t\u00eb punonj\u00ebsve dhe p\u00ebrmir\u00ebsimi i moralit t\u00eb ekipit.<\/li><li style=\"text-align: left;\">Forconi mbrojtjen kund\u00ebr shkeljeve t\u00eb t\u00eb dh\u00ebnave, sulmeve ransomware dhe ekspozimit ligjor.<\/li><li style=\"text-align: left;\">Rrezik m\u00eb i ul\u00ebt i siguris\u00eb kibernetike dhe pajtueshm\u00ebris\u00eb<\/li><\/ul><\/div>\n\t\t\t\t<\/div>\n\t\t\t\t\t\t\t<div class=\"elementor-toggle-item\">\n\t\t\t\t\t<h3 id=\"elementor-tab-title-1914\" class=\"elementor-tab-title\" data-tab=\"4\" role=\"button\" aria-controls=\"elementor-tab-content-1914\" aria-expanded=\"false\">\n\t\t\t\t\t\t\t\t\t\t\t\t<span class=\"elementor-toggle-icon elementor-toggle-icon-right\" aria-hidden=\"true\">\n\t\t\t\t\t\t\t\t\t\t\t\t\t\t\t<span class=\"elementor-toggle-icon-closed\"><i class=\"vamtamtheme- vamtam-theme-plus\"><\/i><\/span>\n\t\t\t\t\t\t\t\t<span class=\"elementor-toggle-icon-opened\"><i class=\"elementor-toggle-icon-opened vamtamtheme- vamtam-theme-minus\"><\/i><\/span>\n\t\t\t\t\t\t\t\t\t\t\t\t\t<\/span>\n\t\t\t\t\t\t\t\t\t\t\t\t<a class=\"elementor-toggle-title\" tabindex=\"0\">Cilat jan\u00eb sh\u00ebrbimet tuaja kryesore?<\/a>\n\t\t\t\t\t<\/h3>\n\n\t\t\t\t\t<div id=\"elementor-tab-content-1914\" class=\"elementor-tab-content elementor-clearfix\" data-tab=\"4\" role=\"region\" aria-labelledby=\"elementor-tab-title-1914\"><p>Sh\u00ebrbimet Baz\u00eb jan\u00eb burime themelore, fikse dhe baz\u00eb t\u00eb p\u00ebrfshira n\u00eb \u00e7do Marr\u00ebveshje t\u00eb Nivelit t\u00eb Sh\u00ebrbimit t\u00eb Menaxhuar Plot\u00ebsisht t\u00eb IT-s\u00eb.<\/p><ul><li>vCIO \u2013 Sh\u00ebrbime drejtimi strategjik, buxhetimi, planifikimi dhe konsulence me rishikime llogarish dhe udh\u00ebrr\u00ebfyes t\u00eb IT-s\u00eb p\u00ebr t\u00eb \u00e7uar p\u00ebrpara transformimin tuaj dixhital.<br \/>Konsierzh i Sh\u00ebrbimeve t\u00eb Menaxhuara \u2013 Pika juaj e kontaktit p\u00ebr t\u00eb gjitha detajet e llogaris\u00eb. Ky k\u00ebshilltar i besuar \u00ebsht\u00eb nd\u00ebrmjet\u00ebsi midis vCIO-s\u00eb tuaj dhe ekipit t\u00eb sh\u00ebrbimit, duke menaxhuar pyetjet n\u00eb lidhje me sh\u00ebrbimet e IT-s\u00eb, faturat dhe \u00e7do pjes\u00eb t\u00eb biznesit q\u00eb mund\u00ebson teknologjin\u00eb q\u00eb mb\u00ebshtet vendimmarrjen, bashk\u00ebpunimin, produktivitetin, pajtueshm\u00ebrin\u00eb, vazhdim\u00ebsin\u00eb e biznesit, sigurin\u00eb dhe efikasitetin.<\/li><li>Mjete p\u00ebr Menaxhimin e Klient\u00ebve \u2013 Automatizimi i Sh\u00ebrbimeve Profesionale, Biletat, CRM, Menaxhimi dhe Monitorimi n\u00eb Distanc\u00eb, Dokumentacioni, Komunikimi, Njoftimi dhe Privat\u00ebsia e t\u00eb Dh\u00ebnave.<\/li><li>Asistenc\u00eb Teknike p\u00ebr Furnizuesit \u2013 Ne bashk\u00ebveprojm\u00eb drejtp\u00ebrdrejt me furnitor\u00ebt e tjer\u00eb t\u00eb teknologjis\u00eb p\u00ebr ndreqjen e incidenteve, hapjen e tiketave, p\u00ebrshkall\u00ebzimin e k\u00ebrkesave ose pun\u00ebn p\u00ebr t\u00eb zgjidhur incidentet brenda mjedisit tuaj t\u00eb IT-s\u00eb.<\/li><li>Gjithashtu, ne do t&#039;u p\u00ebrgjigjemi pyetjeve themelore n\u00eb lidhje me mjedisin tuaj ose do t&#039;ju ofrojm\u00eb akses n\u00eb sistemet q\u00eb shit\u00ebsi ka k\u00ebrkuar kur miratohen nga klienti, si\u00e7 \u00ebsht\u00eb caktimi i adresave IP p\u00ebr nj\u00eb fotokopjues, nj\u00eb shit\u00ebs kamerash sigurie ose lejimi i trafikut t\u00eb rrjetit p\u00ebr sh\u00ebrbimin e nj\u00eb shit\u00ebsi.<\/li><li>Kjo ndihm\u00eb mbulon prodhuesit e pajisjeve, firmat e zhvillimit t\u00eb softuer\u00ebve, ofruesit e sh\u00ebrbimeve cloud, ofruesit e sh\u00ebrbimeve t\u00eb internetit (ISP), nd\u00ebrmjet\u00ebsit e telekomunikacionit, kompanit\u00eb e printer\u00ebve dhe fotokopjuesve, si dhe korrier\u00ebt lokal\u00eb.<\/li><li>Sh\u00ebrbimet e Prokurimit \u2013 Tecnologia furnizon produkte ekskluzivisht nga kanale t\u00eb autorizuara dhe rekomandon zgjidhje t\u00eb klasit biznesi. Ne gjithashtu identifikojm\u00eb opsionet e konfigurimit, sigurojm\u00eb regjistrimin e duhur, menaxhojm\u00eb licencimin dhe garancit\u00eb, dhe garantojm\u00eb q\u00eb t\u00eb gjitha produktet jan\u00eb origjinale.<br \/>Menaxhimi i Rrjetit \u2013 Monitorimi, Administrimi, Raportimi, Menaxhimi i Emrit t\u00eb Domenit dhe Certifikat\u00ebs SSL, Zgjidhja e Incidenteve n\u00eb Distanc\u00eb dhe Zgjidhja e Incidenteve n\u00eb Vend.<\/li><\/ul><p>N\u00ebse nj\u00eb klient ka m\u00eb shum\u00eb se nj\u00eb vendndodhje \u2013 me k\u00ebrkesa t\u00eb zgjeruara p\u00ebr Menaxhimin e Rrjetit dhe Ndihm\u00ebn Teknike t\u00eb Furnizuesit \u2013 do t\u00eb aplikohen tarifa shtes\u00eb p\u00ebr Sh\u00ebrbimet Baz\u00eb.<\/p><\/div>\n\t\t\t\t<\/div>\n\t\t\t\t\t\t\t<div class=\"elementor-toggle-item\">\n\t\t\t\t\t<h3 id=\"elementor-tab-title-1915\" class=\"elementor-tab-title\" data-tab=\"5\" role=\"button\" aria-controls=\"elementor-tab-content-1915\" aria-expanded=\"false\">\n\t\t\t\t\t\t\t\t\t\t\t\t<span class=\"elementor-toggle-icon elementor-toggle-icon-right\" aria-hidden=\"true\">\n\t\t\t\t\t\t\t\t\t\t\t\t\t\t\t<span class=\"elementor-toggle-icon-closed\"><i class=\"vamtamtheme- vamtam-theme-plus\"><\/i><\/span>\n\t\t\t\t\t\t\t\t<span class=\"elementor-toggle-icon-opened\"><i class=\"elementor-toggle-icon-opened vamtamtheme- vamtam-theme-minus\"><\/i><\/span>\n\t\t\t\t\t\t\t\t\t\t\t\t\t<\/span>\n\t\t\t\t\t\t\t\t\t\t\t\t<a class=\"elementor-toggle-title\" tabindex=\"0\">Si je ndryshe?<\/a>\n\t\t\t\t\t<\/h3>\n\n\t\t\t\t\t<div id=\"elementor-tab-content-1915\" class=\"elementor-tab-content elementor-clearfix\" data-tab=\"5\" role=\"region\" aria-labelledby=\"elementor-tab-title-1915\"><p>HiTech Media bashk\u00ebpunon n\u00eb m\u00ebnyr\u00eb selektive me organizata n\u00eb rritje q\u00eb p\u00eblqejn\u00eb t\u00eb zbatojn\u00eb strategjin\u00eb dhe buxhetet n\u00eb nj\u00eb proces t\u00eb provuar IT bazuar n\u00eb standarde dhe praktikat m\u00eb t\u00eb mira - p\u00ebr t\u00eb p\u00ebrmir\u00ebsuar performanc\u00ebn dhe p\u00ebr t\u00eb ulur rrezikun.<\/p><p>Tecnologia krijon dhe mir\u00ebmban sisteme IT t\u00eb fuqishme, t\u00eb qeta dhe t\u00eb sigurta duke angazhuar dhe k\u00ebshilluar n\u00eb m\u00ebnyr\u00eb aktive klient\u00ebt tan\u00eb n\u00eb Rishikime Strategjike t\u00eb Biznesit t\u00eb planifikuara rregullisht me nj\u00eb vCIO.<\/p><p>Shumica e lokacioneve t\u00eb Tecnologia i kufizojn\u00eb rekrutimet e klient\u00ebve t\u00eb rinj n\u00eb dy n\u00eb muaj. Kjo qasje na lejon t\u00eb vendosim kontrolle gjith\u00ebp\u00ebrfshir\u00ebse t\u00eb cil\u00ebsis\u00eb t\u00eb bazuara n\u00eb t\u00eb dh\u00ebna - n\u00eb fillim - t\u00eb cilat krijojn\u00eb nj\u00eb ndikim operativ n\u00eb rritje p\u00ebr klient\u00ebt tan\u00eb gjat\u00eb gjith\u00eb koh\u00ebzgjatjes s\u00eb marr\u00ebdh\u00ebnies.<\/p><\/div>\n\t\t\t\t<\/div>\n\t\t\t\t\t\t\t<div class=\"elementor-toggle-item\">\n\t\t\t\t\t<h3 id=\"elementor-tab-title-1916\" class=\"elementor-tab-title\" data-tab=\"6\" role=\"button\" aria-controls=\"elementor-tab-content-1916\" aria-expanded=\"false\">\n\t\t\t\t\t\t\t\t\t\t\t\t<span class=\"elementor-toggle-icon elementor-toggle-icon-right\" aria-hidden=\"true\">\n\t\t\t\t\t\t\t\t\t\t\t\t\t\t\t<span class=\"elementor-toggle-icon-closed\"><i class=\"vamtamtheme- vamtam-theme-plus\"><\/i><\/span>\n\t\t\t\t\t\t\t\t<span class=\"elementor-toggle-icon-opened\"><i class=\"elementor-toggle-icon-opened vamtamtheme- vamtam-theme-minus\"><\/i><\/span>\n\t\t\t\t\t\t\t\t\t\t\t\t\t<\/span>\n\t\t\t\t\t\t\t\t\t\t\t\t<a class=\"elementor-toggle-title\" tabindex=\"0\">Si e maksimizoni reagimin?<\/a>\n\t\t\t\t\t<\/h3>\n\n\t\t\t\t\t<div id=\"elementor-tab-content-1916\" class=\"elementor-tab-content elementor-clearfix\" data-tab=\"6\" role=\"region\" aria-labelledby=\"elementor-tab-title-1916\"><p>HiTech Media \u00ebsht\u00eb e dizajnuar n\u00eb m\u00ebnyr\u00eb q\u00eb t&#039;i p\u00ebrshtatet nevojave t\u00eb p\u00ebrdoruesit. Ne bashk\u00ebpunojm\u00eb me organizata q\u00eb e vler\u00ebsojn\u00eb vler\u00ebn e ndjekjes s\u00eb nj\u00eb qasjeje t\u00eb bazuar n\u00eb standarde p\u00ebr t\u00eb informuar arkitektur\u00ebn dhe menaxhimin e ciklit jet\u00ebsor t\u00eb sistemeve t\u00eb tyre t\u00eb IT-s\u00eb.<\/p><p>Ky harmonizim u lejon klient\u00ebve t\u00eb shijojn\u00eb teknologjin\u00eb e optimizimit t\u00eb biznesit q\u00eb nuk k\u00ebrkon nd\u00ebrhyrje t\u00eb vazhdueshme, reaktive dhe emergjente - k\u00ebshtu q\u00eb ata kan\u00eb m\u00eb shum\u00eb koh\u00eb p\u00ebr t&#039;u p\u00ebrqendruar n\u00eb rritjen e biznesit t\u00eb tyre.<\/p><p>Ne u japim p\u00ebrdoruesve akses t\u00eb drejtp\u00ebrdrejt\u00eb n\u00eb mb\u00ebshtetje, gj\u00eb q\u00eb eliminon pengesat dhe na lejon t\u00eb mbledhim t\u00eb dh\u00ebna dhe njohuri p\u00ebr t\u00eb identifikuar boshll\u00ebqet n\u00eb trajnim dhe p\u00ebr t\u00eb rekomanduar p\u00ebrmir\u00ebsime t\u00eb sistemit.<\/p><p>Marr\u00ebveshja jon\u00eb e Nivelit t\u00eb Sh\u00ebrbimit i jep p\u00ebrpar\u00ebsi \u00e7\u00ebshtjeve t\u00eb klient\u00ebve dhe koh\u00ebve t\u00eb reagimit sipas P1, P2, P3 dhe P4. Nj\u00eb nd\u00ebrprerje e konsiderueshme e serverit ose aplikacionit cloud \u00ebsht\u00eb nj\u00eb nd\u00ebrprerje P1.<\/p><p>Ndihma me rivendosjen e fjal\u00ebkalimit \u00ebsht\u00eb nj\u00eb \u00e7\u00ebshtje P4. Lajm i mir\u00eb: ne mund t&#039;ju ofrojm\u00eb nj\u00eb zgjidhje vet\u00eb-sh\u00ebrbimi p\u00ebr fjal\u00ebkalimin, k\u00ebshtu q\u00eb nuk keni nevoj\u00eb t\u00eb hapni nj\u00eb tiket\u00eb.<\/p><p>Rezultati \u00ebsht\u00eb i ngjash\u00ebm me konceptin e interesit t\u00eb p\u00ebrb\u00ebr\u00eb. Kur investoni n\u00eb proces me kalimin e koh\u00ebs, si cil\u00ebsia e sh\u00ebrbimit ashtu edhe reagimi rriten. Mosinvestimi (ose fillimi me vones\u00eb) e b\u00ebn t\u00eb pamundur kapjen e ritmit.<\/p><\/div>\n\t\t\t\t<\/div>\n\t\t\t\t\t\t\t<div class=\"elementor-toggle-item\">\n\t\t\t\t\t<h3 id=\"elementor-tab-title-1917\" class=\"elementor-tab-title\" data-tab=\"7\" role=\"button\" aria-controls=\"elementor-tab-content-1917\" aria-expanded=\"false\">\n\t\t\t\t\t\t\t\t\t\t\t\t<span class=\"elementor-toggle-icon elementor-toggle-icon-right\" aria-hidden=\"true\">\n\t\t\t\t\t\t\t\t\t\t\t\t\t\t\t<span class=\"elementor-toggle-icon-closed\"><i class=\"vamtamtheme- vamtam-theme-plus\"><\/i><\/span>\n\t\t\t\t\t\t\t\t<span class=\"elementor-toggle-icon-opened\"><i class=\"elementor-toggle-icon-opened vamtamtheme- vamtam-theme-minus\"><\/i><\/span>\n\t\t\t\t\t\t\t\t\t\t\t\t\t<\/span>\n\t\t\t\t\t\t\t\t\t\t\t\t<a class=\"elementor-toggle-title\" tabindex=\"0\">Cili \u00ebsht\u00eb fokusi juaj n\u00eb industri?<\/a>\n\t\t\t\t\t<\/h3>\n\n\t\t\t\t\t<div id=\"elementor-tab-content-1917\" class=\"elementor-tab-content elementor-clearfix\" data-tab=\"7\" role=\"region\" aria-labelledby=\"elementor-tab-title-1917\"><p>Organizata t\u00eb pjekura operacionalisht n\u00eb vertikalet e m\u00ebposhtme:<\/p><ul><li>Tregtia Elektronike<\/li><li>Pasuri t\u00eb Paluajtshme<\/li><li>Ligjore<\/li><li>Financ\u00eb<\/li><li>Sigurim<\/li><li>Turiz\u00ebm<\/li><li>Konsulenc\u00eb<\/li><li>Prodhim<\/li><li>Kujdesi sh\u00ebndet\u00ebsor<\/li><li>Jofitimprur\u00ebse<\/li><\/ul><\/div>\n\t\t\t\t<\/div>\n\t\t\t\t\t\t\t\t<\/div>\n\t\t\t\t\t\t<\/div>\n\t\t\t\t<\/div>\n\t\t\t\t\t<\/div>\n\t\t<\/div>\n\t\t\t\t\t<\/div>\n\t\t<\/section>\n\t\t\t\t<\/div>","protected":false},"excerpt":{"rendered":"<p>Frequently Asked Questions What are your two primary services? Fully Managed Web Development &#8211; HiTech Media designs, develops, hosts, and maintains your website end-to-end for a fixed and predictable monthly fee\u2014ensuring it stays fast, secure, and always up to date. Fully Managed Mobile App Development &#8211; HiTech Media builds, updates, and maintains your mobile applications&#8230;<\/p>","protected":false},"author":1,"featured_media":0,"parent":0,"menu_order":0,"comment_status":"closed","ping_status":"closed","template":"","meta":{"footnotes":""},"class_list":["post-1314","page","type-page","status-publish","hentry"],"yoast_head":"<!-- This site is optimized with the Yoast SEO Premium plugin v26.7 (Yoast SEO v26.7) - https:\/\/yoast.com\/wordpress\/plugins\/seo\/ -->\n<title>FAQ - HiTech Solutions<\/title>\n<meta name=\"robots\" content=\"index, follow, max-snippet:-1, max-image-preview:large, max-video-preview:-1\" \/>\n<link rel=\"canonical\" href=\"https:\/\/hitech.al\/sq\/faqe\/\" \/>\n<meta property=\"og:locale\" content=\"sq_AL\" \/>\n<meta property=\"og:type\" content=\"article\" \/>\n<meta property=\"og:title\" content=\"FAQ\" \/>\n<meta property=\"og:description\" content=\"Frequently Asked Questions What are your two primary services? Fully Managed Web Development &#8211; HiTech Media designs, develops, hosts, and maintains your website end-to-end for a fixed and predictable monthly fee\u2014ensuring it stays fast, secure, and always up to date. Fully Managed Mobile App Development &#8211; HiTech Media builds, updates, and maintains your mobile applications...\" \/>\n<meta property=\"og:url\" content=\"https:\/\/hitech.al\/sq\/faqe\/\" \/>\n<meta property=\"og:site_name\" content=\"HiTech Solutions\" \/>\n<meta property=\"article:modified_time\" content=\"2025-08-12T14:26:17+00:00\" \/>\n<meta name=\"twitter:card\" content=\"summary_large_image\" \/>\n<meta name=\"twitter:label1\" content=\"Est. reading time\" \/>\n\t<meta name=\"twitter:data1\" content=\"4 minuta\" \/>\n<script type=\"application\/ld+json\" class=\"yoast-schema-graph\">{\"@context\":\"https:\/\/schema.org\",\"@graph\":[{\"@type\":\"WebPage\",\"@id\":\"https:\/\/hitech.al\/faq\/\",\"url\":\"https:\/\/hitech.al\/faq\/\",\"name\":\"FAQ - HiTech Solutions\",\"isPartOf\":{\"@id\":\"https:\/\/hitech.al\/#website\"},\"datePublished\":\"2023-03-14T14:21:56+00:00\",\"dateModified\":\"2025-08-12T14:26:17+00:00\",\"breadcrumb\":{\"@id\":\"https:\/\/hitech.al\/faq\/#breadcrumb\"},\"inLanguage\":\"sq\",\"potentialAction\":[{\"@type\":\"ReadAction\",\"target\":[\"https:\/\/hitech.al\/faq\/\"]}]},{\"@type\":\"BreadcrumbList\",\"@id\":\"https:\/\/hitech.al\/faq\/#breadcrumb\",\"itemListElement\":[{\"@type\":\"ListItem\",\"position\":1,\"name\":\"Home\",\"item\":\"https:\/\/hitech.al\/\"},{\"@type\":\"ListItem\",\"position\":2,\"name\":\"FAQ\"}]},{\"@type\":\"WebSite\",\"@id\":\"https:\/\/hitech.al\/#website\",\"url\":\"https:\/\/hitech.al\/\",\"name\":\"HiTech Media\",\"description\":\"Your Digital Partner\",\"publisher\":{\"@id\":\"https:\/\/hitech.al\/#organization\"},\"potentialAction\":[{\"@type\":\"SearchAction\",\"target\":{\"@type\":\"EntryPoint\",\"urlTemplate\":\"https:\/\/hitech.al\/?s={search_term_string}\"},\"query-input\":{\"@type\":\"PropertyValueSpecification\",\"valueRequired\":true,\"valueName\":\"search_term_string\"}}],\"inLanguage\":\"sq\"},{\"@type\":\"Organization\",\"@id\":\"https:\/\/hitech.al\/#organization\",\"name\":\"HiTech Media\",\"url\":\"https:\/\/hitech.al\/\",\"logo\":{\"@type\":\"ImageObject\",\"inLanguage\":\"sq\",\"@id\":\"https:\/\/hitech.al\/#\/schema\/logo\/image\/\",\"url\":\"https:\/\/hitech.al\/wp-content\/uploads\/2023\/03\/HITech.png\",\"contentUrl\":\"https:\/\/hitech.al\/wp-content\/uploads\/2023\/03\/HITech.png\",\"width\":169,\"height\":40,\"caption\":\"HiTech Media\"},\"image\":{\"@id\":\"https:\/\/hitech.al\/#\/schema\/logo\/image\/\"}}]}<\/script>\n<!-- \/ Yoast SEO Premium plugin. -->","yoast_head_json":{"title":"Pyetje t\u00eb Shpeshta - HiTech Solutions","robots":{"index":"index","follow":"follow","max-snippet":"max-snippet:-1","max-image-preview":"max-image-preview:large","max-video-preview":"max-video-preview:-1"},"canonical":"https:\/\/hitech.al\/sq\/faqe\/","og_locale":"sq_AL","og_type":"article","og_title":"FAQ","og_description":"Frequently Asked Questions What are your two primary services? Fully Managed Web Development &#8211; HiTech Media designs, develops, hosts, and maintains your website end-to-end for a fixed and predictable monthly fee\u2014ensuring it stays fast, secure, and always up to date. Fully Managed Mobile App Development &#8211; HiTech Media builds, updates, and maintains your mobile applications...","og_url":"https:\/\/hitech.al\/sq\/faqe\/","og_site_name":"HiTech Solutions","article_modified_time":"2025-08-12T14:26:17+00:00","twitter_card":"summary_large_image","twitter_misc":{"Est. reading time":"4 minuta"},"schema":{"@context":"https:\/\/schema.org","@graph":[{"@type":"WebPage","@id":"https:\/\/hitech.al\/faq\/","url":"https:\/\/hitech.al\/faq\/","name":"Pyetje t\u00eb Shpeshta - HiTech Solutions","isPartOf":{"@id":"https:\/\/hitech.al\/#website"},"datePublished":"2023-03-14T14:21:56+00:00","dateModified":"2025-08-12T14:26:17+00:00","breadcrumb":{"@id":"https:\/\/hitech.al\/faq\/#breadcrumb"},"inLanguage":"sq","potentialAction":[{"@type":"ReadAction","target":["https:\/\/hitech.al\/faq\/"]}]},{"@type":"BreadcrumbList","@id":"https:\/\/hitech.al\/faq\/#breadcrumb","itemListElement":[{"@type":"ListItem","position":1,"name":"Home","item":"https:\/\/hitech.al\/"},{"@type":"ListItem","position":2,"name":"FAQ"}]},{"@type":"WebSite","@id":"https:\/\/hitech.al\/#website","url":"https:\/\/hitech.al\/","name":"Media HiTech","description":"Partneri Juaj Dixhital","publisher":{"@id":"https:\/\/hitech.al\/#organization"},"potentialAction":[{"@type":"SearchAction","target":{"@type":"EntryPoint","urlTemplate":"https:\/\/hitech.al\/?s={search_term_string}"},"query-input":{"@type":"PropertyValueSpecification","valueRequired":true,"valueName":"search_term_string"}}],"inLanguage":"sq"},{"@type":"Organization","@id":"https:\/\/hitech.al\/#organization","name":"Media HiTech","url":"https:\/\/hitech.al\/","logo":{"@type":"ImageObject","inLanguage":"sq","@id":"https:\/\/hitech.al\/#\/schema\/logo\/image\/","url":"https:\/\/hitech.al\/wp-content\/uploads\/2023\/03\/HITech.png","contentUrl":"https:\/\/hitech.al\/wp-content\/uploads\/2023\/03\/HITech.png","width":169,"height":40,"caption":"HiTech Media"},"image":{"@id":"https:\/\/hitech.al\/#\/schema\/logo\/image\/"}}]}},"jetpack_sharing_enabled":true,"_links":{"self":[{"href":"https:\/\/hitech.al\/sq\/wp-json\/wp\/v2\/pages\/1314","targetHints":{"allow":["GET"]}}],"collection":[{"href":"https:\/\/hitech.al\/sq\/wp-json\/wp\/v2\/pages"}],"about":[{"href":"https:\/\/hitech.al\/sq\/wp-json\/wp\/v2\/types\/page"}],"author":[{"embeddable":true,"href":"https:\/\/hitech.al\/sq\/wp-json\/wp\/v2\/users\/1"}],"replies":[{"embeddable":true,"href":"https:\/\/hitech.al\/sq\/wp-json\/wp\/v2\/comments?post=1314"}],"version-history":[{"count":0,"href":"https:\/\/hitech.al\/sq\/wp-json\/wp\/v2\/pages\/1314\/revisions"}],"wp:attachment":[{"href":"https:\/\/hitech.al\/sq\/wp-json\/wp\/v2\/media?parent=1314"}],"curies":[{"name":"wp","href":"https:\/\/api.w.org\/{rel}","templated":true}]}}