{"id":7582,"date":"2023-04-04T10:46:12","date_gmt":"2023-04-04T10:46:12","guid":{"rendered":"https:\/\/tecnologia.vamtam.com\/?page_id=7582"},"modified":"2023-04-04T10:46:12","modified_gmt":"2023-04-04T10:46:12","slug":"introducing-tecnologia-fort-worth","status":"publish","type":"page","link":"https:\/\/hitech.al\/fr\/introducing-tecnologia-fort-worth\/","title":{"rendered":"Pr\u00e9sentation de Tecnologia Fort Worth"},"content":{"rendered":"<div data-elementor-type=\"wp-page\" data-elementor-id=\"7582\" class=\"elementor elementor-7582\" data-elementor-post-type=\"page\">\n\t\t\t\t\t\t<section class=\"elementor-section elementor-top-section elementor-element elementor-element-29c13e40 elementor-section-stretched elementor-section-boxed elementor-section-height-default elementor-section-height-default\" data-id=\"29c13e40\" data-element_type=\"section\" data-settings=\"{&quot;stretch_section&quot;:&quot;section-stretched&quot;}\">\n\t\t\t\t\t\t<div class=\"elementor-container elementor-column-gap-no\">\n\t\t\t\t\t<div class=\"elementor-column elementor-col-50 elementor-top-column elementor-element elementor-element-37fbd0d1\" data-id=\"37fbd0d1\" data-element_type=\"column\">\n\t\t\t<div class=\"elementor-widget-wrap elementor-element-populated\">\n\t\t\t\t\t\t<div class=\"elementor-element elementor-element-7562a2c5 elementor-widget elementor-widget-spacer\" data-id=\"7562a2c5\" data-element_type=\"widget\" data-widget_type=\"spacer.default\">\n\t\t\t\t<div class=\"elementor-widget-container\">\n\t\t\t\t\t\t\t<div class=\"elementor-spacer\">\n\t\t\t<div class=\"elementor-spacer-inner\"><\/div>\n\t\t<\/div>\n\t\t\t\t\t\t<\/div>\n\t\t\t\t<\/div>\n\t\t\t\t<section class=\"elementor-section elementor-inner-section elementor-element elementor-element-173e4248 elementor-section-full_width elementor-section-height-default elementor-section-height-default\" data-id=\"173e4248\" data-element_type=\"section\" data-settings=\"{&quot;background_background&quot;:&quot;classic&quot;}\">\n\t\t\t\t\t\t<div class=\"elementor-container elementor-column-gap-no\">\n\t\t\t\t\t<div class=\"elementor-column elementor-col-100 elementor-inner-column elementor-element elementor-element-656d7d36\" data-id=\"656d7d36\" data-element_type=\"column\">\n\t\t\t<div class=\"elementor-widget-wrap elementor-element-populated\">\n\t\t\t\t\t\t<div class=\"elementor-element elementor-element-4ddc75e7 elementor-widget elementor-widget-heading\" data-id=\"4ddc75e7\" data-element_type=\"widget\" data-widget_type=\"heading.default\">\n\t\t\t\t<div class=\"elementor-widget-container\">\n\t\t\t\t\t<h5 class=\"elementor-heading-title elementor-size-default\">Le Bistro Am\u00e9ricain de la Cuisine<\/h5>\t\t\t\t<\/div>\n\t\t\t\t<\/div>\n\t\t\t\t<div class=\"elementor-element elementor-element-3b17d9fd elementor-widget elementor-widget-text-editor\" data-id=\"3b17d9fd\" data-element_type=\"widget\" data-widget_type=\"text-editor.default\">\n\t\t\t\t<div class=\"elementor-widget-container\">\n\t\t\t\t\t\t\t\t\t<p>1560, rue Wazee<br \/>Denver, CO 80202<\/p>\t\t\t\t\t\t\t\t<\/div>\n\t\t\t\t<\/div>\n\t\t\t\t<div class=\"vamtam-has-theme-widget-styles elementor-element elementor-element-812fc59 elementor-widget elementor-widget-button\" data-id=\"812fc59\" data-element_type=\"widget\" data-widget_type=\"button.default\">\n\t\t\t\t<div class=\"elementor-widget-container\">\n\t\t\t\t\t\t\t\t\t<div class=\"elementor-button-wrapper\">\n\t\t\t\t\t<a class=\"elementor-button elementor-button-link elementor-size-sm\" href=\"tel:3036233127\">\n\t\t\t\t\t\t<span class=\"elementor-button-content-wrapper\">\n\t\t\t\t\t\t\t\t\t<span class=\"elementor-button-text\">(303) 623-3127<\/span>\n\t\t\t\t\t<\/span>\n\t\t\t\t\t<\/a>\n\t\t\t\t<\/div>\n\t\t\t\t\t\t\t\t<\/div>\n\t\t\t\t<\/div>\n\t\t\t\t<div class=\"elementor-element elementor-element-791b0433 elementor-widget elementor-widget-text-editor\" data-id=\"791b0433\" data-element_type=\"widget\" data-widget_type=\"text-editor.default\">\n\t\t\t\t<div class=\"elementor-widget-container\">\n\t\t\t\t\t\t\t\t\t<p>Nous esp\u00e9rons vous voir bient\u00f4t !<\/p>\t\t\t\t\t\t\t\t<\/div>\n\t\t\t\t<\/div>\n\t\t\t\t<div class=\"vamtam-has-theme-widget-styles elementor-element elementor-element-39ab1a29 elementor-widget elementor-widget-button\" data-id=\"39ab1a29\" data-element_type=\"widget\" data-widget_type=\"button.default\">\n\t\t\t\t<div class=\"elementor-widget-container\">\n\t\t\t\t\t\t\t\t\t<div class=\"elementor-button-wrapper\">\n\t\t\t\t\t<a class=\"elementor-button elementor-button-link elementor-size-sm\" href=\"#elementor-action%3Aaction%3Dpopup%3Aopen%26settings%3DeyJpZCI6Ijc3MTgiLCJ0b2dnbGUiOmZhbHNlLCJhbGlnbl93aXRoX3BhcmVudCI6IiJ9\">\n\t\t\t\t\t\t<span class=\"elementor-button-content-wrapper\">\n\t\t\t\t\t\t\t\t\t<span class=\"elementor-button-text\">Inscrivez-vous aujourd&#039;hui<\/span>\n\t\t\t\t\t<\/span>\n\t\t\t\t\t<\/a>\n\t\t\t\t<\/div>\n\t\t\t\t\t\t\t\t<\/div>\n\t\t\t\t<\/div>\n\t\t\t\t\t<\/div>\n\t\t<\/div>\n\t\t\t\t\t<\/div>\n\t\t<\/section>\n\t\t\t\t\t<\/div>\n\t\t<\/div>\n\t\t\t\t<div class=\"elementor-column elementor-col-50 elementor-top-column elementor-element elementor-element-433cd91c\" data-id=\"433cd91c\" data-element_type=\"column\">\n\t\t\t<div class=\"elementor-widget-wrap elementor-element-populated\">\n\t\t\t\t\t\t<div class=\"elementor-element elementor-element-41e6066e elementor-widget elementor-widget-heading\" data-id=\"41e6066e\" data-element_type=\"widget\" data-widget_type=\"heading.default\">\n\t\t\t\t<div class=\"elementor-widget-container\">\n\t\t\t\t\t<span class=\"elementor-heading-title elementor-size-default\">Vous \u00eates invit\u00e9 \u00e0 un d\u00e9jeuner-conf\u00e9rence sur la cybers\u00e9curit\u00e9 avec Tecnologia et Pax8 le 31 mars de 11h \u00e0 13h.<\/span>\t\t\t\t<\/div>\n\t\t\t\t<\/div>\n\t\t\t\t<div class=\"elementor-element elementor-element-301fbcf elementor-widget elementor-widget-text-editor\" data-id=\"301fbcf\" data-element_type=\"widget\" data-widget_type=\"text-editor.default\">\n\t\t\t\t<div class=\"elementor-widget-container\">\n\t\t\t\t\t\t\t\t\t<p>Rejoignez Tecnologia et Pax8 au Kitchen American Bistro pour une exp\u00e9rience culinaire unique le vendredi 31 mars de 11h \u00e0 13h.<\/p><p>Cet \u00e9v\u00e9nement gastronomique, avec un nombre de places limit\u00e9, propose une cuisine audacieuse et originale, accompagn\u00e9e d&#039;un aper\u00e7u des meilleures pratiques en mati\u00e8re de cybers\u00e9curit\u00e9. Vous apprendrez \u00e0\u00a0:<\/p>\t\t\t\t\t\t\t\t<\/div>\n\t\t\t\t<\/div>\n\t\t\t\t<div class=\"elementor-element elementor-element-624fc845 elementor-widget__width-inherit elementor-widget-mobile__width-inherit elementor-icon-list--layout-traditional elementor-list-item-link-full_width elementor-widget elementor-widget-icon-list\" data-id=\"624fc845\" data-element_type=\"widget\" data-widget_type=\"icon-list.default\">\n\t\t\t\t<div class=\"elementor-widget-container\">\n\t\t\t\t\t\t\t<ul class=\"elementor-icon-list-items\">\n\t\t\t\t\t\t\t<li class=\"elementor-icon-list-item\">\n\t\t\t\t\t\t\t\t\t\t\t<span class=\"elementor-icon-list-icon\">\n\t\t\t\t\t\t\t<i aria-hidden=\"true\" class=\"vamtamtheme- vamtam-theme-check-box\"><\/i>\t\t\t\t\t\t<\/span>\n\t\t\t\t\t\t\t\t\t\t<span class=\"elementor-icon-list-text\">R\u00e9duire l&#039;impact et les risques de la cybercriminalit\u00e9 <\/span>\n\t\t\t\t\t\t\t\t\t<\/li>\n\t\t\t\t\t\t\t\t<li class=\"elementor-icon-list-item\">\n\t\t\t\t\t\t\t\t\t\t\t<span class=\"elementor-icon-list-icon\">\n\t\t\t\t\t\t\t<i aria-hidden=\"true\" class=\"vamtamtheme- vamtam-theme-check-box\"><\/i>\t\t\t\t\t\t<\/span>\n\t\t\t\t\t\t\t\t\t\t<span class=\"elementor-icon-list-text\">Gardez une longueur d&#039;avance sur la r\u00e9glementation et la conformit\u00e9 en attente <\/span>\n\t\t\t\t\t\t\t\t\t<\/li>\n\t\t\t\t\t\t\t\t<li class=\"elementor-icon-list-item\">\n\t\t\t\t\t\t\t\t\t\t\t<span class=\"elementor-icon-list-icon\">\n\t\t\t\t\t\t\t<i aria-hidden=\"true\" class=\"vamtamtheme- vamtam-theme-check-box\"><\/i>\t\t\t\t\t\t<\/span>\n\t\t\t\t\t\t\t\t\t\t<span class=\"elementor-icon-list-text\">Transformez la cyberpr\u00e9paration en un avantage commercial  <\/span>\n\t\t\t\t\t\t\t\t\t<\/li>\n\t\t\t\t\t\t\t\t<li class=\"elementor-icon-list-item\">\n\t\t\t\t\t\t\t\t\t\t\t<span class=\"elementor-icon-list-icon\">\n\t\t\t\t\t\t\t<i aria-hidden=\"true\" class=\"vamtamtheme- vamtam-theme-check-box\"><\/i>\t\t\t\t\t\t<\/span>\n\t\t\t\t\t\t\t\t\t\t<span class=\"elementor-icon-list-text\">D\u00e9ployez des syst\u00e8mes informatiques que votre \u00e9quipe adorera <\/span>\n\t\t\t\t\t\t\t\t\t<\/li>\n\t\t\t\t\t\t<\/ul>\n\t\t\t\t\t\t<\/div>\n\t\t\t\t<\/div>\n\t\t\t\t\t<\/div>\n\t\t<\/div>\n\t\t\t\t\t<\/div>\n\t\t<\/section>\n\t\t\t\t<\/div>","protected":false},"excerpt":{"rendered":"<p>Jeudi 23 mars<\/p>","protected":false},"author":1,"featured_media":7567,"parent":0,"menu_order":0,"comment_status":"closed","ping_status":"closed","template":"","meta":{"footnotes":""},"class_list":["post-7582","page","type-page","status-publish","has-post-thumbnail","hentry"],"yoast_head":"<!-- This site is optimized with the Yoast SEO Premium plugin v26.7 (Yoast SEO v26.7) - https:\/\/yoast.com\/wordpress\/plugins\/seo\/ -->\n<title>Introducing Tecnologia Fort Worth - HiTech Solutions<\/title>\n<meta name=\"robots\" content=\"index, follow, max-snippet:-1, max-image-preview:large, max-video-preview:-1\" \/>\n<link rel=\"canonical\" href=\"https:\/\/hitech.al\/fr\/introducing-tecnologia-fort-worth\/\" \/>\n<meta property=\"og:locale\" content=\"fr_FR\" \/>\n<meta property=\"og:type\" content=\"article\" \/>\n<meta property=\"og:title\" content=\"Introducing Tecnologia Fort Worth\" \/>\n<meta property=\"og:description\" content=\"Thursday, March 23\" \/>\n<meta property=\"og:url\" content=\"https:\/\/hitech.al\/fr\/introducing-tecnologia-fort-worth\/\" \/>\n<meta property=\"og:site_name\" content=\"HiTech Solutions\" \/>\n<meta property=\"og:image\" content=\"https:\/\/hitech.al\/wp-content\/uploads\/2023\/04\/evangeline-shaw-BdV23FLkmxQ-unsplash.jpg\" \/>\n\t<meta property=\"og:image:width\" content=\"740\" \/>\n\t<meta property=\"og:image:height\" content=\"412\" \/>\n\t<meta property=\"og:image:type\" content=\"image\/jpeg\" \/>\n<meta name=\"twitter:card\" content=\"summary_large_image\" \/>\n<meta name=\"twitter:label1\" content=\"Dur\u00e9e de lecture estim\u00e9e\" \/>\n\t<meta name=\"twitter:data1\" content=\"1 minute\" \/>\n<script type=\"application\/ld+json\" class=\"yoast-schema-graph\">{\"@context\":\"https:\/\/schema.org\",\"@graph\":[{\"@type\":\"WebPage\",\"@id\":\"https:\/\/hitech.al\/introducing-tecnologia-fort-worth\/\",\"url\":\"https:\/\/hitech.al\/introducing-tecnologia-fort-worth\/\",\"name\":\"Introducing Tecnologia Fort Worth - HiTech Solutions\",\"isPartOf\":{\"@id\":\"https:\/\/hitech.al\/#website\"},\"primaryImageOfPage\":{\"@id\":\"https:\/\/hitech.al\/introducing-tecnologia-fort-worth\/#primaryimage\"},\"image\":{\"@id\":\"https:\/\/hitech.al\/introducing-tecnologia-fort-worth\/#primaryimage\"},\"thumbnailUrl\":\"https:\/\/hitech.al\/wp-content\/uploads\/2023\/04\/evangeline-shaw-BdV23FLkmxQ-unsplash.jpg\",\"datePublished\":\"2023-04-04T10:46:12+00:00\",\"breadcrumb\":{\"@id\":\"https:\/\/hitech.al\/introducing-tecnologia-fort-worth\/#breadcrumb\"},\"inLanguage\":\"fr-FR\",\"potentialAction\":[{\"@type\":\"ReadAction\",\"target\":[\"https:\/\/hitech.al\/introducing-tecnologia-fort-worth\/\"]}]},{\"@type\":\"ImageObject\",\"inLanguage\":\"fr-FR\",\"@id\":\"https:\/\/hitech.al\/introducing-tecnologia-fort-worth\/#primaryimage\",\"url\":\"https:\/\/hitech.al\/wp-content\/uploads\/2023\/04\/evangeline-shaw-BdV23FLkmxQ-unsplash.jpg\",\"contentUrl\":\"https:\/\/hitech.al\/wp-content\/uploads\/2023\/04\/evangeline-shaw-BdV23FLkmxQ-unsplash.jpg\",\"width\":740,\"height\":412},{\"@type\":\"BreadcrumbList\",\"@id\":\"https:\/\/hitech.al\/introducing-tecnologia-fort-worth\/#breadcrumb\",\"itemListElement\":[{\"@type\":\"ListItem\",\"position\":1,\"name\":\"Home\",\"item\":\"https:\/\/hitech.al\/\"},{\"@type\":\"ListItem\",\"position\":2,\"name\":\"Introducing Tecnologia Fort Worth\"}]},{\"@type\":\"WebSite\",\"@id\":\"https:\/\/hitech.al\/#website\",\"url\":\"https:\/\/hitech.al\/\",\"name\":\"HiTech Media\",\"description\":\"Your Digital Partner\",\"publisher\":{\"@id\":\"https:\/\/hitech.al\/#organization\"},\"potentialAction\":[{\"@type\":\"SearchAction\",\"target\":{\"@type\":\"EntryPoint\",\"urlTemplate\":\"https:\/\/hitech.al\/?s={search_term_string}\"},\"query-input\":{\"@type\":\"PropertyValueSpecification\",\"valueRequired\":true,\"valueName\":\"search_term_string\"}}],\"inLanguage\":\"fr-FR\"},{\"@type\":\"Organization\",\"@id\":\"https:\/\/hitech.al\/#organization\",\"name\":\"HiTech Media\",\"url\":\"https:\/\/hitech.al\/\",\"logo\":{\"@type\":\"ImageObject\",\"inLanguage\":\"fr-FR\",\"@id\":\"https:\/\/hitech.al\/#\/schema\/logo\/image\/\",\"url\":\"https:\/\/hitech.al\/wp-content\/uploads\/2023\/03\/HITech.png\",\"contentUrl\":\"https:\/\/hitech.al\/wp-content\/uploads\/2023\/03\/HITech.png\",\"width\":169,\"height\":40,\"caption\":\"HiTech Media\"},\"image\":{\"@id\":\"https:\/\/hitech.al\/#\/schema\/logo\/image\/\"}}]}<\/script>\n<!-- \/ Yoast SEO Premium plugin. -->","yoast_head_json":{"title":"Introducing Tecnologia Fort Worth - HiTech Solutions","robots":{"index":"index","follow":"follow","max-snippet":"max-snippet:-1","max-image-preview":"max-image-preview:large","max-video-preview":"max-video-preview:-1"},"canonical":"https:\/\/hitech.al\/fr\/introducing-tecnologia-fort-worth\/","og_locale":"fr_FR","og_type":"article","og_title":"Introducing Tecnologia Fort Worth","og_description":"Thursday, March 23","og_url":"https:\/\/hitech.al\/fr\/introducing-tecnologia-fort-worth\/","og_site_name":"HiTech Solutions","og_image":[{"width":740,"height":412,"url":"https:\/\/hitech.al\/wp-content\/uploads\/2023\/04\/evangeline-shaw-BdV23FLkmxQ-unsplash.jpg","type":"image\/jpeg"}],"twitter_card":"summary_large_image","twitter_misc":{"Dur\u00e9e de lecture estim\u00e9e":"1 minute"},"schema":{"@context":"https:\/\/schema.org","@graph":[{"@type":"WebPage","@id":"https:\/\/hitech.al\/introducing-tecnologia-fort-worth\/","url":"https:\/\/hitech.al\/introducing-tecnologia-fort-worth\/","name":"Introducing Tecnologia Fort Worth - HiTech Solutions","isPartOf":{"@id":"https:\/\/hitech.al\/#website"},"primaryImageOfPage":{"@id":"https:\/\/hitech.al\/introducing-tecnologia-fort-worth\/#primaryimage"},"image":{"@id":"https:\/\/hitech.al\/introducing-tecnologia-fort-worth\/#primaryimage"},"thumbnailUrl":"https:\/\/hitech.al\/wp-content\/uploads\/2023\/04\/evangeline-shaw-BdV23FLkmxQ-unsplash.jpg","datePublished":"2023-04-04T10:46:12+00:00","breadcrumb":{"@id":"https:\/\/hitech.al\/introducing-tecnologia-fort-worth\/#breadcrumb"},"inLanguage":"fr-FR","potentialAction":[{"@type":"ReadAction","target":["https:\/\/hitech.al\/introducing-tecnologia-fort-worth\/"]}]},{"@type":"ImageObject","inLanguage":"fr-FR","@id":"https:\/\/hitech.al\/introducing-tecnologia-fort-worth\/#primaryimage","url":"https:\/\/hitech.al\/wp-content\/uploads\/2023\/04\/evangeline-shaw-BdV23FLkmxQ-unsplash.jpg","contentUrl":"https:\/\/hitech.al\/wp-content\/uploads\/2023\/04\/evangeline-shaw-BdV23FLkmxQ-unsplash.jpg","width":740,"height":412},{"@type":"BreadcrumbList","@id":"https:\/\/hitech.al\/introducing-tecnologia-fort-worth\/#breadcrumb","itemListElement":[{"@type":"ListItem","position":1,"name":"Home","item":"https:\/\/hitech.al\/"},{"@type":"ListItem","position":2,"name":"Introducing Tecnologia Fort Worth"}]},{"@type":"WebSite","@id":"https:\/\/hitech.al\/#website","url":"https:\/\/hitech.al\/","name":"HiTech Media","description":"Votre partenaire num\u00e9rique","publisher":{"@id":"https:\/\/hitech.al\/#organization"},"potentialAction":[{"@type":"SearchAction","target":{"@type":"EntryPoint","urlTemplate":"https:\/\/hitech.al\/?s={search_term_string}"},"query-input":{"@type":"PropertyValueSpecification","valueRequired":true,"valueName":"search_term_string"}}],"inLanguage":"fr-FR"},{"@type":"Organization","@id":"https:\/\/hitech.al\/#organization","name":"HiTech Media","url":"https:\/\/hitech.al\/","logo":{"@type":"ImageObject","inLanguage":"fr-FR","@id":"https:\/\/hitech.al\/#\/schema\/logo\/image\/","url":"https:\/\/hitech.al\/wp-content\/uploads\/2023\/03\/HITech.png","contentUrl":"https:\/\/hitech.al\/wp-content\/uploads\/2023\/03\/HITech.png","width":169,"height":40,"caption":"HiTech Media"},"image":{"@id":"https:\/\/hitech.al\/#\/schema\/logo\/image\/"}}]}},"jetpack_sharing_enabled":true,"_links":{"self":[{"href":"https:\/\/hitech.al\/fr\/wp-json\/wp\/v2\/pages\/7582","targetHints":{"allow":["GET"]}}],"collection":[{"href":"https:\/\/hitech.al\/fr\/wp-json\/wp\/v2\/pages"}],"about":[{"href":"https:\/\/hitech.al\/fr\/wp-json\/wp\/v2\/types\/page"}],"author":[{"embeddable":true,"href":"https:\/\/hitech.al\/fr\/wp-json\/wp\/v2\/users\/1"}],"replies":[{"embeddable":true,"href":"https:\/\/hitech.al\/fr\/wp-json\/wp\/v2\/comments?post=7582"}],"version-history":[{"count":0,"href":"https:\/\/hitech.al\/fr\/wp-json\/wp\/v2\/pages\/7582\/revisions"}],"wp:featuredmedia":[{"embeddable":true,"href":"https:\/\/hitech.al\/fr\/wp-json\/wp\/v2\/media\/7567"}],"wp:attachment":[{"href":"https:\/\/hitech.al\/fr\/wp-json\/wp\/v2\/media?parent=7582"}],"curies":[{"name":"wp","href":"https:\/\/api.w.org\/{rel}","templated":true}]}}