{"id":1314,"date":"2023-03-14T14:21:56","date_gmt":"2023-03-14T14:21:56","guid":{"rendered":"https:\/\/tecnologia.vamtam.com\/?page_id=1314"},"modified":"2025-08-12T14:26:17","modified_gmt":"2025-08-12T14:26:17","slug":"faq","status":"publish","type":"page","link":"https:\/\/hitech.al\/fr\/faq\/","title":{"rendered":"FAQ"},"content":{"rendered":"<div data-elementor-type=\"wp-page\" data-elementor-id=\"1314\" class=\"elementor elementor-1314\" data-elementor-post-type=\"page\">\n\t\t\t\t\t\t<section class=\"elementor-section elementor-top-section elementor-element elementor-element-a668bb8 elementor-section-boxed elementor-section-height-default elementor-section-height-default\" data-id=\"a668bb8\" data-element_type=\"section\" data-e-type=\"section\">\n\t\t\t\t\t\t<div class=\"elementor-container elementor-column-gap-default\">\n\t\t\t\t\t<div class=\"elementor-column elementor-col-100 elementor-top-column elementor-element elementor-element-4410990\" data-id=\"4410990\" data-element_type=\"column\" data-e-type=\"column\">\n\t\t\t<div class=\"elementor-widget-wrap elementor-element-populated\">\n\t\t\t\t\t\t<div class=\"elementor-element elementor-element-09e697d animated-slow elementor-invisible elementor-widget elementor-widget-heading\" data-id=\"09e697d\" data-element_type=\"widget\" data-e-type=\"widget\" data-settings=\"{&quot;_animation&quot;:&quot;fadeIn&quot;,&quot;_animation_tablet&quot;:&quot;none&quot;}\" data-widget_type=\"heading.default\">\n\t\t\t\t<div class=\"elementor-widget-container\">\n\t\t\t\t\t<h1 class=\"elementor-heading-title elementor-size-default\">Questions fr\u00e9quemment pos\u00e9es<\/h1>\t\t\t\t<\/div>\n\t\t\t\t<\/div>\n\t\t\t\t<div class=\"elementor-element elementor-element-6740fe5 elementor-widget elementor-widget-spacer\" data-id=\"6740fe5\" data-element_type=\"widget\" data-e-type=\"widget\" data-widget_type=\"spacer.default\">\n\t\t\t\t<div class=\"elementor-widget-container\">\n\t\t\t\t\t\t\t<div class=\"elementor-spacer\">\n\t\t\t<div class=\"elementor-spacer-inner\"><\/div>\n\t\t<\/div>\n\t\t\t\t\t\t<\/div>\n\t\t\t\t<\/div>\n\t\t\t\t\t<\/div>\n\t\t<\/div>\n\t\t\t\t\t<\/div>\n\t\t<\/section>\n\t\t\t\t<section class=\"elementor-section elementor-top-section elementor-element elementor-element-d87787f elementor-section-boxed elementor-section-height-default elementor-section-height-default\" data-id=\"d87787f\" data-element_type=\"section\" data-e-type=\"section\">\n\t\t\t\t\t\t<div class=\"elementor-container elementor-column-gap-no\">\n\t\t\t\t\t<div class=\"elementor-column elementor-col-100 elementor-top-column elementor-element elementor-element-aadef22\" data-id=\"aadef22\" data-element_type=\"column\" data-e-type=\"column\" data-settings=\"{&quot;background_background&quot;:&quot;classic&quot;}\">\n\t\t\t<div class=\"elementor-widget-wrap elementor-element-populated\">\n\t\t\t\t\t\t<div class=\"vamtam-has-theme-widget-styles elementor-element elementor-element-124be31 elementor-widget elementor-widget-toggle\" data-id=\"124be31\" data-element_type=\"widget\" data-e-type=\"widget\" data-widget_type=\"toggle.default\">\n\t\t\t\t<div class=\"elementor-widget-container\">\n\t\t\t\t\t\t\t<div class=\"elementor-toggle\">\n\t\t\t\t\t\t\t<div class=\"elementor-toggle-item\">\n\t\t\t\t\t<h3 id=\"elementor-tab-title-1911\" class=\"elementor-tab-title\" data-tab=\"1\" role=\"button\" aria-controls=\"elementor-tab-content-1911\" aria-expanded=\"false\">\n\t\t\t\t\t\t\t\t\t\t\t\t<span class=\"elementor-toggle-icon elementor-toggle-icon-right\" aria-hidden=\"true\">\n\t\t\t\t\t\t\t\t\t\t\t\t\t\t\t<span class=\"elementor-toggle-icon-closed\"><i class=\"vamtamtheme- vamtam-theme-plus\"><\/i><\/span>\n\t\t\t\t\t\t\t\t<span class=\"elementor-toggle-icon-opened\"><i class=\"elementor-toggle-icon-opened vamtamtheme- vamtam-theme-minus\"><\/i><\/span>\n\t\t\t\t\t\t\t\t\t\t\t\t\t<\/span>\n\t\t\t\t\t\t\t\t\t\t\t\t<a class=\"elementor-toggle-title\" tabindex=\"0\">Quels sont vos deux principaux services ?<\/a>\n\t\t\t\t\t<\/h3>\n\n\t\t\t\t\t<div id=\"elementor-tab-content-1911\" class=\"elementor-tab-content elementor-clearfix\" data-tab=\"1\" role=\"region\" aria-labelledby=\"elementor-tab-title-1911\"><p data-start=\"92\" data-end=\"131\">D\u00e9veloppement Web enti\u00e8rement g\u00e9r\u00e9 \u2013 HiTech Media con\u00e7oit, d\u00e9veloppe, h\u00e9berge et maintient votre site Web de bout en bout pour un tarif mensuel fixe et pr\u00e9visible, garantissant qu&#039;il reste rapide, s\u00e9curis\u00e9 et toujours \u00e0 jour.<\/p><p data-start=\"540\" data-end=\"586\">D\u00e9veloppement d&#039;applications mobiles enti\u00e8rement g\u00e9r\u00e9 \u2013 HiTech Media cr\u00e9e, met \u00e0 jour et maintient vos applications mobiles pour iOS et Android sur un forfait mensuel fixe, offrant des performances, une s\u00e9curit\u00e9 et une compatibilit\u00e9 optimales.<\/p><p data-start=\"132\" data-end=\"305\">\u00a0<\/p><p data-start=\"132\" data-end=\"305\">\u00a0<\/p><\/div>\n\t\t\t\t<\/div>\n\t\t\t\t\t\t\t<div class=\"elementor-toggle-item\">\n\t\t\t\t\t<h3 id=\"elementor-tab-title-1912\" class=\"elementor-tab-title\" data-tab=\"2\" role=\"button\" aria-controls=\"elementor-tab-content-1912\" aria-expanded=\"false\">\n\t\t\t\t\t\t\t\t\t\t\t\t<span class=\"elementor-toggle-icon elementor-toggle-icon-right\" aria-hidden=\"true\">\n\t\t\t\t\t\t\t\t\t\t\t\t\t\t\t<span class=\"elementor-toggle-icon-closed\"><i class=\"vamtamtheme- vamtam-theme-plus\"><\/i><\/span>\n\t\t\t\t\t\t\t\t<span class=\"elementor-toggle-icon-opened\"><i class=\"elementor-toggle-icon-opened vamtamtheme- vamtam-theme-minus\"><\/i><\/span>\n\t\t\t\t\t\t\t\t\t\t\t\t\t<\/span>\n\t\t\t\t\t\t\t\t\t\t\t\t<a class=\"elementor-toggle-title\" tabindex=\"0\">Quels autres services proposez-vous ?<\/a>\n\t\t\t\t\t<\/h3>\n\n\t\t\t\t\t<div id=\"elementor-tab-content-1912\" class=\"elementor-tab-content elementor-clearfix\" data-tab=\"2\" role=\"region\" aria-labelledby=\"elementor-tab-title-1912\"><p><a class=\"elementor-item\" href=\"https:\/\/hitech.al\/fr\/solutions\/web-development\/\">D\u00e9veloppement Web<\/a><\/p><p><a class=\"elementor-item\" href=\"https:\/\/hitech.al\/fr\/solutions\/mobile-app-development-2\/\">D\u00e9veloppement d&#039;applications mobiles<\/a><\/p><p><a class=\"elementor-item\" href=\"https:\/\/hitech.al\/fr\/solutions\/social-media-management\/\">Gestion des m\u00e9dias sociaux<\/a><\/p><p><a class=\"elementor-item\" href=\"https:\/\/hitech.al\/fr\/solutions\/web-hosting\/\">H\u00e9bergement Web<\/a><\/p><p><a class=\"elementor-item\" href=\"https:\/\/hitech.al\/fr\/solutions\/it-consulting-advisory\/\">Conseil et conseil en informatique<\/a><\/p><p><a class=\"elementor-item\" href=\"https:\/\/hitech.al\/fr\/solutions\/cyber-security\/\">Cybers\u00e9curit\u00e9<\/a><\/p><\/div>\n\t\t\t\t<\/div>\n\t\t\t\t\t\t\t<div class=\"elementor-toggle-item\">\n\t\t\t\t\t<h3 id=\"elementor-tab-title-1913\" class=\"elementor-tab-title\" data-tab=\"3\" role=\"button\" aria-controls=\"elementor-tab-content-1913\" aria-expanded=\"false\">\n\t\t\t\t\t\t\t\t\t\t\t\t<span class=\"elementor-toggle-icon elementor-toggle-icon-right\" aria-hidden=\"true\">\n\t\t\t\t\t\t\t\t\t\t\t\t\t\t\t<span class=\"elementor-toggle-icon-closed\"><i class=\"vamtamtheme- vamtam-theme-plus\"><\/i><\/span>\n\t\t\t\t\t\t\t\t<span class=\"elementor-toggle-icon-opened\"><i class=\"elementor-toggle-icon-opened vamtamtheme- vamtam-theme-minus\"><\/i><\/span>\n\t\t\t\t\t\t\t\t\t\t\t\t\t<\/span>\n\t\t\t\t\t\t\t\t\t\t\t\t<a class=\"elementor-toggle-title\" tabindex=\"0\">Quels probl\u00e8mes commerciaux r\u00e9solvez-vous ?<\/a>\n\t\t\t\t\t<\/h3>\n\n\t\t\t\t\t<div id=\"elementor-tab-content-1913\" class=\"elementor-tab-content elementor-clearfix\" data-tab=\"3\" role=\"region\" aria-labelledby=\"elementor-tab-title-1913\"><p style=\"text-align: left;\">En proposant des conseils strat\u00e9giques et de conformit\u00e9 informatiques de premier plan, HiTech Media comble deux lacunes majeures dans le secteur des fournisseurs informatiques. Cette expertise aide ses clients \u00e0\u00a0:<\/p><ul><li style=\"text-align: left;\">Gagnez du temps, de l\u2019argent et augmentez votre rentabilit\u00e9.<\/li><li style=\"text-align: left;\">R\u00e9duisez la frustration des employ\u00e9s et am\u00e9liorez le moral de l\u2019\u00e9quipe.<\/li><li style=\"text-align: left;\">Renforcez vos d\u00e9fenses contre les violations de donn\u00e9es, les attaques de ransomware et les expositions juridiques.<\/li><li style=\"text-align: left;\">R\u00e9duction des risques de cybers\u00e9curit\u00e9 et de conformit\u00e9<\/li><\/ul><\/div>\n\t\t\t\t<\/div>\n\t\t\t\t\t\t\t<div class=\"elementor-toggle-item\">\n\t\t\t\t\t<h3 id=\"elementor-tab-title-1914\" class=\"elementor-tab-title\" data-tab=\"4\" role=\"button\" aria-controls=\"elementor-tab-content-1914\" aria-expanded=\"false\">\n\t\t\t\t\t\t\t\t\t\t\t\t<span class=\"elementor-toggle-icon elementor-toggle-icon-right\" aria-hidden=\"true\">\n\t\t\t\t\t\t\t\t\t\t\t\t\t\t\t<span class=\"elementor-toggle-icon-closed\"><i class=\"vamtamtheme- vamtam-theme-plus\"><\/i><\/span>\n\t\t\t\t\t\t\t\t<span class=\"elementor-toggle-icon-opened\"><i class=\"elementor-toggle-icon-opened vamtamtheme- vamtam-theme-minus\"><\/i><\/span>\n\t\t\t\t\t\t\t\t\t\t\t\t\t<\/span>\n\t\t\t\t\t\t\t\t\t\t\t\t<a class=\"elementor-toggle-title\" tabindex=\"0\">Quels sont vos principaux services ?<\/a>\n\t\t\t\t\t<\/h3>\n\n\t\t\t\t\t<div id=\"elementor-tab-content-1914\" class=\"elementor-tab-content elementor-clearfix\" data-tab=\"4\" role=\"region\" aria-labelledby=\"elementor-tab-title-1914\"><p>Les services de base sont des ressources fondamentales fixes et de base incluses dans chaque accord de niveau de service informatique enti\u00e8rement g\u00e9r\u00e9.<\/p><ul><li>vCIO \u2013 Orientation strat\u00e9gique, budg\u00e9tisation, planification et services de conseil avec revues de comptes et feuilles de route informatiques pour faire progresser votre transformation num\u00e9rique.<br \/>Concierge des services g\u00e9r\u00e9s \u2013 Votre interlocuteur privil\u00e9gi\u00e9 pour tous les d\u00e9tails de votre compte. Ce conseiller de confiance est l&#039;interm\u00e9diaire entre votre vDSI et l&#039;\u00e9quipe service. Il g\u00e8re les questions relatives aux services informatiques, aux factures et \u00e0 toutes les technologies m\u00e9tiers favorisant la prise de d\u00e9cision, la collaboration, la productivit\u00e9, la conformit\u00e9, la continuit\u00e9 des activit\u00e9s, la s\u00e9curit\u00e9 et l&#039;efficacit\u00e9.<\/li><li>Outils de gestion client \u2013 Automatisation des services professionnels, billetterie, CRM, gestion et surveillance \u00e0 distance, documentation, communication, notification et confidentialit\u00e9 des donn\u00e9es.<\/li><li>Assistance technique aux fournisseurs \u2013 Nous interagissons directement avec vos autres fournisseurs de technologie pour la r\u00e9solution des incidents, l\u2019ouverture de tickets, l\u2019escalade des demandes ou la r\u00e9solution des incidents au sein de votre environnement informatique.<\/li><li>Nous r\u00e9pondrons \u00e9galement aux questions de base sur votre environnement ou fournirons l&#039;acc\u00e8s aux syst\u00e8mes demand\u00e9s par le fournisseur une fois approuv\u00e9s par le client, comme l&#039;attribution d&#039;adresses IP pour un copieur, un fournisseur de cam\u00e9ras de s\u00e9curit\u00e9 ou l&#039;autorisation du trafic r\u00e9seau pour le service d&#039;un fournisseur.<\/li><li>Cette assistance couvre les fabricants de mat\u00e9riel, les soci\u00e9t\u00e9s de d\u00e9veloppement de logiciels, les fournisseurs de services cloud, les FAI, les courtiers en t\u00e9l\u00e9communications, les soci\u00e9t\u00e9s d&#039;imprimantes et de copieurs et les coursiers locaux.<\/li><li>Services d&#039;approvisionnement \u2013 Tecnologia s&#039;approvisionne exclusivement aupr\u00e8s de canaux agr\u00e9\u00e9s et recommande des solutions professionnelles. Nous identifions \u00e9galement les options de configuration, assurons l&#039;enregistrement en bonne et due forme, g\u00e9rons les licences et les garanties, et garantissons l&#039;authenticit\u00e9 de tous les produits.<br \/>Gestion de r\u00e9seau \u2013 Surveillance, administration, rapports, gestion des noms de domaine et des certificats SSL, correction des incidents \u00e0 distance et correction des incidents sur site.<\/li><\/ul><p>Si un client poss\u00e8de plusieurs sites \u2013 avec des exigences \u00e9tendues en mati\u00e8re de gestion de r\u00e9seau et d\u2019assistance technique aux fournisseurs \u2013 des frais suppl\u00e9mentaires pour les services de base s\u2019appliqueront.<\/p><\/div>\n\t\t\t\t<\/div>\n\t\t\t\t\t\t\t<div class=\"elementor-toggle-item\">\n\t\t\t\t\t<h3 id=\"elementor-tab-title-1915\" class=\"elementor-tab-title\" data-tab=\"5\" role=\"button\" aria-controls=\"elementor-tab-content-1915\" aria-expanded=\"false\">\n\t\t\t\t\t\t\t\t\t\t\t\t<span class=\"elementor-toggle-icon elementor-toggle-icon-right\" aria-hidden=\"true\">\n\t\t\t\t\t\t\t\t\t\t\t\t\t\t\t<span class=\"elementor-toggle-icon-closed\"><i class=\"vamtamtheme- vamtam-theme-plus\"><\/i><\/span>\n\t\t\t\t\t\t\t\t<span class=\"elementor-toggle-icon-opened\"><i class=\"elementor-toggle-icon-opened vamtamtheme- vamtam-theme-minus\"><\/i><\/span>\n\t\t\t\t\t\t\t\t\t\t\t\t\t<\/span>\n\t\t\t\t\t\t\t\t\t\t\t\t<a class=\"elementor-toggle-title\" tabindex=\"0\">En quoi es-tu diff\u00e9rent ?<\/a>\n\t\t\t\t\t<\/h3>\n\n\t\t\t\t\t<div id=\"elementor-tab-content-1915\" class=\"elementor-tab-content elementor-clearfix\" data-tab=\"5\" role=\"region\" aria-labelledby=\"elementor-tab-title-1915\"><p>HiTech Media s&#039;associe de mani\u00e8re s\u00e9lective \u00e0 des organisations en croissance qui aiment appliquer une strat\u00e9gie et des budgets \u00e0 un processus informatique \u00e9prouv\u00e9 bas\u00e9 sur des normes et des meilleures pratiques - pour am\u00e9liorer les performances et r\u00e9duire les risques.<\/p><p>Tecnologia cr\u00e9e et maintient des syst\u00e8mes informatiques puissants, silencieux et s\u00e9curis\u00e9s en engageant et en conseillant activement nos clients dans des revues commerciales strat\u00e9giques r\u00e9guli\u00e8rement programm\u00e9es avec un vCIO.<\/p><p>La plupart des sites Tecnologia limitent l&#039;int\u00e9gration de nouveaux clients \u00e0 deux par mois. Cette approche nous permet de mettre en place des contr\u00f4les qualit\u00e9 complets et bas\u00e9s sur les donn\u00e9es, en amont, qui accroissent l&#039;efficacit\u00e9 op\u00e9rationnelle de nos clients tout au long de la relation.<\/p><\/div>\n\t\t\t\t<\/div>\n\t\t\t\t\t\t\t<div class=\"elementor-toggle-item\">\n\t\t\t\t\t<h3 id=\"elementor-tab-title-1916\" class=\"elementor-tab-title\" data-tab=\"6\" role=\"button\" aria-controls=\"elementor-tab-content-1916\" aria-expanded=\"false\">\n\t\t\t\t\t\t\t\t\t\t\t\t<span class=\"elementor-toggle-icon elementor-toggle-icon-right\" aria-hidden=\"true\">\n\t\t\t\t\t\t\t\t\t\t\t\t\t\t\t<span class=\"elementor-toggle-icon-closed\"><i class=\"vamtamtheme- vamtam-theme-plus\"><\/i><\/span>\n\t\t\t\t\t\t\t\t<span class=\"elementor-toggle-icon-opened\"><i class=\"elementor-toggle-icon-opened vamtamtheme- vamtam-theme-minus\"><\/i><\/span>\n\t\t\t\t\t\t\t\t\t\t\t\t\t<\/span>\n\t\t\t\t\t\t\t\t\t\t\t\t<a class=\"elementor-toggle-title\" tabindex=\"0\">Comment maximiser la r\u00e9activit\u00e9 ?<\/a>\n\t\t\t\t\t<\/h3>\n\n\t\t\t\t\t<div id=\"elementor-tab-content-1916\" class=\"elementor-tab-content elementor-clearfix\" data-tab=\"6\" role=\"region\" aria-labelledby=\"elementor-tab-title-1916\"><p>HiTech Media est une plateforme responsive par conception. Nous collaborons avec des organisations qui appr\u00e9cient l&#039;importance d&#039;une approche standardis\u00e9e pour optimiser l&#039;architecture et la gestion du cycle de vie de leurs syst\u00e8mes informatiques.<\/p><p>Cet alignement permet aux clients de b\u00e9n\u00e9ficier d&#039;une technologie d&#039;optimisation de l&#039;activit\u00e9 qui ne n\u00e9cessite pas d&#039;intervention constante, r\u00e9active et d&#039;urgence, ce qui leur permet de disposer de plus de temps pour se concentrer sur la croissance de leur entreprise.<\/p><p>Nous donnons aux utilisateurs un acc\u00e8s direct au support, ce qui \u00e9limine les goulots d&#039;\u00e9tranglement et nous permet de collecter des donn\u00e9es et des informations pour identifier les lacunes de formation et recommander des am\u00e9liorations du syst\u00e8me.<\/p><p>Notre accord de niveau de service (SLA) priorise les demandes des clients et les d\u00e9lais de r\u00e9ponse selon les niveaux P1, P2, P3 et P4. Une panne importante de serveur ou d&#039;application cloud est consid\u00e9r\u00e9e comme P1.<\/p><p>L&#039;assistance \u00e0 la r\u00e9initialisation d&#039;un mot de passe est une priorit\u00e9. Bonne nouvelle\u00a0: nous pouvons vous proposer une solution de mot de passe en libre-service, sans avoir \u00e0 ouvrir de ticket.<\/p><p>Le r\u00e9sultat est similaire au concept d&#039;int\u00e9r\u00eat compos\u00e9. Investir dans le processus au fil du temps am\u00e9liore la qualit\u00e9 du service et la r\u00e9activit\u00e9. Ne pas investir (ou commencer trop tard) rend le rattrapage impossible.<\/p><\/div>\n\t\t\t\t<\/div>\n\t\t\t\t\t\t\t<div class=\"elementor-toggle-item\">\n\t\t\t\t\t<h3 id=\"elementor-tab-title-1917\" class=\"elementor-tab-title\" data-tab=\"7\" role=\"button\" aria-controls=\"elementor-tab-content-1917\" aria-expanded=\"false\">\n\t\t\t\t\t\t\t\t\t\t\t\t<span class=\"elementor-toggle-icon elementor-toggle-icon-right\" aria-hidden=\"true\">\n\t\t\t\t\t\t\t\t\t\t\t\t\t\t\t<span class=\"elementor-toggle-icon-closed\"><i class=\"vamtamtheme- vamtam-theme-plus\"><\/i><\/span>\n\t\t\t\t\t\t\t\t<span class=\"elementor-toggle-icon-opened\"><i class=\"elementor-toggle-icon-opened vamtamtheme- vamtam-theme-minus\"><\/i><\/span>\n\t\t\t\t\t\t\t\t\t\t\t\t\t<\/span>\n\t\t\t\t\t\t\t\t\t\t\t\t<a class=\"elementor-toggle-title\" tabindex=\"0\">Quel est votre secteur d\u2019activit\u00e9 ?<\/a>\n\t\t\t\t\t<\/h3>\n\n\t\t\t\t\t<div id=\"elementor-tab-content-1917\" class=\"elementor-tab-content elementor-clearfix\" data-tab=\"7\" role=\"region\" aria-labelledby=\"elementor-tab-title-1917\"><p>Organisations op\u00e9rationnellement matures dans les secteurs verticaux suivants :<\/p><ul><li>Commerce \u00e9lectronique<\/li><li>Immobilier<\/li><li>L\u00e9gal<\/li><li>Finance<\/li><li>Assurance<\/li><li>Tourisme<\/li><li>Consultant<\/li><li>Fabrication<\/li><li>soins de sant\u00e9<\/li><li>\u00c0 but non lucratif<\/li><\/ul><\/div>\n\t\t\t\t<\/div>\n\t\t\t\t\t\t\t\t<\/div>\n\t\t\t\t\t\t<\/div>\n\t\t\t\t<\/div>\n\t\t\t\t\t<\/div>\n\t\t<\/div>\n\t\t\t\t\t<\/div>\n\t\t<\/section>\n\t\t\t\t<\/div>","protected":false},"excerpt":{"rendered":"<p>Foire aux questions\u00a0: Quels sont vos deux principaux services\u00a0? D\u00e9veloppement web enti\u00e8rement g\u00e9r\u00e9 \u2013 HiTech Media con\u00e7oit, d\u00e9veloppe, h\u00e9berge et maintient votre site web de bout en bout pour un forfait mensuel fixe et pr\u00e9visible, garantissant ainsi sa rapidit\u00e9, sa s\u00e9curit\u00e9 et sa mise \u00e0 jour permanente. D\u00e9veloppement d\u2019applications mobiles enti\u00e8rement g\u00e9r\u00e9 \u2013 HiTech Media cr\u00e9e, met \u00e0 jour et maintient vos applications mobiles\u2026<\/p>","protected":false},"author":1,"featured_media":0,"parent":0,"menu_order":0,"comment_status":"closed","ping_status":"closed","template":"","meta":{"footnotes":""},"class_list":["post-1314","page","type-page","status-publish","hentry"],"yoast_head":"<!-- This site is optimized with the Yoast SEO Premium plugin v26.7 (Yoast SEO v27.4) - https:\/\/yoast.com\/product\/yoast-seo-premium-wordpress\/ -->\n<title>FAQ - HiTech Solutions<\/title>\n<meta name=\"robots\" content=\"index, follow, max-snippet:-1, max-image-preview:large, max-video-preview:-1\" \/>\n<link rel=\"canonical\" href=\"https:\/\/hitech.al\/fr\/faq\/\" \/>\n<meta property=\"og:locale\" content=\"fr_FR\" \/>\n<meta property=\"og:type\" content=\"article\" \/>\n<meta property=\"og:title\" content=\"FAQ\" \/>\n<meta property=\"og:description\" content=\"Frequently Asked Questions What are your two primary services? Fully Managed Web Development &#8211; HiTech Media designs, develops, hosts, and maintains your website end-to-end for a fixed and predictable monthly fee\u2014ensuring it stays fast, secure, and always up to date. Fully Managed Mobile App Development &#8211; HiTech Media builds, updates, and maintains your mobile applications...\" \/>\n<meta property=\"og:url\" content=\"https:\/\/hitech.al\/fr\/faq\/\" \/>\n<meta property=\"og:site_name\" content=\"HiTech Solutions\" \/>\n<meta property=\"article:modified_time\" content=\"2025-08-12T14:26:17+00:00\" \/>\n<meta name=\"twitter:card\" content=\"summary_large_image\" \/>\n<meta name=\"twitter:label1\" content=\"Dur\u00e9e de lecture estim\u00e9e\" \/>\n\t<meta name=\"twitter:data1\" content=\"4 minutes\" \/>\n<script type=\"application\/ld+json\" class=\"yoast-schema-graph\">{\"@context\":\"https:\\\/\\\/schema.org\",\"@graph\":[{\"@type\":\"WebPage\",\"@id\":\"https:\\\/\\\/hitech.al\\\/it\\\/faq\\\/\",\"url\":\"https:\\\/\\\/hitech.al\\\/it\\\/faq\\\/\",\"name\":\"FAQ - HiTech Solutions\",\"isPartOf\":{\"@id\":\"https:\\\/\\\/hitech.al\\\/#website\"},\"datePublished\":\"2023-03-14T14:21:56+00:00\",\"dateModified\":\"2025-08-12T14:26:17+00:00\",\"breadcrumb\":{\"@id\":\"https:\\\/\\\/hitech.al\\\/it\\\/faq\\\/#breadcrumb\"},\"inLanguage\":\"fr-FR\",\"potentialAction\":[{\"@type\":\"ReadAction\",\"target\":[\"https:\\\/\\\/hitech.al\\\/it\\\/faq\\\/\"]}]},{\"@type\":\"BreadcrumbList\",\"@id\":\"https:\\\/\\\/hitech.al\\\/it\\\/faq\\\/#breadcrumb\",\"itemListElement\":[{\"@type\":\"ListItem\",\"position\":1,\"name\":\"Home\",\"item\":\"https:\\\/\\\/hitech.al\\\/\"},{\"@type\":\"ListItem\",\"position\":2,\"name\":\"FAQ\"}]},{\"@type\":\"WebSite\",\"@id\":\"https:\\\/\\\/hitech.al\\\/#website\",\"url\":\"https:\\\/\\\/hitech.al\\\/\",\"name\":\"HiTech Media\",\"description\":\"Your Digital Partner\",\"publisher\":{\"@id\":\"https:\\\/\\\/hitech.al\\\/#organization\"},\"potentialAction\":[{\"@type\":\"SearchAction\",\"target\":{\"@type\":\"EntryPoint\",\"urlTemplate\":\"https:\\\/\\\/hitech.al\\\/?s={search_term_string}\"},\"query-input\":{\"@type\":\"PropertyValueSpecification\",\"valueRequired\":true,\"valueName\":\"search_term_string\"}}],\"inLanguage\":\"fr-FR\"},{\"@type\":\"Organization\",\"@id\":\"https:\\\/\\\/hitech.al\\\/#organization\",\"name\":\"HiTech Media\",\"url\":\"https:\\\/\\\/hitech.al\\\/\",\"logo\":{\"@type\":\"ImageObject\",\"inLanguage\":\"fr-FR\",\"@id\":\"https:\\\/\\\/hitech.al\\\/#\\\/schema\\\/logo\\\/image\\\/\",\"url\":\"https:\\\/\\\/hitech.al\\\/wp-content\\\/uploads\\\/2023\\\/03\\\/HITech.png\",\"contentUrl\":\"https:\\\/\\\/hitech.al\\\/wp-content\\\/uploads\\\/2023\\\/03\\\/HITech.png\",\"width\":169,\"height\":40,\"caption\":\"HiTech Media\"},\"image\":{\"@id\":\"https:\\\/\\\/hitech.al\\\/#\\\/schema\\\/logo\\\/image\\\/\"}}]}<\/script>\n<!-- \/ Yoast SEO Premium plugin. -->","yoast_head_json":{"title":"FAQ - HiTech Solutions","robots":{"index":"index","follow":"follow","max-snippet":"max-snippet:-1","max-image-preview":"max-image-preview:large","max-video-preview":"max-video-preview:-1"},"canonical":"https:\/\/hitech.al\/fr\/faq\/","og_locale":"fr_FR","og_type":"article","og_title":"FAQ","og_description":"Frequently Asked Questions What are your two primary services? Fully Managed Web Development &#8211; HiTech Media designs, develops, hosts, and maintains your website end-to-end for a fixed and predictable monthly fee\u2014ensuring it stays fast, secure, and always up to date. Fully Managed Mobile App Development &#8211; HiTech Media builds, updates, and maintains your mobile applications...","og_url":"https:\/\/hitech.al\/fr\/faq\/","og_site_name":"HiTech Solutions","article_modified_time":"2025-08-12T14:26:17+00:00","twitter_card":"summary_large_image","twitter_misc":{"Dur\u00e9e de lecture estim\u00e9e":"4 minutes"},"schema":{"@context":"https:\/\/schema.org","@graph":[{"@type":"WebPage","@id":"https:\/\/hitech.al\/it\/faq\/","url":"https:\/\/hitech.al\/it\/faq\/","name":"FAQ - HiTech Solutions","isPartOf":{"@id":"https:\/\/hitech.al\/#website"},"datePublished":"2023-03-14T14:21:56+00:00","dateModified":"2025-08-12T14:26:17+00:00","breadcrumb":{"@id":"https:\/\/hitech.al\/it\/faq\/#breadcrumb"},"inLanguage":"fr-FR","potentialAction":[{"@type":"ReadAction","target":["https:\/\/hitech.al\/it\/faq\/"]}]},{"@type":"BreadcrumbList","@id":"https:\/\/hitech.al\/it\/faq\/#breadcrumb","itemListElement":[{"@type":"ListItem","position":1,"name":"Home","item":"https:\/\/hitech.al\/"},{"@type":"ListItem","position":2,"name":"FAQ"}]},{"@type":"WebSite","@id":"https:\/\/hitech.al\/#website","url":"https:\/\/hitech.al\/","name":"HiTech Media","description":"Votre partenaire num\u00e9rique","publisher":{"@id":"https:\/\/hitech.al\/#organization"},"potentialAction":[{"@type":"SearchAction","target":{"@type":"EntryPoint","urlTemplate":"https:\/\/hitech.al\/?s={search_term_string}"},"query-input":{"@type":"PropertyValueSpecification","valueRequired":true,"valueName":"search_term_string"}}],"inLanguage":"fr-FR"},{"@type":"Organization","@id":"https:\/\/hitech.al\/#organization","name":"HiTech Media","url":"https:\/\/hitech.al\/","logo":{"@type":"ImageObject","inLanguage":"fr-FR","@id":"https:\/\/hitech.al\/#\/schema\/logo\/image\/","url":"https:\/\/hitech.al\/wp-content\/uploads\/2023\/03\/HITech.png","contentUrl":"https:\/\/hitech.al\/wp-content\/uploads\/2023\/03\/HITech.png","width":169,"height":40,"caption":"HiTech Media"},"image":{"@id":"https:\/\/hitech.al\/#\/schema\/logo\/image\/"}}]}},"jetpack_sharing_enabled":true,"_links":{"self":[{"href":"https:\/\/hitech.al\/fr\/wp-json\/wp\/v2\/pages\/1314","targetHints":{"allow":["GET"]}}],"collection":[{"href":"https:\/\/hitech.al\/fr\/wp-json\/wp\/v2\/pages"}],"about":[{"href":"https:\/\/hitech.al\/fr\/wp-json\/wp\/v2\/types\/page"}],"author":[{"embeddable":true,"href":"https:\/\/hitech.al\/fr\/wp-json\/wp\/v2\/users\/1"}],"replies":[{"embeddable":true,"href":"https:\/\/hitech.al\/fr\/wp-json\/wp\/v2\/comments?post=1314"}],"version-history":[{"count":0,"href":"https:\/\/hitech.al\/fr\/wp-json\/wp\/v2\/pages\/1314\/revisions"}],"wp:attachment":[{"href":"https:\/\/hitech.al\/fr\/wp-json\/wp\/v2\/media?parent=1314"}],"curies":[{"name":"wp","href":"https:\/\/api.w.org\/{rel}","templated":true}]}}