{"id":987677,"date":"2025-08-04T15:37:34","date_gmt":"2025-08-04T15:37:34","guid":{"rendered":"https:\/\/hitech.al\/?page_id=987677"},"modified":"2025-08-04T16:10:03","modified_gmt":"2025-08-04T16:10:03","slug":"restaurador","status":"publish","type":"page","link":"https:\/\/hitech.al\/es\/restaurador\/","title":{"rendered":"Oferta de sitios web de restaurantes"},"content":{"rendered":"<div data-elementor-type=\"wp-page\" data-elementor-id=\"987677\" class=\"elementor elementor-987677\" data-elementor-post-type=\"page\">\n\t\t\t\t\t\t<section class=\"elementor-section elementor-top-section elementor-element elementor-element-7d74aa78 elementor-section-content-middle elementor-reverse-mobile elementor-section-boxed elementor-section-height-default elementor-section-height-default\" data-id=\"7d74aa78\" data-element_type=\"section\">\n\t\t\t\t\t\t<div class=\"elementor-container elementor-column-gap-no\">\n\t\t\t\t\t<div class=\"elementor-column elementor-col-50 elementor-top-column elementor-element elementor-element-3aba77a3\" data-id=\"3aba77a3\" data-element_type=\"column\">\n\t\t\t<div class=\"elementor-widget-wrap elementor-element-populated\">\n\t\t\t\t\t\t<div class=\"elementor-element elementor-element-6efcf987 elementor-widget elementor-widget-heading\" data-id=\"6efcf987\" data-element_type=\"widget\" data-widget_type=\"heading.default\">\n\t\t\t\t<div class=\"elementor-widget-container\">\n\t\t\t\t\t<h3 class=\"elementor-heading-title elementor-size-default\">Genere m\u00e1s reservas y pedidos con un sitio web de restaurante moderno<\/h3>\t\t\t\t<\/div>\n\t\t\t\t<\/div>\n\t\t\t\t<div class=\"elementor-element elementor-element-45d67840 elementor-widget elementor-widget-text-editor\" data-id=\"45d67840\" data-element_type=\"widget\" data-widget_type=\"text-editor.default\">\n\t\t\t\t<div class=\"elementor-widget-container\">\n\t\t\t\t\t\t\t\t\t<p data-start=\"780\" data-end=\"1503\">Su restaurante es m\u00e1s que un lugar para comer; es una experiencia. Pero si los clientes no pueden encontrarlo en l\u00ednea, no ven un men\u00fa atractivo o no pueden reservar mesa f\u00e1cilmente, est\u00e1 perdiendo dinero. HiTech Media ofrece la soluci\u00f3n completa: un sitio web moderno para restaurantes que combina un delicioso men\u00fa 3D, reservas en l\u00ednea inteligentes, pedidos directos sin complicaciones y visibilidad local integrada para que los comensales de Tirana lo encuentren primero. Todo se gestiona mediante un proceso sencillo y guiado: consulta, dise\u00f1o, desarrollo, lanzamiento y soporte continuo. Dote a su restaurante de una presencia digital que llame la atenci\u00f3n y convierta las visitas en reservas.<\/p>\t\t\t\t\t\t\t\t<\/div>\n\t\t\t\t<\/div>\n\t\t\t\t<section class=\"elementor-section elementor-inner-section elementor-element elementor-element-5442ba2f elementor-section-boxed elementor-section-height-default elementor-section-height-default\" data-id=\"5442ba2f\" data-element_type=\"section\">\n\t\t\t\t\t\t<div class=\"elementor-container elementor-column-gap-default\">\n\t\t\t\t\t<div class=\"elementor-column elementor-col-50 elementor-inner-column elementor-element elementor-element-22a8dc52\" data-id=\"22a8dc52\" data-element_type=\"column\">\n\t\t\t<div class=\"elementor-widget-wrap elementor-element-populated\">\n\t\t\t\t\t\t<div class=\"vamtam-has-theme-widget-styles elementor-element elementor-element-6ba81974 elementor-position-left elementor-view-default elementor-mobile-position-top elementor-vertical-align-top elementor-widget elementor-widget-icon-box\" data-id=\"6ba81974\" data-element_type=\"widget\" data-widget_type=\"icon-box.default\">\n\t\t\t\t<div class=\"elementor-widget-container\">\n\t\t\t\t\t\t\t<div class=\"elementor-icon-box-wrapper\">\n\n\t\t\t\t\t\t<div class=\"elementor-icon-box-icon\">\n\t\t\t\t<span  class=\"elementor-icon\">\n\t\t\t\t<i aria-hidden=\"true\" class=\"vamtamtheme- vamtam-theme-check-box\"><\/i>\t\t\t\t<\/span>\n\t\t\t<\/div>\n\t\t\t\n\t\t\t\t\t\t<div class=\"elementor-icon-box-content\">\n\n\t\t\t\t\t\t\t\t\t<h3 class=\"elementor-icon-box-title\">\n\t\t\t\t\t\t<span  >\n\t\t\t\t\t\t\tMen\u00fa 3D\t\t\t\t\t\t<\/span>\n\t\t\t\t\t<\/h3>\n\t\t\t\t\n\t\t\t\t\t\t\t\t\t<p class=\"elementor-icon-box-description\">\n\t\t\t\t\t\tUn men\u00fa inmersivo e interactivo que muestra platos con profundidad, im\u00e1genes y detalles clave, lo que ayuda a los comensales a explorar y elegir con la sensaci\u00f3n de una experiencia de la vida real.\t\t\t\t\t<\/p>\n\t\t\t\t\n\t\t\t<\/div>\n\t\t\t\n\t\t<\/div>\n\t\t\t\t\t\t<\/div>\n\t\t\t\t<\/div>\n\t\t\t\t<div class=\"vamtam-has-theme-widget-styles elementor-element elementor-element-1be344f0 elementor-position-left elementor-view-default elementor-mobile-position-top elementor-vertical-align-top elementor-widget elementor-widget-icon-box\" data-id=\"1be344f0\" data-element_type=\"widget\" data-widget_type=\"icon-box.default\">\n\t\t\t\t<div class=\"elementor-widget-container\">\n\t\t\t\t\t\t\t<div class=\"elementor-icon-box-wrapper\">\n\n\t\t\t\t\t\t<div class=\"elementor-icon-box-icon\">\n\t\t\t\t<span  class=\"elementor-icon\">\n\t\t\t\t<i aria-hidden=\"true\" class=\"vamtamtheme- vamtam-theme-check-box\"><\/i>\t\t\t\t<\/span>\n\t\t\t<\/div>\n\t\t\t\n\t\t\t\t\t\t<div class=\"elementor-icon-box-content\">\n\n\t\t\t\t\t\t\t\t\t<h3 class=\"elementor-icon-box-title\">\n\t\t\t\t\t\t<span  >\n\t\t\t\t\t\t\tMultilenguaje\t\t\t\t\t\t<\/span>\n\t\t\t\t\t<\/h3>\n\t\t\t\t\n\t\t\t\t\t\t\t\t\t<p class=\"elementor-icon-box-description\">\n\t\t\t\t\t\tEl contenido del sitio web y del men\u00fa est\u00e1 disponible en varios idiomas con detecci\u00f3n autom\u00e1tica y alternancia manual, preservando el SEO y haciendo que su restaurante sea accesible tanto para locales como para turistas.\n\t\t\t\t\t<\/p>\n\t\t\t\t\n\t\t\t<\/div>\n\t\t\t\n\t\t<\/div>\n\t\t\t\t\t\t<\/div>\n\t\t\t\t<\/div>\n\t\t\t\t\t<\/div>\n\t\t<\/div>\n\t\t\t\t<div class=\"elementor-column elementor-col-50 elementor-inner-column elementor-element elementor-element-46aa030e\" data-id=\"46aa030e\" data-element_type=\"column\">\n\t\t\t<div class=\"elementor-widget-wrap elementor-element-populated\">\n\t\t\t\t\t\t<div class=\"vamtam-has-theme-widget-styles elementor-element elementor-element-323cbb7b elementor-position-left elementor-view-default elementor-mobile-position-top elementor-vertical-align-top elementor-widget elementor-widget-icon-box\" data-id=\"323cbb7b\" data-element_type=\"widget\" data-widget_type=\"icon-box.default\">\n\t\t\t\t<div class=\"elementor-widget-container\">\n\t\t\t\t\t\t\t<div class=\"elementor-icon-box-wrapper\">\n\n\t\t\t\t\t\t<div class=\"elementor-icon-box-icon\">\n\t\t\t\t<span  class=\"elementor-icon\">\n\t\t\t\t<i aria-hidden=\"true\" class=\"vamtamtheme- vamtam-theme-check-box\"><\/i>\t\t\t\t<\/span>\n\t\t\t<\/div>\n\t\t\t\n\t\t\t\t\t\t<div class=\"elementor-icon-box-content\">\n\n\t\t\t\t\t\t\t\t\t<h3 class=\"elementor-icon-box-title\">\n\t\t\t\t\t\t<span  >\n\t\t\t\t\t\t\tReserva en l\u00ednea\t\t\t\t\t\t<\/span>\n\t\t\t\t\t<\/h3>\n\t\t\t\t\n\t\t\t\t\t\t\t\t\t<p class=\"elementor-icon-box-description\">\n\t\t\t\t\t\tReserva de mesa en tiempo real con fecha y hora seleccionables, confirmaci\u00f3n instant\u00e1nea por correo electr\u00f3nico o SMS y recordatorios opcionales, lo que elimina las llamadas telef\u00f3nicas y reduce las inasistencias.\n\t\t\t\t\t<\/p>\n\t\t\t\t\n\t\t\t<\/div>\n\t\t\t\n\t\t<\/div>\n\t\t\t\t\t\t<\/div>\n\t\t\t\t<\/div>\n\t\t\t\t<div class=\"vamtam-has-theme-widget-styles elementor-element elementor-element-2b7a5fb0 elementor-position-left elementor-view-default elementor-mobile-position-top elementor-vertical-align-top elementor-widget elementor-widget-icon-box\" data-id=\"2b7a5fb0\" data-element_type=\"widget\" data-widget_type=\"icon-box.default\">\n\t\t\t\t<div class=\"elementor-widget-container\">\n\t\t\t\t\t\t\t<div class=\"elementor-icon-box-wrapper\">\n\n\t\t\t\t\t\t<div class=\"elementor-icon-box-icon\">\n\t\t\t\t<span  class=\"elementor-icon\">\n\t\t\t\t<i aria-hidden=\"true\" class=\"vamtamtheme- vamtam-theme-check-box\"><\/i>\t\t\t\t<\/span>\n\t\t\t<\/div>\n\t\t\t\n\t\t\t\t\t\t<div class=\"elementor-icon-box-content\">\n\n\t\t\t\t\t\t\t\t\t<h3 class=\"elementor-icon-box-title\">\n\t\t\t\t\t\t<span  >\n\t\t\t\t\t\t\tWhatsApp\t\t\t\t\t\t<\/span>\n\t\t\t\t\t<\/h3>\n\t\t\t\t\n\t\t\t\t\t\t\t\t\t<p class=\"elementor-icon-box-description\">\n\t\t\t\t\t\tLos pedidos con un solo clic se integran en WhatsApp con un resumen precargado, confirmaciones instant\u00e1neas y chat en vivo para realizar modificaciones, lo que hace que el pedido sea r\u00e1pido y conversacional.\n\t\t\t\t\t<\/p>\n\t\t\t\t\n\t\t\t<\/div>\n\t\t\t\n\t\t<\/div>\n\t\t\t\t\t\t<\/div>\n\t\t\t\t<\/div>\n\t\t\t\t\t<\/div>\n\t\t<\/div>\n\t\t\t\t\t<\/div>\n\t\t<\/section>\n\t\t\t\t\t<\/div>\n\t\t<\/div>\n\t\t\t\t<div class=\"elementor-column elementor-col-50 elementor-top-column elementor-element elementor-element-60aa4363\" data-id=\"60aa4363\" data-element_type=\"column\" data-settings=\"{&quot;background_background&quot;:&quot;classic&quot;}\">\n\t\t\t<div class=\"elementor-widget-wrap elementor-element-populated\">\n\t\t\t\t\t\t<div class=\"elementor-element elementor-element-7054b9c4 elementor-widget elementor-widget-spacer\" data-id=\"7054b9c4\" data-element_type=\"widget\" data-widget_type=\"spacer.default\">\n\t\t\t\t<div class=\"elementor-widget-container\">\n\t\t\t\t\t\t\t<div class=\"elementor-spacer\">\n\t\t\t<div class=\"elementor-spacer-inner\"><\/div>\n\t\t<\/div>\n\t\t\t\t\t\t<\/div>\n\t\t\t\t<\/div>\n\t\t\t\t\t<\/div>\n\t\t<\/div>\n\t\t\t\t\t<\/div>\n\t\t<\/section>\n\t\t\t\t<\/div>","protected":false},"excerpt":{"rendered":"<p>Drive More Reservations &amp; Orders with a Modern Restaurant Website Your restaurant is more than a place to eat; it\u2019s an experience. But if customers can\u2019t find you online, don\u2019t see an appealing menu, or can\u2019t book a table with ease, you\u2019re leaving money on the table. HiTech Media delivers the full solution: a modern&#8230;<\/p>","protected":false},"author":1,"featured_media":0,"parent":0,"menu_order":0,"comment_status":"closed","ping_status":"closed","template":"elementor_theme","meta":{"footnotes":""},"class_list":["post-987677","page","type-page","status-publish","hentry"],"yoast_head":"<!-- This site is optimized with the Yoast SEO Premium plugin v26.7 (Yoast SEO v26.7) - https:\/\/yoast.com\/wordpress\/plugins\/seo\/ -->\n<title>Restaurants Website Offer - HiTech Solutions<\/title>\n<meta name=\"robots\" content=\"index, follow, max-snippet:-1, max-image-preview:large, max-video-preview:-1\" \/>\n<link rel=\"canonical\" href=\"https:\/\/hitech.al\/es\/restaurador\/\" \/>\n<meta property=\"og:locale\" content=\"es_ES\" \/>\n<meta property=\"og:type\" content=\"article\" \/>\n<meta property=\"og:title\" content=\"Restaurants Website Offer\" \/>\n<meta property=\"og:description\" content=\"Drive More Reservations &amp; Orders with a Modern Restaurant Website Your restaurant is more than a place to eat; it\u2019s an experience. But if customers can\u2019t find you online, don\u2019t see an appealing menu, or can\u2019t book a table with ease, you\u2019re leaving money on the table. HiTech Media delivers the full solution: a modern...\" \/>\n<meta property=\"og:url\" content=\"https:\/\/hitech.al\/es\/restaurador\/\" \/>\n<meta property=\"og:site_name\" content=\"HiTech Solutions\" \/>\n<meta property=\"article:modified_time\" content=\"2025-08-04T16:10:03+00:00\" \/>\n<meta name=\"twitter:card\" content=\"summary_large_image\" \/>\n<meta name=\"twitter:label1\" content=\"Tiempo de lectura\" \/>\n\t<meta name=\"twitter:data1\" content=\"1 minuto\" \/>\n<script type=\"application\/ld+json\" class=\"yoast-schema-graph\">{\"@context\":\"https:\/\/schema.org\",\"@graph\":[{\"@type\":\"WebPage\",\"@id\":\"https:\/\/hitech.al\/restorant\/\",\"url\":\"https:\/\/hitech.al\/restorant\/\",\"name\":\"Restaurants Website Offer - HiTech Solutions\",\"isPartOf\":{\"@id\":\"https:\/\/hitech.al\/#website\"},\"datePublished\":\"2025-08-04T15:37:34+00:00\",\"dateModified\":\"2025-08-04T16:10:03+00:00\",\"breadcrumb\":{\"@id\":\"https:\/\/hitech.al\/restorant\/#breadcrumb\"},\"inLanguage\":\"es\",\"potentialAction\":[{\"@type\":\"ReadAction\",\"target\":[\"https:\/\/hitech.al\/restorant\/\"]}]},{\"@type\":\"BreadcrumbList\",\"@id\":\"https:\/\/hitech.al\/restorant\/#breadcrumb\",\"itemListElement\":[{\"@type\":\"ListItem\",\"position\":1,\"name\":\"Home\",\"item\":\"https:\/\/hitech.al\/\"},{\"@type\":\"ListItem\",\"position\":2,\"name\":\"Restaurants Website Offer\"}]},{\"@type\":\"WebSite\",\"@id\":\"https:\/\/hitech.al\/#website\",\"url\":\"https:\/\/hitech.al\/\",\"name\":\"HiTech Media\",\"description\":\"Your Digital Partner\",\"publisher\":{\"@id\":\"https:\/\/hitech.al\/#organization\"},\"potentialAction\":[{\"@type\":\"SearchAction\",\"target\":{\"@type\":\"EntryPoint\",\"urlTemplate\":\"https:\/\/hitech.al\/?s={search_term_string}\"},\"query-input\":{\"@type\":\"PropertyValueSpecification\",\"valueRequired\":true,\"valueName\":\"search_term_string\"}}],\"inLanguage\":\"es\"},{\"@type\":\"Organization\",\"@id\":\"https:\/\/hitech.al\/#organization\",\"name\":\"HiTech Media\",\"url\":\"https:\/\/hitech.al\/\",\"logo\":{\"@type\":\"ImageObject\",\"inLanguage\":\"es\",\"@id\":\"https:\/\/hitech.al\/#\/schema\/logo\/image\/\",\"url\":\"https:\/\/hitech.al\/wp-content\/uploads\/2023\/03\/HITech.png\",\"contentUrl\":\"https:\/\/hitech.al\/wp-content\/uploads\/2023\/03\/HITech.png\",\"width\":169,\"height\":40,\"caption\":\"HiTech Media\"},\"image\":{\"@id\":\"https:\/\/hitech.al\/#\/schema\/logo\/image\/\"}}]}<\/script>\n<!-- \/ Yoast SEO Premium plugin. -->","yoast_head_json":{"title":"Oferta de sitios web de restaurantes - HiTech Solutions","robots":{"index":"index","follow":"follow","max-snippet":"max-snippet:-1","max-image-preview":"max-image-preview:large","max-video-preview":"max-video-preview:-1"},"canonical":"https:\/\/hitech.al\/es\/restaurador\/","og_locale":"es_ES","og_type":"article","og_title":"Restaurants Website Offer","og_description":"Drive More Reservations &amp; Orders with a Modern Restaurant Website Your restaurant is more than a place to eat; it\u2019s an experience. But if customers can\u2019t find you online, don\u2019t see an appealing menu, or can\u2019t book a table with ease, you\u2019re leaving money on the table. HiTech Media delivers the full solution: a modern...","og_url":"https:\/\/hitech.al\/es\/restaurador\/","og_site_name":"HiTech Solutions","article_modified_time":"2025-08-04T16:10:03+00:00","twitter_card":"summary_large_image","twitter_misc":{"Tiempo de lectura":"1 minuto"},"schema":{"@context":"https:\/\/schema.org","@graph":[{"@type":"WebPage","@id":"https:\/\/hitech.al\/restorant\/","url":"https:\/\/hitech.al\/restorant\/","name":"Oferta de sitios web de restaurantes - HiTech Solutions","isPartOf":{"@id":"https:\/\/hitech.al\/#website"},"datePublished":"2025-08-04T15:37:34+00:00","dateModified":"2025-08-04T16:10:03+00:00","breadcrumb":{"@id":"https:\/\/hitech.al\/restorant\/#breadcrumb"},"inLanguage":"es","potentialAction":[{"@type":"ReadAction","target":["https:\/\/hitech.al\/restorant\/"]}]},{"@type":"BreadcrumbList","@id":"https:\/\/hitech.al\/restorant\/#breadcrumb","itemListElement":[{"@type":"ListItem","position":1,"name":"Home","item":"https:\/\/hitech.al\/"},{"@type":"ListItem","position":2,"name":"Restaurants Website Offer"}]},{"@type":"WebSite","@id":"https:\/\/hitech.al\/#website","url":"https:\/\/hitech.al\/","name":"Medios de alta tecnolog\u00eda","description":"Su socio digital","publisher":{"@id":"https:\/\/hitech.al\/#organization"},"potentialAction":[{"@type":"SearchAction","target":{"@type":"EntryPoint","urlTemplate":"https:\/\/hitech.al\/?s={search_term_string}"},"query-input":{"@type":"PropertyValueSpecification","valueRequired":true,"valueName":"search_term_string"}}],"inLanguage":"es"},{"@type":"Organization","@id":"https:\/\/hitech.al\/#organization","name":"Medios de alta tecnolog\u00eda","url":"https:\/\/hitech.al\/","logo":{"@type":"ImageObject","inLanguage":"es","@id":"https:\/\/hitech.al\/#\/schema\/logo\/image\/","url":"https:\/\/hitech.al\/wp-content\/uploads\/2023\/03\/HITech.png","contentUrl":"https:\/\/hitech.al\/wp-content\/uploads\/2023\/03\/HITech.png","width":169,"height":40,"caption":"HiTech Media"},"image":{"@id":"https:\/\/hitech.al\/#\/schema\/logo\/image\/"}}]}},"jetpack_sharing_enabled":true,"_links":{"self":[{"href":"https:\/\/hitech.al\/es\/wp-json\/wp\/v2\/pages\/987677","targetHints":{"allow":["GET"]}}],"collection":[{"href":"https:\/\/hitech.al\/es\/wp-json\/wp\/v2\/pages"}],"about":[{"href":"https:\/\/hitech.al\/es\/wp-json\/wp\/v2\/types\/page"}],"author":[{"embeddable":true,"href":"https:\/\/hitech.al\/es\/wp-json\/wp\/v2\/users\/1"}],"replies":[{"embeddable":true,"href":"https:\/\/hitech.al\/es\/wp-json\/wp\/v2\/comments?post=987677"}],"version-history":[{"count":0,"href":"https:\/\/hitech.al\/es\/wp-json\/wp\/v2\/pages\/987677\/revisions"}],"wp:attachment":[{"href":"https:\/\/hitech.al\/es\/wp-json\/wp\/v2\/media?parent=987677"}],"curies":[{"name":"gracias","href":"https:\/\/api.w.org\/{rel}","templated":true}]}}