{"id":7166,"date":"2023-04-03T12:57:06","date_gmt":"2023-04-03T12:57:06","guid":{"rendered":"https:\/\/tecnologia.vamtam.com\/?page_id=7166"},"modified":"2025-08-04T15:13:44","modified_gmt":"2025-08-04T15:13:44","slug":"sanidad","status":"publish","type":"page","link":"https:\/\/hitech.al\/es\/industrias\/sanidad\/","title":{"rendered":"Cuidado de la salud"},"content":{"rendered":"<div data-elementor-type=\"wp-page\" data-elementor-id=\"7166\" class=\"elementor elementor-7166\" data-elementor-post-type=\"page\">\n\t\t\t\t\t\t<section class=\"elementor-section elementor-top-section elementor-element elementor-element-7dbaacd1 elementor-section-boxed elementor-section-height-default elementor-section-height-default\" data-id=\"7dbaacd1\" data-element_type=\"section\">\n\t\t\t\t\t\t<div class=\"elementor-container elementor-column-gap-no\">\n\t\t\t\t\t<div class=\"elementor-column elementor-col-100 elementor-top-column elementor-element elementor-element-42234773\" data-id=\"42234773\" data-element_type=\"column\">\n\t\t\t<div class=\"elementor-widget-wrap elementor-element-populated\">\n\t\t\t\t\t\t<div class=\"elementor-element elementor-element-7ce06c28 elementor-widget__width-auto elementor-widget elementor-widget-heading\" data-id=\"7ce06c28\" data-element_type=\"widget\" data-widget_type=\"heading.default\">\n\t\t\t\t<div class=\"elementor-widget-container\">\n\t\t\t\t\t<div class=\"elementor-heading-title elementor-size-default\">Enfocar<\/div>\t\t\t\t<\/div>\n\t\t\t\t<\/div>\n\t\t\t\t<div class=\"elementor-element elementor-element-5e708dbe elementor-widget elementor-widget-text-editor\" data-id=\"5e708dbe\" data-element_type=\"widget\" data-widget_type=\"text-editor.default\">\n\t\t\t\t<div class=\"elementor-widget-container\">\n\t\t\t\t\t\t\t\t\t<p>Tiene pedidos que atender, env\u00edos que realizar y clientes que satisfacer. \u00bfPor qu\u00e9 malgastar su tiempo y valiosos recursos de producci\u00f3n preocup\u00e1ndose por su infraestructura de TI? Con el proveedor de servicios gestionados adecuado, puede estar tranquilo sabiendo que todas sus tareas diarias de TI est\u00e1n cubiertas, para que pueda concentrarse en su trabajo. En HiTech Media, comprendemos las exigencias \u00fanicas de la gesti\u00f3n de TI en un entorno de fabricaci\u00f3n, ya sea el mantenimiento de su IoT o la correcta aplicaci\u00f3n de parches y actualizaciones de su sistema ERP. Perm\u00edtanos ayudarle a mantener su planta en marcha y a crear un plan de infraestructura de TI que le permita crecer.<\/p>\t\t\t\t\t\t\t\t<\/div>\n\t\t\t\t<\/div>\n\t\t\t\t\t<\/div>\n\t\t<\/div>\n\t\t\t\t\t<\/div>\n\t\t<\/section>\n\t\t\t\t<section class=\"elementor-section elementor-top-section elementor-element elementor-element-6eeab61b elementor-section-items-stretch elementor-section-content-bottom elementor-section-height-min-height elementor-section-boxed elementor-section-height-default\" data-id=\"6eeab61b\" data-element_type=\"section\">\n\t\t\t\t\t\t<div class=\"elementor-container elementor-column-gap-no\">\n\t\t\t\t\t<div class=\"elementor-column elementor-col-50 elementor-top-column elementor-element elementor-element-37409e19\" data-id=\"37409e19\" data-element_type=\"column\" data-settings=\"{&quot;background_background&quot;:&quot;classic&quot;}\">\n\t\t\t<div class=\"elementor-widget-wrap elementor-element-populated\">\n\t\t\t\t\t\t<div class=\"elementor-element elementor-element-1b683f34 elementor-widget elementor-widget-spacer\" data-id=\"1b683f34\" data-element_type=\"widget\" data-widget_type=\"spacer.default\">\n\t\t\t\t<div class=\"elementor-widget-container\">\n\t\t\t\t\t\t\t<div class=\"elementor-spacer\">\n\t\t\t<div class=\"elementor-spacer-inner\"><\/div>\n\t\t<\/div>\n\t\t\t\t\t\t<\/div>\n\t\t\t\t<\/div>\n\t\t\t\t\t<\/div>\n\t\t<\/div>\n\t\t\t\t<div class=\"elementor-column elementor-col-50 elementor-top-column elementor-element elementor-element-629e738e\" data-id=\"629e738e\" data-element_type=\"column\">\n\t\t\t<div class=\"elementor-widget-wrap elementor-element-populated\">\n\t\t\t\t\t\t<div class=\"elementor-element elementor-element-7bd99560 elementor-widget-mobile__width-inherit elementor-widget elementor-widget-heading\" data-id=\"7bd99560\" data-element_type=\"widget\" data-widget_type=\"heading.default\">\n\t\t\t\t<div class=\"elementor-widget-container\">\n\t\t\t\t\t<h2 class=\"elementor-heading-title elementor-size-default\">Su socio local de TI para fabricaci\u00f3n, en el sitio y de guardia<\/h2>\t\t\t\t<\/div>\n\t\t\t\t<\/div>\n\t\t\t\t<div class=\"elementor-element elementor-element-33020f85 elementor-widget-mobile__width-inherit elementor-widget elementor-widget-text-editor\" data-id=\"33020f85\" data-element_type=\"widget\" data-widget_type=\"text-editor.default\">\n\t\t\t\t<div class=\"elementor-widget-container\">\n\t\t\t\t\t\t\t\t\t<p>HiTech Media ofrece a nuestros clientes lo mejor de ambos mundos: ingenieros locales, personal de servicio y vCIO (directores de sistemas virtuales) que gestionan su cuenta y sus llamadas de servicio, con el respaldo de una red nacional de t\u00e9cnicos altamente capacitados. Sus instalaciones estar\u00e1n cubiertas por t\u00e9cnicos de servicio certificados con sede en EE. UU. a cualquier hora.<\/p><p>Su vCIO local y dedicado realizar\u00e1 evaluaciones estrat\u00e9gicas, an\u00e1lisis de deficiencias y gesti\u00f3n de proyectos para su TI. Garantiza que nuestros clientes cuenten con la capacidad de red, el hardware\/software y las soluciones de ciberseguridad necesarias para satisfacer las necesidades de su empresa, ya sea en planta, en campo o en la oficina.<\/p>\t\t\t\t\t\t\t\t<\/div>\n\t\t\t\t<\/div>\n\t\t\t\t\t<\/div>\n\t\t<\/div>\n\t\t\t\t\t<\/div>\n\t\t<\/section>\n\t\t\t\t<section class=\"elementor-section elementor-top-section elementor-element elementor-element-4348a843 elementor-section-boxed elementor-section-height-default elementor-section-height-default\" data-id=\"4348a843\" data-element_type=\"section\">\n\t\t\t\t\t\t<div class=\"elementor-container elementor-column-gap-no\">\n\t\t\t\t\t<div class=\"elementor-column elementor-col-50 elementor-top-column elementor-element elementor-element-2be7e711\" data-id=\"2be7e711\" data-element_type=\"column\">\n\t\t\t<div class=\"elementor-widget-wrap elementor-element-populated\">\n\t\t\t\t\t\t<div class=\"elementor-element elementor-element-67a34a25 elementor-widget elementor-widget-heading\" data-id=\"67a34a25\" data-element_type=\"widget\" data-widget_type=\"heading.default\">\n\t\t\t\t<div class=\"elementor-widget-container\">\n\t\t\t\t\t<h2 class=\"elementor-heading-title elementor-size-default\">Servicios de TI de fabricaci\u00f3n, entregados a escala<\/h2>\t\t\t\t<\/div>\n\t\t\t\t<\/div>\n\t\t\t\t\t<\/div>\n\t\t<\/div>\n\t\t\t\t<div class=\"elementor-column elementor-col-50 elementor-top-column elementor-element elementor-element-191e1590 elementor-hidden-tablet elementor-hidden-mobile\" data-id=\"191e1590\" data-element_type=\"column\">\n\t\t\t<div class=\"elementor-widget-wrap\">\n\t\t\t\t\t\t\t<\/div>\n\t\t<\/div>\n\t\t\t\t\t<\/div>\n\t\t<\/section>\n\t\t\t\t<section class=\"elementor-section elementor-top-section elementor-element elementor-element-4f3f3c96 elementor-section-boxed elementor-section-height-default elementor-section-height-default\" data-id=\"4f3f3c96\" data-element_type=\"section\">\n\t\t\t\t\t\t<div class=\"elementor-container elementor-column-gap-no\">\n\t\t\t\t\t<div class=\"elementor-column elementor-col-33 elementor-top-column elementor-element elementor-element-20d6ecf\" data-id=\"20d6ecf\" data-element_type=\"column\">\n\t\t\t<div class=\"elementor-widget-wrap elementor-element-populated\">\n\t\t\t\t\t\t<div class=\"elementor-element elementor-element-79c954a elementor-widget elementor-widget-text-editor\" data-id=\"79c954a\" data-element_type=\"widget\" data-widget_type=\"text-editor.default\">\n\t\t\t\t<div class=\"elementor-widget-container\">\n\t\t\t\t\t\t\t\t\t<p>\u00bfCu\u00e1nto tiempo dedica a reparar sistemas cuando se aver\u00edan? \u00bfCu\u00e1nta productividad pierde debido a conexiones lentas o deficientes? HiTech Media puede ayudarle a resolver los problemas que afectan su productividad.<\/p>\t\t\t\t\t\t\t\t<\/div>\n\t\t\t\t<\/div>\n\t\t\t\t\t<\/div>\n\t\t<\/div>\n\t\t\t\t<div class=\"elementor-column elementor-col-33 elementor-top-column elementor-element elementor-element-dc56f7a\" data-id=\"dc56f7a\" data-element_type=\"column\">\n\t\t\t<div class=\"elementor-widget-wrap\">\n\t\t\t\t\t\t\t<\/div>\n\t\t<\/div>\n\t\t\t\t<div class=\"elementor-column elementor-col-33 elementor-top-column elementor-element elementor-element-2a17bd8b\" data-id=\"2a17bd8b\" data-element_type=\"column\">\n\t\t\t<div class=\"elementor-widget-wrap elementor-element-populated\">\n\t\t\t\t\t\t<div class=\"elementor-element elementor-element-62e55c16 elementor-widget elementor-widget-text-editor\" data-id=\"62e55c16\" data-element_type=\"widget\" data-widget_type=\"text-editor.default\">\n\t\t\t\t<div class=\"elementor-widget-container\">\n\t\t\t\t\t\t\t\t\t<p>Nuestros t\u00e9cnicos de servicio locales pueden estar presentes cuando sea necesario, gestion\u00e1ndose con instalaciones y mantenimiento. Hacemos el trabajo correctamente desde el principio, equipando a su empresa con soluciones de hardware, software y redes que integran a la perfecci\u00f3n toda su tecnolog\u00eda.<\/p>\t\t\t\t\t\t\t\t<\/div>\n\t\t\t\t<\/div>\n\t\t\t\t\t<\/div>\n\t\t<\/div>\n\t\t\t\t\t<\/div>\n\t\t<\/section>\n\t\t\t\t<section class=\"elementor-section elementor-top-section elementor-element elementor-element-1708b071 elementor-section-boxed elementor-section-height-default elementor-section-height-default\" data-id=\"1708b071\" data-element_type=\"section\">\n\t\t\t\t\t\t<div class=\"elementor-container elementor-column-gap-no\">\n\t\t\t\t\t<div class=\"elementor-column elementor-col-100 elementor-top-column elementor-element elementor-element-5f2f3012\" data-id=\"5f2f3012\" data-element_type=\"column\" data-settings=\"{&quot;background_background&quot;:&quot;classic&quot;,&quot;background_motion_fx_motion_fx_scrolling&quot;:&quot;yes&quot;,&quot;background_motion_fx_translateX_effect&quot;:&quot;yes&quot;,&quot;background_motion_fx_translateX_speed&quot;:{&quot;unit&quot;:&quot;px&quot;,&quot;size&quot;:3,&quot;sizes&quot;:[]},&quot;background_motion_fx_devices&quot;:[&quot;desktop&quot;],&quot;background_motion_fx_translateX_affectedRange&quot;:{&quot;unit&quot;:&quot;%&quot;,&quot;size&quot;:&quot;&quot;,&quot;sizes&quot;:{&quot;start&quot;:0,&quot;end&quot;:100}}}\">\n\t\t\t<div class=\"elementor-widget-wrap elementor-element-populated\">\n\t\t\t\t\t\t<div class=\"elementor-element elementor-element-3c7a6152 elementor-widget elementor-widget-heading\" data-id=\"3c7a6152\" data-element_type=\"widget\" data-widget_type=\"heading.default\">\n\t\t\t\t<div class=\"elementor-widget-container\">\n\t\t\t\t\t<h2 class=\"elementor-heading-title elementor-size-default\">Nuestros servicios de TI para fabricantes<\/h2>\t\t\t\t<\/div>\n\t\t\t\t<\/div>\n\t\t\t\t<div class=\"elementor-element elementor-element-752223a6 elementor-widget__width-initial elementor-widget-mobile__width-inherit elementor-icon-list--layout-traditional elementor-list-item-link-full_width elementor-widget elementor-widget-icon-list\" data-id=\"752223a6\" data-element_type=\"widget\" data-widget_type=\"icon-list.default\">\n\t\t\t\t<div class=\"elementor-widget-container\">\n\t\t\t\t\t\t\t<ul class=\"elementor-icon-list-items\">\n\t\t\t\t\t\t\t<li class=\"elementor-icon-list-item\">\n\t\t\t\t\t\t\t\t\t\t\t<span class=\"elementor-icon-list-icon\">\n\t\t\t\t\t\t\t<i aria-hidden=\"true\" class=\"vamtamtheme- vamtam-theme-check-box\"><\/i>\t\t\t\t\t\t<\/span>\n\t\t\t\t\t\t\t\t\t\t<span class=\"elementor-icon-list-text\">Mesa de ayuda con sede en EE. UU., disponible las 24 horas, los 7 d\u00edas de la semana<\/span>\n\t\t\t\t\t\t\t\t\t<\/li>\n\t\t\t\t\t\t\t\t<li class=\"elementor-icon-list-item\">\n\t\t\t\t\t\t\t\t\t\t\t<span class=\"elementor-icon-list-icon\">\n\t\t\t\t\t\t\t<i aria-hidden=\"true\" class=\"vamtamtheme- vamtam-theme-check-box\"><\/i>\t\t\t\t\t\t<\/span>\n\t\t\t\t\t\t\t\t\t\t<span class=\"elementor-icon-list-text\">Dise\u00f1o de sistemas y redes<\/span>\n\t\t\t\t\t\t\t\t\t<\/li>\n\t\t\t\t\t\t\t\t<li class=\"elementor-icon-list-item\">\n\t\t\t\t\t\t\t\t\t\t\t<span class=\"elementor-icon-list-icon\">\n\t\t\t\t\t\t\t<i aria-hidden=\"true\" class=\"vamtamtheme- vamtam-theme-check-box\"><\/i>\t\t\t\t\t\t<\/span>\n\t\t\t\t\t\t\t\t\t\t<span class=\"elementor-icon-list-text\">Gesti\u00f3n de licencias de software<\/span>\n\t\t\t\t\t\t\t\t\t<\/li>\n\t\t\t\t\t\t\t\t<li class=\"elementor-icon-list-item\">\n\t\t\t\t\t\t\t\t\t\t\t<span class=\"elementor-icon-list-icon\">\n\t\t\t\t\t\t\t<i aria-hidden=\"true\" class=\"vamtamtheme- vamtam-theme-check-box\"><\/i>\t\t\t\t\t\t<\/span>\n\t\t\t\t\t\t\t\t\t\t<span class=\"elementor-icon-list-text\">Adquisici\u00f3n e inventario de hardware<\/span>\n\t\t\t\t\t\t\t\t\t<\/li>\n\t\t\t\t\t\t<\/ul>\n\t\t\t\t\t\t<\/div>\n\t\t\t\t<\/div>\n\t\t\t\t<div class=\"elementor-element elementor-element-3030f112 elementor-widget__width-initial elementor-widget-mobile__width-inherit elementor-icon-list--layout-traditional elementor-list-item-link-full_width elementor-widget elementor-widget-icon-list\" data-id=\"3030f112\" data-element_type=\"widget\" data-widget_type=\"icon-list.default\">\n\t\t\t\t<div class=\"elementor-widget-container\">\n\t\t\t\t\t\t\t<ul class=\"elementor-icon-list-items\">\n\t\t\t\t\t\t\t<li class=\"elementor-icon-list-item\">\n\t\t\t\t\t\t\t\t\t\t\t<span class=\"elementor-icon-list-icon\">\n\t\t\t\t\t\t\t<i aria-hidden=\"true\" class=\"vamtamtheme- vamtam-theme-check-box\"><\/i>\t\t\t\t\t\t<\/span>\n\t\t\t\t\t\t\t\t\t\t<span class=\"elementor-icon-list-text\">Cableado y sistemas telef\u00f3nicos<\/span>\n\t\t\t\t\t\t\t\t\t<\/li>\n\t\t\t\t\t\t\t\t<li class=\"elementor-icon-list-item\">\n\t\t\t\t\t\t\t\t\t\t\t<span class=\"elementor-icon-list-icon\">\n\t\t\t\t\t\t\t<i aria-hidden=\"true\" class=\"vamtamtheme- vamtam-theme-check-box\"><\/i>\t\t\t\t\t\t<\/span>\n\t\t\t\t\t\t\t\t\t\t<span class=\"elementor-icon-list-text\">Mantenimiento de sistemas en sitio<\/span>\n\t\t\t\t\t\t\t\t\t<\/li>\n\t\t\t\t\t\t\t\t<li class=\"elementor-icon-list-item\">\n\t\t\t\t\t\t\t\t\t\t\t<span class=\"elementor-icon-list-icon\">\n\t\t\t\t\t\t\t<i aria-hidden=\"true\" class=\"vamtamtheme- vamtam-theme-check-box\"><\/i>\t\t\t\t\t\t<\/span>\n\t\t\t\t\t\t\t\t\t\t<span class=\"elementor-icon-list-text\">Mantenimiento de sistemas en sitio<\/span>\n\t\t\t\t\t\t\t\t\t<\/li>\n\t\t\t\t\t\t\t\t<li class=\"elementor-icon-list-item\">\n\t\t\t\t\t\t\t\t\t\t\t<span class=\"elementor-icon-list-icon\">\n\t\t\t\t\t\t\t<i aria-hidden=\"true\" class=\"vamtamtheme- vamtam-theme-check-box\"><\/i>\t\t\t\t\t\t<\/span>\n\t\t\t\t\t\t\t\t\t\t<span class=\"elementor-icon-list-text\">Pila de ciberseguridad compatible con NIST y CMMC<\/span>\n\t\t\t\t\t\t\t\t\t<\/li>\n\t\t\t\t\t\t<\/ul>\n\t\t\t\t\t\t<\/div>\n\t\t\t\t<\/div>\n\t\t\t\t\t<\/div>\n\t\t<\/div>\n\t\t\t\t\t<\/div>\n\t\t<\/section>\n\t\t\t\t<section class=\"elementor-section elementor-top-section elementor-element elementor-element-7c9ef529 elementor-section-items-stretch elementor-section-content-bottom elementor-section-height-min-height elementor-section-boxed elementor-section-height-default\" data-id=\"7c9ef529\" data-element_type=\"section\">\n\t\t\t\t\t\t<div class=\"elementor-container elementor-column-gap-no\">\n\t\t\t\t\t<div class=\"elementor-column elementor-col-50 elementor-top-column elementor-element elementor-element-4138a62f\" data-id=\"4138a62f\" data-element_type=\"column\">\n\t\t\t<div class=\"elementor-widget-wrap elementor-element-populated\">\n\t\t\t\t\t\t<div class=\"elementor-element elementor-element-5714d5d1 elementor-widget-mobile__width-inherit elementor-widget elementor-widget-heading\" data-id=\"5714d5d1\" data-element_type=\"widget\" data-widget_type=\"heading.default\">\n\t\t\t\t<div class=\"elementor-widget-container\">\n\t\t\t\t\t<h2 class=\"elementor-heading-title elementor-size-default\">Reduzca costos mientras mejora su productividad<\/h2>\t\t\t\t<\/div>\n\t\t\t\t<\/div>\n\t\t\t\t<div class=\"elementor-element elementor-element-7f9d08b7 elementor-widget-mobile__width-inherit elementor-widget elementor-widget-text-editor\" data-id=\"7f9d08b7\" data-element_type=\"widget\" data-widget_type=\"text-editor.default\">\n\t\t\t\t<div class=\"elementor-widget-container\">\n\t\t\t\t\t\t\t\t\t<p>Con nuestros paquetes de servicios gestionados, nos encargamos de todos los problemas. Olv\u00eddate de pasar horas al tel\u00e9fono, buscando proveedores, mientras tus sistemas no funcionan. Nosotros te ayudamos.<\/p>\t\t\t\t\t\t\t\t<\/div>\n\t\t\t\t<\/div>\n\t\t\t\t<div class=\"vamtam-has-theme-widget-styles elementor-element elementor-element-3482f040 elementor-widget__width-auto elementor-widget-mobile__width-inherit elementor-widget-tablet__width-auto elementor-widget elementor-widget-button\" data-id=\"3482f040\" data-element_type=\"widget\" data-widget_type=\"button.default\">\n\t\t\t\t<div class=\"elementor-widget-container\">\n\t\t\t\t\t\t\t\t\t<div class=\"elementor-button-wrapper\">\n\t\t\t\t\t<a class=\"elementor-button elementor-button-link elementor-size-sm\" href=\"#form\">\n\t\t\t\t\t\t<span class=\"elementor-button-content-wrapper\">\n\t\t\t\t\t\t\t\t\t<span class=\"elementor-button-text\">Obtenga una consulta gratuita<\/span>\n\t\t\t\t\t<\/span>\n\t\t\t\t\t<\/a>\n\t\t\t\t<\/div>\n\t\t\t\t\t\t\t\t<\/div>\n\t\t\t\t<\/div>\n\t\t\t\t\t<\/div>\n\t\t<\/div>\n\t\t\t\t<div class=\"elementor-column elementor-col-50 elementor-top-column elementor-element elementor-element-2c94ec28\" data-id=\"2c94ec28\" data-element_type=\"column\" data-settings=\"{&quot;background_background&quot;:&quot;classic&quot;}\">\n\t\t\t<div class=\"elementor-widget-wrap elementor-element-populated\">\n\t\t\t\t\t\t<div class=\"elementor-element elementor-element-7f67e702 elementor-widget elementor-widget-spacer\" data-id=\"7f67e702\" data-element_type=\"widget\" data-widget_type=\"spacer.default\">\n\t\t\t\t<div class=\"elementor-widget-container\">\n\t\t\t\t\t\t\t<div class=\"elementor-spacer\">\n\t\t\t<div class=\"elementor-spacer-inner\"><\/div>\n\t\t<\/div>\n\t\t\t\t\t\t<\/div>\n\t\t\t\t<\/div>\n\t\t\t\t\t<\/div>\n\t\t<\/div>\n\t\t\t\t\t<\/div>\n\t\t<\/section>\n\t\t\t\t<\/div>","protected":false},"excerpt":{"rendered":"<p>Servicios de TI para fabricantes confiables y perspicaces para negocios productivos y efectivos<\/p>","protected":false},"author":1,"featured_media":7786,"parent":542,"menu_order":0,"comment_status":"closed","ping_status":"closed","template":"","meta":{"footnotes":""},"class_list":["post-7166","page","type-page","status-publish","has-post-thumbnail","hentry"],"yoast_head":"<!-- This site is optimized with the Yoast SEO Premium plugin v26.7 (Yoast SEO v26.7) - https:\/\/yoast.com\/wordpress\/plugins\/seo\/ -->\n<title>Healthcare - HiTech Solutions<\/title>\n<meta name=\"robots\" content=\"index, follow, max-snippet:-1, max-image-preview:large, max-video-preview:-1\" \/>\n<link rel=\"canonical\" href=\"https:\/\/hitech.al\/es\/industrias\/sanidad\/\" \/>\n<meta property=\"og:locale\" content=\"es_ES\" \/>\n<meta property=\"og:type\" content=\"article\" \/>\n<meta property=\"og:title\" content=\"Healthcare\" \/>\n<meta property=\"og:description\" content=\"Insightful and reliable manufacturer IT services for productive and effective business\" \/>\n<meta property=\"og:url\" content=\"https:\/\/hitech.al\/es\/industrias\/sanidad\/\" \/>\n<meta property=\"og:site_name\" content=\"HiTech Solutions\" \/>\n<meta property=\"article:modified_time\" content=\"2025-08-04T15:13:44+00:00\" \/>\n<meta property=\"og:image\" content=\"https:\/\/hitech.al\/wp-content\/uploads\/2023\/04\/pexels-ron-lach-9785017.jpg\" \/>\n\t<meta property=\"og:image:width\" content=\"2558\" \/>\n\t<meta property=\"og:image:height\" content=\"688\" \/>\n\t<meta property=\"og:image:type\" content=\"image\/jpeg\" \/>\n<meta name=\"twitter:card\" content=\"summary_large_image\" \/>\n<meta name=\"twitter:label1\" content=\"Tiempo de lectura\" \/>\n\t<meta name=\"twitter:data1\" content=\"2 minutos\" \/>\n<script type=\"application\/ld+json\" class=\"yoast-schema-graph\">{\"@context\":\"https:\/\/schema.org\",\"@graph\":[{\"@type\":\"WebPage\",\"@id\":\"https:\/\/hitech.al\/industries\/healthcare\/\",\"url\":\"https:\/\/hitech.al\/industries\/healthcare\/\",\"name\":\"Healthcare - HiTech Solutions\",\"isPartOf\":{\"@id\":\"https:\/\/hitech.al\/#website\"},\"primaryImageOfPage\":{\"@id\":\"https:\/\/hitech.al\/industries\/healthcare\/#primaryimage\"},\"image\":{\"@id\":\"https:\/\/hitech.al\/industries\/healthcare\/#primaryimage\"},\"thumbnailUrl\":\"https:\/\/hitech.al\/wp-content\/uploads\/2023\/04\/pexels-ron-lach-9785017.jpg\",\"datePublished\":\"2023-04-03T12:57:06+00:00\",\"dateModified\":\"2025-08-04T15:13:44+00:00\",\"breadcrumb\":{\"@id\":\"https:\/\/hitech.al\/industries\/healthcare\/#breadcrumb\"},\"inLanguage\":\"es\",\"potentialAction\":[{\"@type\":\"ReadAction\",\"target\":[\"https:\/\/hitech.al\/industries\/healthcare\/\"]}]},{\"@type\":\"ImageObject\",\"inLanguage\":\"es\",\"@id\":\"https:\/\/hitech.al\/industries\/healthcare\/#primaryimage\",\"url\":\"https:\/\/hitech.al\/wp-content\/uploads\/2023\/04\/pexels-ron-lach-9785017.jpg\",\"contentUrl\":\"https:\/\/hitech.al\/wp-content\/uploads\/2023\/04\/pexels-ron-lach-9785017.jpg\",\"width\":2558,\"height\":688},{\"@type\":\"BreadcrumbList\",\"@id\":\"https:\/\/hitech.al\/industries\/healthcare\/#breadcrumb\",\"itemListElement\":[{\"@type\":\"ListItem\",\"position\":1,\"name\":\"Home\",\"item\":\"https:\/\/hitech.al\/\"},{\"@type\":\"ListItem\",\"position\":2,\"name\":\"Industries\",\"item\":\"https:\/\/hitech.al\/industries\/\"},{\"@type\":\"ListItem\",\"position\":3,\"name\":\"Healthcare\"}]},{\"@type\":\"WebSite\",\"@id\":\"https:\/\/hitech.al\/#website\",\"url\":\"https:\/\/hitech.al\/\",\"name\":\"HiTech Media\",\"description\":\"Your Digital Partner\",\"publisher\":{\"@id\":\"https:\/\/hitech.al\/#organization\"},\"potentialAction\":[{\"@type\":\"SearchAction\",\"target\":{\"@type\":\"EntryPoint\",\"urlTemplate\":\"https:\/\/hitech.al\/?s={search_term_string}\"},\"query-input\":{\"@type\":\"PropertyValueSpecification\",\"valueRequired\":true,\"valueName\":\"search_term_string\"}}],\"inLanguage\":\"es\"},{\"@type\":\"Organization\",\"@id\":\"https:\/\/hitech.al\/#organization\",\"name\":\"HiTech Media\",\"url\":\"https:\/\/hitech.al\/\",\"logo\":{\"@type\":\"ImageObject\",\"inLanguage\":\"es\",\"@id\":\"https:\/\/hitech.al\/#\/schema\/logo\/image\/\",\"url\":\"https:\/\/hitech.al\/wp-content\/uploads\/2023\/03\/HITech.png\",\"contentUrl\":\"https:\/\/hitech.al\/wp-content\/uploads\/2023\/03\/HITech.png\",\"width\":169,\"height\":40,\"caption\":\"HiTech Media\"},\"image\":{\"@id\":\"https:\/\/hitech.al\/#\/schema\/logo\/image\/\"}}]}<\/script>\n<!-- \/ Yoast SEO Premium plugin. -->","yoast_head_json":{"title":"Sanidad - Soluciones HiTech","robots":{"index":"index","follow":"follow","max-snippet":"max-snippet:-1","max-image-preview":"max-image-preview:large","max-video-preview":"max-video-preview:-1"},"canonical":"https:\/\/hitech.al\/es\/industrias\/sanidad\/","og_locale":"es_ES","og_type":"article","og_title":"Healthcare","og_description":"Insightful and reliable manufacturer IT services for productive and effective business","og_url":"https:\/\/hitech.al\/es\/industrias\/sanidad\/","og_site_name":"HiTech Solutions","article_modified_time":"2025-08-04T15:13:44+00:00","og_image":[{"width":2558,"height":688,"url":"https:\/\/hitech.al\/wp-content\/uploads\/2023\/04\/pexels-ron-lach-9785017.jpg","type":"image\/jpeg"}],"twitter_card":"summary_large_image","twitter_misc":{"Tiempo de lectura":"2 minutos"},"schema":{"@context":"https:\/\/schema.org","@graph":[{"@type":"WebPage","@id":"https:\/\/hitech.al\/industries\/healthcare\/","url":"https:\/\/hitech.al\/industries\/healthcare\/","name":"Sanidad - Soluciones HiTech","isPartOf":{"@id":"https:\/\/hitech.al\/#website"},"primaryImageOfPage":{"@id":"https:\/\/hitech.al\/industries\/healthcare\/#primaryimage"},"image":{"@id":"https:\/\/hitech.al\/industries\/healthcare\/#primaryimage"},"thumbnailUrl":"https:\/\/hitech.al\/wp-content\/uploads\/2023\/04\/pexels-ron-lach-9785017.jpg","datePublished":"2023-04-03T12:57:06+00:00","dateModified":"2025-08-04T15:13:44+00:00","breadcrumb":{"@id":"https:\/\/hitech.al\/industries\/healthcare\/#breadcrumb"},"inLanguage":"es","potentialAction":[{"@type":"ReadAction","target":["https:\/\/hitech.al\/industries\/healthcare\/"]}]},{"@type":"ImageObject","inLanguage":"es","@id":"https:\/\/hitech.al\/industries\/healthcare\/#primaryimage","url":"https:\/\/hitech.al\/wp-content\/uploads\/2023\/04\/pexels-ron-lach-9785017.jpg","contentUrl":"https:\/\/hitech.al\/wp-content\/uploads\/2023\/04\/pexels-ron-lach-9785017.jpg","width":2558,"height":688},{"@type":"BreadcrumbList","@id":"https:\/\/hitech.al\/industries\/healthcare\/#breadcrumb","itemListElement":[{"@type":"ListItem","position":1,"name":"Home","item":"https:\/\/hitech.al\/"},{"@type":"ListItem","position":2,"name":"Industries","item":"https:\/\/hitech.al\/industries\/"},{"@type":"ListItem","position":3,"name":"Healthcare"}]},{"@type":"WebSite","@id":"https:\/\/hitech.al\/#website","url":"https:\/\/hitech.al\/","name":"Medios de alta tecnolog\u00eda","description":"Su socio digital","publisher":{"@id":"https:\/\/hitech.al\/#organization"},"potentialAction":[{"@type":"SearchAction","target":{"@type":"EntryPoint","urlTemplate":"https:\/\/hitech.al\/?s={search_term_string}"},"query-input":{"@type":"PropertyValueSpecification","valueRequired":true,"valueName":"search_term_string"}}],"inLanguage":"es"},{"@type":"Organization","@id":"https:\/\/hitech.al\/#organization","name":"Medios de alta tecnolog\u00eda","url":"https:\/\/hitech.al\/","logo":{"@type":"ImageObject","inLanguage":"es","@id":"https:\/\/hitech.al\/#\/schema\/logo\/image\/","url":"https:\/\/hitech.al\/wp-content\/uploads\/2023\/03\/HITech.png","contentUrl":"https:\/\/hitech.al\/wp-content\/uploads\/2023\/03\/HITech.png","width":169,"height":40,"caption":"HiTech Media"},"image":{"@id":"https:\/\/hitech.al\/#\/schema\/logo\/image\/"}}]}},"jetpack_sharing_enabled":true,"_links":{"self":[{"href":"https:\/\/hitech.al\/es\/wp-json\/wp\/v2\/pages\/7166","targetHints":{"allow":["GET"]}}],"collection":[{"href":"https:\/\/hitech.al\/es\/wp-json\/wp\/v2\/pages"}],"about":[{"href":"https:\/\/hitech.al\/es\/wp-json\/wp\/v2\/types\/page"}],"author":[{"embeddable":true,"href":"https:\/\/hitech.al\/es\/wp-json\/wp\/v2\/users\/1"}],"replies":[{"embeddable":true,"href":"https:\/\/hitech.al\/es\/wp-json\/wp\/v2\/comments?post=7166"}],"version-history":[{"count":0,"href":"https:\/\/hitech.al\/es\/wp-json\/wp\/v2\/pages\/7166\/revisions"}],"up":[{"embeddable":true,"href":"https:\/\/hitech.al\/es\/wp-json\/wp\/v2\/pages\/542"}],"wp:featuredmedia":[{"embeddable":true,"href":"https:\/\/hitech.al\/es\/wp-json\/wp\/v2\/media\/7786"}],"wp:attachment":[{"href":"https:\/\/hitech.al\/es\/wp-json\/wp\/v2\/media?parent=7166"}],"curies":[{"name":"gracias","href":"https:\/\/api.w.org\/{rel}","templated":true}]}}