{"id":1314,"date":"2023-03-14T14:21:56","date_gmt":"2023-03-14T14:21:56","guid":{"rendered":"https:\/\/tecnologia.vamtam.com\/?page_id=1314"},"modified":"2025-08-12T14:26:17","modified_gmt":"2025-08-12T14:26:17","slug":"faq","status":"publish","type":"page","link":"https:\/\/hitech.al\/es\/faq\/","title":{"rendered":"Preguntas frecuentes"},"content":{"rendered":"<div data-elementor-type=\"wp-page\" data-elementor-id=\"1314\" class=\"elementor elementor-1314\" data-elementor-post-type=\"page\">\n\t\t\t\t\t\t<section class=\"elementor-section elementor-top-section elementor-element elementor-element-a668bb8 elementor-section-boxed elementor-section-height-default elementor-section-height-default\" data-id=\"a668bb8\" data-element_type=\"section\">\n\t\t\t\t\t\t<div class=\"elementor-container elementor-column-gap-default\">\n\t\t\t\t\t<div class=\"elementor-column elementor-col-100 elementor-top-column elementor-element elementor-element-4410990\" data-id=\"4410990\" data-element_type=\"column\">\n\t\t\t<div class=\"elementor-widget-wrap elementor-element-populated\">\n\t\t\t\t\t\t<div class=\"elementor-element elementor-element-09e697d animated-slow elementor-invisible elementor-widget elementor-widget-heading\" data-id=\"09e697d\" data-element_type=\"widget\" data-settings=\"{&quot;_animation&quot;:&quot;fadeIn&quot;,&quot;_animation_tablet&quot;:&quot;none&quot;}\" data-widget_type=\"heading.default\">\n\t\t\t\t<div class=\"elementor-widget-container\">\n\t\t\t\t\t<h1 class=\"elementor-heading-title elementor-size-default\">Preguntas frecuentes<\/h1>\t\t\t\t<\/div>\n\t\t\t\t<\/div>\n\t\t\t\t<div class=\"elementor-element elementor-element-6740fe5 elementor-widget elementor-widget-spacer\" data-id=\"6740fe5\" data-element_type=\"widget\" data-widget_type=\"spacer.default\">\n\t\t\t\t<div class=\"elementor-widget-container\">\n\t\t\t\t\t\t\t<div class=\"elementor-spacer\">\n\t\t\t<div class=\"elementor-spacer-inner\"><\/div>\n\t\t<\/div>\n\t\t\t\t\t\t<\/div>\n\t\t\t\t<\/div>\n\t\t\t\t\t<\/div>\n\t\t<\/div>\n\t\t\t\t\t<\/div>\n\t\t<\/section>\n\t\t\t\t<section class=\"elementor-section elementor-top-section elementor-element elementor-element-d87787f elementor-section-boxed elementor-section-height-default elementor-section-height-default\" data-id=\"d87787f\" data-element_type=\"section\">\n\t\t\t\t\t\t<div class=\"elementor-container elementor-column-gap-no\">\n\t\t\t\t\t<div class=\"elementor-column elementor-col-100 elementor-top-column elementor-element elementor-element-aadef22\" data-id=\"aadef22\" data-element_type=\"column\" data-settings=\"{&quot;background_background&quot;:&quot;classic&quot;}\">\n\t\t\t<div class=\"elementor-widget-wrap elementor-element-populated\">\n\t\t\t\t\t\t<div class=\"vamtam-has-theme-widget-styles elementor-element elementor-element-124be31 elementor-widget elementor-widget-toggle\" data-id=\"124be31\" data-element_type=\"widget\" data-widget_type=\"toggle.default\">\n\t\t\t\t<div class=\"elementor-widget-container\">\n\t\t\t\t\t\t\t<div class=\"elementor-toggle\">\n\t\t\t\t\t\t\t<div class=\"elementor-toggle-item\">\n\t\t\t\t\t<h3 id=\"elementor-tab-title-1911\" class=\"elementor-tab-title\" data-tab=\"1\" role=\"button\" aria-controls=\"elementor-tab-content-1911\" aria-expanded=\"false\">\n\t\t\t\t\t\t\t\t\t\t\t\t<span class=\"elementor-toggle-icon elementor-toggle-icon-right\" aria-hidden=\"true\">\n\t\t\t\t\t\t\t\t\t\t\t\t\t\t\t<span class=\"elementor-toggle-icon-closed\"><i class=\"vamtamtheme- vamtam-theme-plus\"><\/i><\/span>\n\t\t\t\t\t\t\t\t<span class=\"elementor-toggle-icon-opened\"><i class=\"elementor-toggle-icon-opened vamtamtheme- vamtam-theme-minus\"><\/i><\/span>\n\t\t\t\t\t\t\t\t\t\t\t\t\t<\/span>\n\t\t\t\t\t\t\t\t\t\t\t\t<a class=\"elementor-toggle-title\" tabindex=\"0\">\u00bfCuales son sus dos servicios principales?<\/a>\n\t\t\t\t\t<\/h3>\n\n\t\t\t\t\t<div id=\"elementor-tab-content-1911\" class=\"elementor-tab-content elementor-clearfix\" data-tab=\"1\" role=\"region\" aria-labelledby=\"elementor-tab-title-1911\"><p data-start=\"92\" data-end=\"131\">Desarrollo web completamente administrado: HiTech Media dise\u00f1a, desarrolla, aloja y mantiene su sitio web de extremo a extremo por una tarifa mensual fija y predecible, lo que garantiza que se mantenga r\u00e1pido, seguro y siempre actualizado.<\/p><p data-start=\"540\" data-end=\"586\">Desarrollo de aplicaciones m\u00f3viles completamente administrado: HiTech Media crea, actualiza y mantiene sus aplicaciones m\u00f3viles para iOS y Android con un plan mensual fijo, brindando rendimiento, seguridad y compatibilidad \u00f3ptimos.<\/p><p data-start=\"132\" data-end=\"305\">\u00a0<\/p><p data-start=\"132\" data-end=\"305\">\u00a0<\/p><\/div>\n\t\t\t\t<\/div>\n\t\t\t\t\t\t\t<div class=\"elementor-toggle-item\">\n\t\t\t\t\t<h3 id=\"elementor-tab-title-1912\" class=\"elementor-tab-title\" data-tab=\"2\" role=\"button\" aria-controls=\"elementor-tab-content-1912\" aria-expanded=\"false\">\n\t\t\t\t\t\t\t\t\t\t\t\t<span class=\"elementor-toggle-icon elementor-toggle-icon-right\" aria-hidden=\"true\">\n\t\t\t\t\t\t\t\t\t\t\t\t\t\t\t<span class=\"elementor-toggle-icon-closed\"><i class=\"vamtamtheme- vamtam-theme-plus\"><\/i><\/span>\n\t\t\t\t\t\t\t\t<span class=\"elementor-toggle-icon-opened\"><i class=\"elementor-toggle-icon-opened vamtamtheme- vamtam-theme-minus\"><\/i><\/span>\n\t\t\t\t\t\t\t\t\t\t\t\t\t<\/span>\n\t\t\t\t\t\t\t\t\t\t\t\t<a class=\"elementor-toggle-title\" tabindex=\"0\">\u00bfQu\u00e9 otros servicios ofrec\u00e9is?<\/a>\n\t\t\t\t\t<\/h3>\n\n\t\t\t\t\t<div id=\"elementor-tab-content-1912\" class=\"elementor-tab-content elementor-clearfix\" data-tab=\"2\" role=\"region\" aria-labelledby=\"elementor-tab-title-1912\"><p><a class=\"elementor-item\" href=\"https:\/\/hitech.al\/es\/soluciones\/desarrollo-web\/\">Desarrollo web<\/a><\/p><p><a class=\"elementor-item\" href=\"https:\/\/hitech.al\/es\/soluciones\/desarrollo-de-aplicaciones-moviles-2\/\">Desarrollo de aplicaciones m\u00f3viles<\/a><\/p><p><a class=\"elementor-item\" href=\"https:\/\/hitech.al\/es\/soluciones\/gestion-de-redes-sociales\/\">Gesti\u00f3n de redes sociales<\/a><\/p><p><a class=\"elementor-item\" href=\"https:\/\/hitech.al\/es\/soluciones\/alojamiento-web\/\">Alojamiento web<\/a><\/p><p><a class=\"elementor-item\" href=\"https:\/\/hitech.al\/es\/soluciones\/asesoramiento-en-consultoria-informatica\/\">Consultor\u00eda y asesor\u00eda de TI<\/a><\/p><p><a class=\"elementor-item\" href=\"https:\/\/hitech.al\/es\/soluciones\/ciberseguridad\/\">Ciberseguridad<\/a><\/p><\/div>\n\t\t\t\t<\/div>\n\t\t\t\t\t\t\t<div class=\"elementor-toggle-item\">\n\t\t\t\t\t<h3 id=\"elementor-tab-title-1913\" class=\"elementor-tab-title\" data-tab=\"3\" role=\"button\" aria-controls=\"elementor-tab-content-1913\" aria-expanded=\"false\">\n\t\t\t\t\t\t\t\t\t\t\t\t<span class=\"elementor-toggle-icon elementor-toggle-icon-right\" aria-hidden=\"true\">\n\t\t\t\t\t\t\t\t\t\t\t\t\t\t\t<span class=\"elementor-toggle-icon-closed\"><i class=\"vamtamtheme- vamtam-theme-plus\"><\/i><\/span>\n\t\t\t\t\t\t\t\t<span class=\"elementor-toggle-icon-opened\"><i class=\"elementor-toggle-icon-opened vamtamtheme- vamtam-theme-minus\"><\/i><\/span>\n\t\t\t\t\t\t\t\t\t\t\t\t\t<\/span>\n\t\t\t\t\t\t\t\t\t\t\t\t<a class=\"elementor-toggle-title\" tabindex=\"0\">\u00bfQu\u00e9 problemas de negocio resuelves?<\/a>\n\t\t\t\t\t<\/h3>\n\n\t\t\t\t\t<div id=\"elementor-tab-content-1913\" class=\"elementor-tab-content elementor-clearfix\" data-tab=\"3\" role=\"region\" aria-labelledby=\"elementor-tab-title-1913\"><p style=\"text-align: left;\">Al liderar la estrategia de TI y la orientaci\u00f3n sobre cumplimiento normativo, HiTech Media cubre dos importantes carencias en el sector de los proveedores de TI. Esta experiencia ayuda a los clientes a:<\/p><ul><li style=\"text-align: left;\">Ahorre tiempo, dinero y aumente la rentabilidad.<\/li><li style=\"text-align: left;\">Reducir la frustraci\u00f3n de los empleados y mejorar la moral del equipo.<\/li><li style=\"text-align: left;\">Fortalezca las defensas contra violaciones de datos, ataques de ransomware y exposici\u00f3n legal.<\/li><li style=\"text-align: left;\">Menor riesgo de ciberseguridad y cumplimiento<\/li><\/ul><\/div>\n\t\t\t\t<\/div>\n\t\t\t\t\t\t\t<div class=\"elementor-toggle-item\">\n\t\t\t\t\t<h3 id=\"elementor-tab-title-1914\" class=\"elementor-tab-title\" data-tab=\"4\" role=\"button\" aria-controls=\"elementor-tab-content-1914\" aria-expanded=\"false\">\n\t\t\t\t\t\t\t\t\t\t\t\t<span class=\"elementor-toggle-icon elementor-toggle-icon-right\" aria-hidden=\"true\">\n\t\t\t\t\t\t\t\t\t\t\t\t\t\t\t<span class=\"elementor-toggle-icon-closed\"><i class=\"vamtamtheme- vamtam-theme-plus\"><\/i><\/span>\n\t\t\t\t\t\t\t\t<span class=\"elementor-toggle-icon-opened\"><i class=\"elementor-toggle-icon-opened vamtamtheme- vamtam-theme-minus\"><\/i><\/span>\n\t\t\t\t\t\t\t\t\t\t\t\t\t<\/span>\n\t\t\t\t\t\t\t\t\t\t\t\t<a class=\"elementor-toggle-title\" tabindex=\"0\">\u00bfCuales son sus principales servicios?<\/a>\n\t\t\t\t\t<\/h3>\n\n\t\t\t\t\t<div id=\"elementor-tab-content-1914\" class=\"elementor-tab-content elementor-clearfix\" data-tab=\"4\" role=\"region\" aria-labelledby=\"elementor-tab-title-1914\"><p>Los servicios b\u00e1sicos son recursos b\u00e1sicos y fijos incluidos en cada acuerdo de nivel de servicio de TI completamente administrado.<\/p><ul><li>vCIO \u2013 Servicios de direcci\u00f3n estrat\u00e9gica, presupuestaci\u00f3n, planificaci\u00f3n y consultor\u00eda con revisiones de cuentas y hojas de ruta de TI para avanzar en su transformaci\u00f3n digital.<br \/>Conserje de Servicios Gestionados: Su punto de contacto para todos los detalles de su cuenta. Este asesor de confianza es el intermediario entre su VCIO y el equipo de servicio, gestionando preguntas sobre servicios de TI, facturas y toda la tecnolog\u00eda empresarial que facilita la toma de decisiones, la colaboraci\u00f3n, la productividad, el cumplimiento normativo, la continuidad del negocio, la seguridad y la eficiencia.<\/li><li>Herramientas de gesti\u00f3n de clientes: automatizaci\u00f3n de servicios profesionales, emisi\u00f3n de tickets, CRM, gesti\u00f3n y monitorizaci\u00f3n remotas, documentaci\u00f3n, comunicaci\u00f3n, notificaci\u00f3n y privacidad de datos.<\/li><li>Asistencia t\u00e9cnica del proveedor: interactuamos directamente con sus otros proveedores de tecnolog\u00eda para remediar incidentes, abrir tickets, escalar solicitudes o trabajar para resolver incidentes dentro de su entorno de TI.<\/li><li>Tambi\u00e9n responderemos preguntas b\u00e1sicas sobre su entorno o brindaremos acceso a los sistemas que el proveedor haya solicitado cuando lo apruebe el cliente, como asignar direcciones IP para una fotocopiadora, un proveedor de c\u00e1maras de seguridad o permitir el tr\u00e1fico de red para el servicio de un proveedor.<\/li><li>Esta asistencia cubre fabricantes de hardware, empresas de desarrollo de software, proveedores de servicios en la nube, ISP, corredores de telecomunicaciones, empresas de impresoras y fotocopiadoras y mensajeros locales.<\/li><li>Servicios de Adquisici\u00f3n: Tecnologia obtiene productos exclusivamente de canales autorizados y recomienda soluciones de clase empresarial. Tambi\u00e9n identificamos opciones de configuraci\u00f3n, garantizamos el registro correcto, gestionamos licencias y garant\u00edas, y garantizamos la autenticidad de todos los productos.<br \/>Gesti\u00f3n de red: supervisi\u00f3n, administraci\u00f3n, informes, gesti\u00f3n de nombres de dominio y certificados SSL, remediaci\u00f3n de incidentes remotos y remediaci\u00f3n de incidentes in situ.<\/li><\/ul><p>Si un cliente tiene m\u00e1s de una ubicaci\u00f3n, con requisitos ampliados de gesti\u00f3n de red y asistencia t\u00e9cnica de proveedores, se aplicar\u00e1n cargos adicionales por servicios b\u00e1sicos.<\/p><\/div>\n\t\t\t\t<\/div>\n\t\t\t\t\t\t\t<div class=\"elementor-toggle-item\">\n\t\t\t\t\t<h3 id=\"elementor-tab-title-1915\" class=\"elementor-tab-title\" data-tab=\"5\" role=\"button\" aria-controls=\"elementor-tab-content-1915\" aria-expanded=\"false\">\n\t\t\t\t\t\t\t\t\t\t\t\t<span class=\"elementor-toggle-icon elementor-toggle-icon-right\" aria-hidden=\"true\">\n\t\t\t\t\t\t\t\t\t\t\t\t\t\t\t<span class=\"elementor-toggle-icon-closed\"><i class=\"vamtamtheme- vamtam-theme-plus\"><\/i><\/span>\n\t\t\t\t\t\t\t\t<span class=\"elementor-toggle-icon-opened\"><i class=\"elementor-toggle-icon-opened vamtamtheme- vamtam-theme-minus\"><\/i><\/span>\n\t\t\t\t\t\t\t\t\t\t\t\t\t<\/span>\n\t\t\t\t\t\t\t\t\t\t\t\t<a class=\"elementor-toggle-title\" tabindex=\"0\">\u00bfEn qu\u00e9 eres diferente?<\/a>\n\t\t\t\t\t<\/h3>\n\n\t\t\t\t\t<div id=\"elementor-tab-content-1915\" class=\"elementor-tab-content elementor-clearfix\" data-tab=\"5\" role=\"region\" aria-labelledby=\"elementor-tab-title-1915\"><p>HiTech Media se asocia selectivamente con organizaciones en crecimiento que desean aplicar estrategia y presupuestos a un proceso de TI probado basado en est\u00e1ndares y mejores pr\u00e1cticas, para mejorar el rendimiento y reducir el riesgo.<\/p><p>Tecnologia crea y mantiene sistemas de TI potentes, silenciosos y seguros al involucrar y asesorar activamente a nuestros clientes en revisiones comerciales estrat\u00e9gicas programadas peri\u00f3dicamente con un vCIO.<\/p><p>La mayor\u00eda de las ubicaciones de Tecnologia limitan la incorporaci\u00f3n de nuevos clientes a dos al mes. Este enfoque nos permite implementar controles de calidad exhaustivos y basados en datos desde el inicio, lo que genera un mayor apalancamiento operativo para nuestros clientes a lo largo de la relaci\u00f3n.<\/p><\/div>\n\t\t\t\t<\/div>\n\t\t\t\t\t\t\t<div class=\"elementor-toggle-item\">\n\t\t\t\t\t<h3 id=\"elementor-tab-title-1916\" class=\"elementor-tab-title\" data-tab=\"6\" role=\"button\" aria-controls=\"elementor-tab-content-1916\" aria-expanded=\"false\">\n\t\t\t\t\t\t\t\t\t\t\t\t<span class=\"elementor-toggle-icon elementor-toggle-icon-right\" aria-hidden=\"true\">\n\t\t\t\t\t\t\t\t\t\t\t\t\t\t\t<span class=\"elementor-toggle-icon-closed\"><i class=\"vamtamtheme- vamtam-theme-plus\"><\/i><\/span>\n\t\t\t\t\t\t\t\t<span class=\"elementor-toggle-icon-opened\"><i class=\"elementor-toggle-icon-opened vamtamtheme- vamtam-theme-minus\"><\/i><\/span>\n\t\t\t\t\t\t\t\t\t\t\t\t\t<\/span>\n\t\t\t\t\t\t\t\t\t\t\t\t<a class=\"elementor-toggle-title\" tabindex=\"0\">\u00bfC\u00f3mo maximizar la capacidad de respuesta?<\/a>\n\t\t\t\t\t<\/h3>\n\n\t\t\t\t\t<div id=\"elementor-tab-content-1916\" class=\"elementor-tab-content elementor-clearfix\" data-tab=\"6\" role=\"region\" aria-labelledby=\"elementor-tab-title-1916\"><p>HiTech Media tiene un dise\u00f1o responsivo. Colaboramos con organizaciones que valoran la importancia de seguir un enfoque basado en est\u00e1ndares para la arquitectura y la gesti\u00f3n del ciclo de vida de sus sistemas de TI.<\/p><p>Esta alineaci\u00f3n permite a los clientes disfrutar de una tecnolog\u00eda que optimiza su negocio y que no requiere una intervenci\u00f3n reactiva y constante de emergencia, de modo que tienen m\u00e1s tiempo para centrarse en el crecimiento de su negocio.<\/p><p>Brindamos a los usuarios acceso directo al soporte, lo que elimina cuellos de botella y nos permite recopilar datos e informaci\u00f3n para identificar brechas de capacitaci\u00f3n y recomendar mejoras del sistema.<\/p><p>Nuestro Acuerdo de Nivel de Servicio prioriza los asuntos del cliente y los tiempos de respuesta en P1, P2, P3 y P4. Una interrupci\u00f3n significativa del servidor o de una aplicaci\u00f3n en la nube se considera P1.<\/p><p>Ayudar con el restablecimiento de contrase\u00f1a es un P4. Buenas noticias: podemos configurar una soluci\u00f3n de contrase\u00f1as de autoservicio para que no tenga que abrir un ticket.<\/p><p>El resultado es similar al concepto de inter\u00e9s compuesto. Al invertir en el proceso a lo largo del tiempo, se incrementan tanto la calidad del servicio como la capacidad de respuesta. No invertir (o empezar tarde) imposibilita recuperar el tiempo perdido.<\/p><\/div>\n\t\t\t\t<\/div>\n\t\t\t\t\t\t\t<div class=\"elementor-toggle-item\">\n\t\t\t\t\t<h3 id=\"elementor-tab-title-1917\" class=\"elementor-tab-title\" data-tab=\"7\" role=\"button\" aria-controls=\"elementor-tab-content-1917\" aria-expanded=\"false\">\n\t\t\t\t\t\t\t\t\t\t\t\t<span class=\"elementor-toggle-icon elementor-toggle-icon-right\" aria-hidden=\"true\">\n\t\t\t\t\t\t\t\t\t\t\t\t\t\t\t<span class=\"elementor-toggle-icon-closed\"><i class=\"vamtamtheme- vamtam-theme-plus\"><\/i><\/span>\n\t\t\t\t\t\t\t\t<span class=\"elementor-toggle-icon-opened\"><i class=\"elementor-toggle-icon-opened vamtamtheme- vamtam-theme-minus\"><\/i><\/span>\n\t\t\t\t\t\t\t\t\t\t\t\t\t<\/span>\n\t\t\t\t\t\t\t\t\t\t\t\t<a class=\"elementor-toggle-title\" tabindex=\"0\">\u00bfCu\u00e1l es el enfoque de su industria?<\/a>\n\t\t\t\t\t<\/h3>\n\n\t\t\t\t\t<div id=\"elementor-tab-content-1917\" class=\"elementor-tab-content elementor-clearfix\" data-tab=\"7\" role=\"region\" aria-labelledby=\"elementor-tab-title-1917\"><p>Organizaciones operativamente maduras en las siguientes verticales:<\/p><ul><li>Comercio electr\u00f3nico<\/li><li>Bienes ra\u00edces<\/li><li>Legal<\/li><li>Finanzas<\/li><li>Seguro<\/li><li>Turismo<\/li><li>Consultante<\/li><li>Fabricaci\u00f3n<\/li><li>Cuidado de la salud<\/li><li>No lucrativo<\/li><\/ul><\/div>\n\t\t\t\t<\/div>\n\t\t\t\t\t\t\t\t<\/div>\n\t\t\t\t\t\t<\/div>\n\t\t\t\t<\/div>\n\t\t\t\t\t<\/div>\n\t\t<\/div>\n\t\t\t\t\t<\/div>\n\t\t<\/section>\n\t\t\t\t<\/div>","protected":false},"excerpt":{"rendered":"<p>Preguntas frecuentes \u00bfCu\u00e1les son sus dos servicios principales? Desarrollo web totalmente gestionado: HiTech Media dise\u00f1a, desarrolla, aloja y mantiene su sitio web de principio a fin por una cuota mensual fija y predecible, garantizando su velocidad, seguridad y actualizaci\u00f3n constante. Desarrollo de aplicaciones m\u00f3viles totalmente gestionado: HiTech Media crea, actualiza y mantiene sus aplicaciones m\u00f3viles\u2026<\/p>","protected":false},"author":1,"featured_media":0,"parent":0,"menu_order":0,"comment_status":"closed","ping_status":"closed","template":"","meta":{"footnotes":""},"class_list":["post-1314","page","type-page","status-publish","hentry"],"yoast_head":"<!-- This site is optimized with the Yoast SEO Premium plugin v26.7 (Yoast SEO v26.7) - https:\/\/yoast.com\/wordpress\/plugins\/seo\/ -->\n<title>FAQ - HiTech Solutions<\/title>\n<meta name=\"robots\" content=\"index, follow, max-snippet:-1, max-image-preview:large, max-video-preview:-1\" \/>\n<link rel=\"canonical\" href=\"https:\/\/hitech.al\/es\/faq\/\" \/>\n<meta property=\"og:locale\" content=\"es_ES\" \/>\n<meta property=\"og:type\" content=\"article\" \/>\n<meta property=\"og:title\" content=\"FAQ\" \/>\n<meta property=\"og:description\" content=\"Frequently Asked Questions What are your two primary services? Fully Managed Web Development &#8211; HiTech Media designs, develops, hosts, and maintains your website end-to-end for a fixed and predictable monthly fee\u2014ensuring it stays fast, secure, and always up to date. Fully Managed Mobile App Development &#8211; HiTech Media builds, updates, and maintains your mobile applications...\" \/>\n<meta property=\"og:url\" content=\"https:\/\/hitech.al\/es\/faq\/\" \/>\n<meta property=\"og:site_name\" content=\"HiTech Solutions\" \/>\n<meta property=\"article:modified_time\" content=\"2025-08-12T14:26:17+00:00\" \/>\n<meta name=\"twitter:card\" content=\"summary_large_image\" \/>\n<meta name=\"twitter:label1\" content=\"Tiempo de lectura\" \/>\n\t<meta name=\"twitter:data1\" content=\"4 minutos\" \/>\n<script type=\"application\/ld+json\" class=\"yoast-schema-graph\">{\"@context\":\"https:\/\/schema.org\",\"@graph\":[{\"@type\":\"WebPage\",\"@id\":\"https:\/\/hitech.al\/faq\/\",\"url\":\"https:\/\/hitech.al\/faq\/\",\"name\":\"FAQ - HiTech Solutions\",\"isPartOf\":{\"@id\":\"https:\/\/hitech.al\/#website\"},\"datePublished\":\"2023-03-14T14:21:56+00:00\",\"dateModified\":\"2025-08-12T14:26:17+00:00\",\"breadcrumb\":{\"@id\":\"https:\/\/hitech.al\/faq\/#breadcrumb\"},\"inLanguage\":\"es\",\"potentialAction\":[{\"@type\":\"ReadAction\",\"target\":[\"https:\/\/hitech.al\/faq\/\"]}]},{\"@type\":\"BreadcrumbList\",\"@id\":\"https:\/\/hitech.al\/faq\/#breadcrumb\",\"itemListElement\":[{\"@type\":\"ListItem\",\"position\":1,\"name\":\"Home\",\"item\":\"https:\/\/hitech.al\/\"},{\"@type\":\"ListItem\",\"position\":2,\"name\":\"FAQ\"}]},{\"@type\":\"WebSite\",\"@id\":\"https:\/\/hitech.al\/#website\",\"url\":\"https:\/\/hitech.al\/\",\"name\":\"HiTech Media\",\"description\":\"Your Digital Partner\",\"publisher\":{\"@id\":\"https:\/\/hitech.al\/#organization\"},\"potentialAction\":[{\"@type\":\"SearchAction\",\"target\":{\"@type\":\"EntryPoint\",\"urlTemplate\":\"https:\/\/hitech.al\/?s={search_term_string}\"},\"query-input\":{\"@type\":\"PropertyValueSpecification\",\"valueRequired\":true,\"valueName\":\"search_term_string\"}}],\"inLanguage\":\"es\"},{\"@type\":\"Organization\",\"@id\":\"https:\/\/hitech.al\/#organization\",\"name\":\"HiTech Media\",\"url\":\"https:\/\/hitech.al\/\",\"logo\":{\"@type\":\"ImageObject\",\"inLanguage\":\"es\",\"@id\":\"https:\/\/hitech.al\/#\/schema\/logo\/image\/\",\"url\":\"https:\/\/hitech.al\/wp-content\/uploads\/2023\/03\/HITech.png\",\"contentUrl\":\"https:\/\/hitech.al\/wp-content\/uploads\/2023\/03\/HITech.png\",\"width\":169,\"height\":40,\"caption\":\"HiTech Media\"},\"image\":{\"@id\":\"https:\/\/hitech.al\/#\/schema\/logo\/image\/\"}}]}<\/script>\n<!-- \/ Yoast SEO Premium plugin. -->","yoast_head_json":{"title":"FAQ - Soluciones HiTech","robots":{"index":"index","follow":"follow","max-snippet":"max-snippet:-1","max-image-preview":"max-image-preview:large","max-video-preview":"max-video-preview:-1"},"canonical":"https:\/\/hitech.al\/es\/faq\/","og_locale":"es_ES","og_type":"article","og_title":"FAQ","og_description":"Frequently Asked Questions What are your two primary services? Fully Managed Web Development &#8211; HiTech Media designs, develops, hosts, and maintains your website end-to-end for a fixed and predictable monthly fee\u2014ensuring it stays fast, secure, and always up to date. Fully Managed Mobile App Development &#8211; HiTech Media builds, updates, and maintains your mobile applications...","og_url":"https:\/\/hitech.al\/es\/faq\/","og_site_name":"HiTech Solutions","article_modified_time":"2025-08-12T14:26:17+00:00","twitter_card":"summary_large_image","twitter_misc":{"Tiempo de lectura":"4 minutos"},"schema":{"@context":"https:\/\/schema.org","@graph":[{"@type":"WebPage","@id":"https:\/\/hitech.al\/faq\/","url":"https:\/\/hitech.al\/faq\/","name":"FAQ - Soluciones HiTech","isPartOf":{"@id":"https:\/\/hitech.al\/#website"},"datePublished":"2023-03-14T14:21:56+00:00","dateModified":"2025-08-12T14:26:17+00:00","breadcrumb":{"@id":"https:\/\/hitech.al\/faq\/#breadcrumb"},"inLanguage":"es","potentialAction":[{"@type":"ReadAction","target":["https:\/\/hitech.al\/faq\/"]}]},{"@type":"BreadcrumbList","@id":"https:\/\/hitech.al\/faq\/#breadcrumb","itemListElement":[{"@type":"ListItem","position":1,"name":"Home","item":"https:\/\/hitech.al\/"},{"@type":"ListItem","position":2,"name":"FAQ"}]},{"@type":"WebSite","@id":"https:\/\/hitech.al\/#website","url":"https:\/\/hitech.al\/","name":"Medios de alta tecnolog\u00eda","description":"Su socio digital","publisher":{"@id":"https:\/\/hitech.al\/#organization"},"potentialAction":[{"@type":"SearchAction","target":{"@type":"EntryPoint","urlTemplate":"https:\/\/hitech.al\/?s={search_term_string}"},"query-input":{"@type":"PropertyValueSpecification","valueRequired":true,"valueName":"search_term_string"}}],"inLanguage":"es"},{"@type":"Organization","@id":"https:\/\/hitech.al\/#organization","name":"Medios de alta tecnolog\u00eda","url":"https:\/\/hitech.al\/","logo":{"@type":"ImageObject","inLanguage":"es","@id":"https:\/\/hitech.al\/#\/schema\/logo\/image\/","url":"https:\/\/hitech.al\/wp-content\/uploads\/2023\/03\/HITech.png","contentUrl":"https:\/\/hitech.al\/wp-content\/uploads\/2023\/03\/HITech.png","width":169,"height":40,"caption":"HiTech Media"},"image":{"@id":"https:\/\/hitech.al\/#\/schema\/logo\/image\/"}}]}},"jetpack_sharing_enabled":true,"_links":{"self":[{"href":"https:\/\/hitech.al\/es\/wp-json\/wp\/v2\/pages\/1314","targetHints":{"allow":["GET"]}}],"collection":[{"href":"https:\/\/hitech.al\/es\/wp-json\/wp\/v2\/pages"}],"about":[{"href":"https:\/\/hitech.al\/es\/wp-json\/wp\/v2\/types\/page"}],"author":[{"embeddable":true,"href":"https:\/\/hitech.al\/es\/wp-json\/wp\/v2\/users\/1"}],"replies":[{"embeddable":true,"href":"https:\/\/hitech.al\/es\/wp-json\/wp\/v2\/comments?post=1314"}],"version-history":[{"count":0,"href":"https:\/\/hitech.al\/es\/wp-json\/wp\/v2\/pages\/1314\/revisions"}],"wp:attachment":[{"href":"https:\/\/hitech.al\/es\/wp-json\/wp\/v2\/media?parent=1314"}],"curies":[{"name":"gracias","href":"https:\/\/api.w.org\/{rel}","templated":true}]}}