{"id":987708,"date":"2025-08-04T16:25:35","date_gmt":"2025-08-04T16:25:35","guid":{"rendered":"https:\/\/hitech.al\/?page_id=987708"},"modified":"2025-08-04T16:57:06","modified_gmt":"2025-08-04T16:57:06","slug":"makina","status":"publish","type":"page","link":"https:\/\/hitech.al\/de\/makina\/","title":{"rendered":"Erstellen Sie Ihre Plattform f\u00fcr den Autoverkauf und die Autovermietung: Inventar, Buchung und Zahlungen"},"content":{"rendered":"<div data-elementor-type=\"wp-page\" data-elementor-id=\"987708\" class=\"elementor elementor-987708\" data-elementor-post-type=\"page\">\n\t\t\t\t\t\t<section class=\"elementor-section elementor-top-section elementor-element elementor-element-157510e2 elementor-section-content-middle elementor-reverse-mobile elementor-section-boxed elementor-section-height-default elementor-section-height-default\" data-id=\"157510e2\" data-element_type=\"section\">\n\t\t\t\t\t\t<div class=\"elementor-container elementor-column-gap-no\">\n\t\t\t\t\t<div class=\"elementor-column elementor-col-50 elementor-top-column elementor-element elementor-element-4d25daee\" data-id=\"4d25daee\" data-element_type=\"column\">\n\t\t\t<div class=\"elementor-widget-wrap elementor-element-populated\">\n\t\t\t\t\t\t<div class=\"elementor-element elementor-element-3025f40b elementor-widget elementor-widget-heading\" data-id=\"3025f40b\" data-element_type=\"widget\" data-widget_type=\"heading.default\">\n\t\t\t\t<div class=\"elementor-widget-container\">\n\t\t\t\t\t<h3 class=\"elementor-heading-title elementor-size-default\">Steigern Sie Ihre Vermietungszahlen mit einer eleganten, modernen Website<\/h3>\t\t\t\t<\/div>\n\t\t\t\t<\/div>\n\t\t\t\t<div class=\"elementor-element elementor-element-203f7d39 elementor-widget elementor-widget-text-editor\" data-id=\"203f7d39\" data-element_type=\"widget\" data-widget_type=\"text-editor.default\">\n\t\t\t\t<div class=\"elementor-widget-container\">\n\t\t\t\t\t\t\t\t\t<p data-start=\"713\" data-end=\"1247\">Ihr Autovermietungsgesch\u00e4ft kann ohne Kostensteigerungen mehr verdienen \u2013 was Sie brauchen, ist eine digitale Pr\u00e4senz mit hoher Konversionsrate. HiTech Media erstellt Ihnen eine moderne, mobile Website, die f\u00fcr Buchungen optimiert ist: Pr\u00e4sentieren Sie Ihre Flotte mit Live-Verf\u00fcgbarkeit, erm\u00f6glichen Sie Online-Reservierungen mit sicherer Zahlung, integrieren Sie Standorttransparenz, bieten Sie Zusatzleistungen wie Versicherungen und Zusatzleistungen an und gewinnen Sie lokale und internationale Kunden. Vom Design bis zur Markteinf\u00fchrung \u00fcbernehmen wir den gesamten Prozess und bieten Ihnen ein \u00fcbersichtliches Dashboard, mit dem Sie alles ohne technischen Stress verwalten k\u00f6nnen.<\/p><h2 data-start=\"1249\" data-end=\"1293\">\u00a0<\/h2>\t\t\t\t\t\t\t\t<\/div>\n\t\t\t\t<\/div>\n\t\t\t\t<section class=\"elementor-section elementor-inner-section elementor-element elementor-element-1f21d6a6 elementor-section-boxed elementor-section-height-default elementor-section-height-default\" data-id=\"1f21d6a6\" data-element_type=\"section\">\n\t\t\t\t\t\t<div class=\"elementor-container elementor-column-gap-default\">\n\t\t\t\t\t<div class=\"elementor-column elementor-col-50 elementor-inner-column elementor-element elementor-element-5c0d648b\" data-id=\"5c0d648b\" data-element_type=\"column\">\n\t\t\t<div class=\"elementor-widget-wrap elementor-element-populated\">\n\t\t\t\t\t\t<div class=\"vamtam-has-theme-widget-styles elementor-element elementor-element-3112a70b elementor-position-left elementor-view-default elementor-mobile-position-top elementor-vertical-align-top elementor-widget elementor-widget-icon-box\" data-id=\"3112a70b\" data-element_type=\"widget\" data-widget_type=\"icon-box.default\">\n\t\t\t\t<div class=\"elementor-widget-container\">\n\t\t\t\t\t\t\t<div class=\"elementor-icon-box-wrapper\">\n\n\t\t\t\t\t\t<div class=\"elementor-icon-box-icon\">\n\t\t\t\t<span  class=\"elementor-icon\">\n\t\t\t\t<i aria-hidden=\"true\" class=\"vamtamtheme- vamtam-theme-check-box\"><\/i>\t\t\t\t<\/span>\n\t\t\t<\/div>\n\t\t\t\n\t\t\t\t\t\t<div class=\"elementor-icon-box-content\">\n\n\t\t\t\t\t\t\t\t\t<h3 class=\"elementor-icon-box-title\">\n\t\t\t\t\t\t<span  >\n\t\t\t\t\t\t\t<strong data-start=\"1297\" data-end=\"1339\">Flottenanzeige und Echtzeitverf\u00fcgbarkeit<\/strong>\t\t\t\t\t\t<\/span>\n\t\t\t\t\t<\/h3>\n\t\t\t\t\n\t\t\t\t\t\t\t\t\t<p class=\"elementor-icon-box-description\">\n\t\t\t\t\t\tZeigen Sie alle Fahrzeuge mit Fotos, Spezifikationen und Live-Verf\u00fcgbarkeit an \u2013 Kunden sehen sofort, was buchbar ist.\n\n\t\t\t\t\t<\/p>\n\t\t\t\t\n\t\t\t<\/div>\n\t\t\t\n\t\t<\/div>\n\t\t\t\t\t\t<\/div>\n\t\t\t\t<\/div>\n\t\t\t\t<div class=\"vamtam-has-theme-widget-styles elementor-element elementor-element-6d0be56f elementor-position-left elementor-view-default elementor-mobile-position-top elementor-vertical-align-top elementor-widget elementor-widget-icon-box\" data-id=\"6d0be56f\" data-element_type=\"widget\" data-widget_type=\"icon-box.default\">\n\t\t\t\t<div class=\"elementor-widget-container\">\n\t\t\t\t\t\t\t<div class=\"elementor-icon-box-wrapper\">\n\n\t\t\t\t\t\t<div class=\"elementor-icon-box-icon\">\n\t\t\t\t<span  class=\"elementor-icon\">\n\t\t\t\t<i aria-hidden=\"true\" class=\"vamtamtheme- vamtam-theme-check-box\"><\/i>\t\t\t\t<\/span>\n\t\t\t<\/div>\n\t\t\t\n\t\t\t\t\t\t<div class=\"elementor-icon-box-content\">\n\n\t\t\t\t\t\t\t\t\t<h3 class=\"elementor-icon-box-title\">\n\t\t\t\t\t\t<span  >\n\t\t\t\t\t\t\t<strong data-start=\"1618\" data-end=\"1644\">Sicheres Zahlungsgateway<\/strong>\t\t\t\t\t\t<\/span>\n\t\t\t\t\t<\/h3>\n\t\t\t\t\n\t\t\t\t\t\t\t\t\t<p class=\"elementor-icon-box-description\">\n\t\t\t\t\t\tAkzeptieren Sie Online-Zahlungen per Kredit-\/Debitkarte und lokalisierte Optionen unter vollst\u00e4ndiger Einhaltung der Sicherheitsvorschriften.\n\n\t\t\t\t\t<\/p>\n\t\t\t\t\n\t\t\t<\/div>\n\t\t\t\n\t\t<\/div>\n\t\t\t\t\t\t<\/div>\n\t\t\t\t<\/div>\n\t\t\t\t\t<\/div>\n\t\t<\/div>\n\t\t\t\t<div class=\"elementor-column elementor-col-50 elementor-inner-column elementor-element elementor-element-5493ad17\" data-id=\"5493ad17\" data-element_type=\"column\">\n\t\t\t<div class=\"elementor-widget-wrap elementor-element-populated\">\n\t\t\t\t\t\t<div class=\"vamtam-has-theme-widget-styles elementor-element elementor-element-306da551 elementor-position-left elementor-view-default elementor-mobile-position-top elementor-vertical-align-top elementor-widget elementor-widget-icon-box\" data-id=\"306da551\" data-element_type=\"widget\" data-widget_type=\"icon-box.default\">\n\t\t\t\t<div class=\"elementor-widget-container\">\n\t\t\t\t\t\t\t<div class=\"elementor-icon-box-wrapper\">\n\n\t\t\t\t\t\t<div class=\"elementor-icon-box-icon\">\n\t\t\t\t<span  class=\"elementor-icon\">\n\t\t\t\t<i aria-hidden=\"true\" class=\"vamtamtheme- vamtam-theme-check-box\"><\/i>\t\t\t\t<\/span>\n\t\t\t<\/div>\n\t\t\t\n\t\t\t\t\t\t<div class=\"elementor-icon-box-content\">\n\n\t\t\t\t\t\t\t\t\t<h3 class=\"elementor-icon-box-title\">\n\t\t\t\t\t\t<span  >\n\t\t\t\t\t\t\t<strong data-start=\"1457\" data-end=\"1504\">Online-Reservierungen und sofortige Best\u00e4tigungen<\/strong>\t\t\t\t\t\t<\/span>\n\t\t\t\t\t<\/h3>\n\t\t\t\t\n\t\t\t\t\t\t\t\t\t<p class=\"elementor-icon-box-description\">\n\t\t\t\t\t\tDatums-\/Uhrzeitauswahl, Echtzeitbuchung und automatische E-Mail-\/SMS-Best\u00e4tigungen \u2013 keine Hin- und Her-Anrufe mehr.\t\t\t\t\t<\/p>\n\t\t\t\t\n\t\t\t<\/div>\n\t\t\t\n\t\t<\/div>\n\t\t\t\t\t\t<\/div>\n\t\t\t\t<\/div>\n\t\t\t\t<div class=\"vamtam-has-theme-widget-styles elementor-element elementor-element-542199c3 elementor-position-left elementor-view-default elementor-mobile-position-top elementor-vertical-align-top elementor-widget elementor-widget-icon-box\" data-id=\"542199c3\" data-element_type=\"widget\" data-widget_type=\"icon-box.default\">\n\t\t\t\t<div class=\"elementor-widget-container\">\n\t\t\t\t\t\t\t<div class=\"elementor-icon-box-wrapper\">\n\n\t\t\t\t\t\t<div class=\"elementor-icon-box-icon\">\n\t\t\t\t<span  class=\"elementor-icon\">\n\t\t\t\t<i aria-hidden=\"true\" class=\"vamtamtheme- vamtam-theme-check-box\"><\/i>\t\t\t\t<\/span>\n\t\t\t<\/div>\n\t\t\t\n\t\t\t\t\t\t<div class=\"elementor-icon-box-content\">\n\n\t\t\t\t\t\t\t\t\t<h3 class=\"elementor-icon-box-title\">\n\t\t\t\t\t\t<span  >\n\t\t\t\t\t\t\t<strong data-start=\"1884\" data-end=\"1922\">Google Maps &amp; Standortintegration<\/strong><br data-start=\"1922\" data-end=\"1925\">\t\t\t\t\t\t<\/span>\n\t\t\t\t\t<\/h3>\n\t\t\t\t\n\t\t\t\t\t\t\t\t\t<p class=\"elementor-icon-box-description\">\n\t\t\t\t\t\tZeigen Sie Abhol-\/Abgabeorte deutlich an und helfen Sie Kunden, Sie m\u00fchelos zu finden.\t\t\t\t\t<\/p>\n\t\t\t\t\n\t\t\t<\/div>\n\t\t\t\n\t\t<\/div>\n\t\t\t\t\t\t<\/div>\n\t\t\t\t<\/div>\n\t\t\t\t\t<\/div>\n\t\t<\/div>\n\t\t\t\t\t<\/div>\n\t\t<\/section>\n\t\t\t\t\t<\/div>\n\t\t<\/div>\n\t\t\t\t<div class=\"elementor-column elementor-col-50 elementor-top-column elementor-element elementor-element-67679d9f\" data-id=\"67679d9f\" data-element_type=\"column\" data-settings=\"{&quot;background_background&quot;:&quot;classic&quot;}\">\n\t\t\t<div class=\"elementor-widget-wrap elementor-element-populated\">\n\t\t\t\t\t\t<div class=\"elementor-element elementor-element-3907df0f elementor-widget elementor-widget-spacer\" data-id=\"3907df0f\" data-element_type=\"widget\" data-widget_type=\"spacer.default\">\n\t\t\t\t<div class=\"elementor-widget-container\">\n\t\t\t\t\t\t\t<div class=\"elementor-spacer\">\n\t\t\t<div class=\"elementor-spacer-inner\"><\/div>\n\t\t<\/div>\n\t\t\t\t\t\t<\/div>\n\t\t\t\t<\/div>\n\t\t\t\t\t<\/div>\n\t\t<\/div>\n\t\t\t\t\t<\/div>\n\t\t<\/section>\n\t\t\t\t<section class=\"elementor-section elementor-top-section elementor-element elementor-element-8844555 elementor-section-boxed elementor-section-height-default elementor-section-height-default\" data-id=\"8844555\" data-element_type=\"section\">\n\t\t\t\t\t\t<div class=\"elementor-container elementor-column-gap-default\">\n\t\t\t\t\t<div class=\"elementor-column elementor-col-50 elementor-top-column elementor-element elementor-element-5387e107\" data-id=\"5387e107\" data-element_type=\"column\" data-settings=\"{&quot;background_background&quot;:&quot;classic&quot;}\">\n\t\t\t<div class=\"elementor-widget-wrap elementor-element-populated\">\n\t\t\t\t\t\t<div class=\"elementor-element elementor-element-1756428 elementor-widget elementor-widget-spacer\" data-id=\"1756428\" data-element_type=\"widget\" data-widget_type=\"spacer.default\">\n\t\t\t\t<div class=\"elementor-widget-container\">\n\t\t\t\t\t\t\t<div class=\"elementor-spacer\">\n\t\t\t<div class=\"elementor-spacer-inner\"><\/div>\n\t\t<\/div>\n\t\t\t\t\t\t<\/div>\n\t\t\t\t<\/div>\n\t\t\t\t\t<\/div>\n\t\t<\/div>\n\t\t\t\t<div class=\"elementor-column elementor-col-50 elementor-top-column elementor-element elementor-element-34ef884b\" data-id=\"34ef884b\" data-element_type=\"column\">\n\t\t\t<div class=\"elementor-widget-wrap elementor-element-populated\">\n\t\t\t\t\t\t<div class=\"elementor-element elementor-element-4dd08f2a elementor-widget elementor-widget-heading\" data-id=\"4dd08f2a\" data-element_type=\"widget\" data-widget_type=\"heading.default\">\n\t\t\t\t<div class=\"elementor-widget-container\">\n\t\t\t\t\t<h3 class=\"elementor-heading-title elementor-size-default\"><strong data-start=\"2286\" data-end=\"2324\">Admin-Dashboard \/ Flottenmanagement<\/strong><\/h3>\t\t\t\t<\/div>\n\t\t\t\t<\/div>\n\t\t\t\t<div class=\"elementor-element elementor-element-4035fdb1 elementor-widget elementor-widget-text-editor\" data-id=\"4035fdb1\" data-element_type=\"widget\" data-widget_type=\"text-editor.default\">\n\t\t\t\t<div class=\"elementor-widget-container\">\n\t\t\t\t\t\t\t\t\t<article class=\"text-token-text-primary w-full focus:outline-none scroll-mt-[calc(var(--header-height)+min(200px,max(70px,20svh)))]\" dir=\"auto\" tabindex=\"-1\" data-testid=\"conversation-turn-18\" data-scroll-anchor=\"true\" data-turn=\"assistant\"><div class=\"text-base my-auto mx-auto pb-10 [--thread-content-margin:--spacing(4)] @[37rem]:[--thread-content-margin:--spacing(6)] @[72rem]:[--thread-content-margin:--spacing(16)] px-(--thread-content-margin)\"><div class=\"[--thread-content-max-width:32rem] @[34rem]:[--thread-content-max-width:40rem] @[64rem]:[--thread-content-max-width:48rem] mx-auto max-w-(--thread-content-max-width) flex-1 group\/turn-messages focus-visible:outline-hidden relative flex w-full min-w-0 flex-col agent-turn\" tabindex=\"-1\"><div class=\"flex max-w-full flex-col grow\"><div class=\"min-h-8 text-message relative flex w-full flex-col items-end gap-2 text-start break-words whitespace-normal [.text-message+&amp;]:mt-5\" dir=\"auto\" data-message-author-role=\"assistant\" data-message-id=\"402862af-0242-4cc8-bb1c-81c396809bc6\" data-message-model-slug=\"o4-mini-high\"><div class=\"flex w-full flex-col gap-1 empty:hidden first:pt-[3px]\"><div class=\"markdown prose dark:prose-invert w-full break-words dark markdown-new-styling\"><p data-start=\"0\" data-end=\"785\" data-is-last-node=\"\" data-is-only-node=\"\">Unser Admin-Dashboard gibt Ihnen die volle Kontrolle \u00fcber Ihre gesamte Flotte \u2013 ganz ohne technische Kenntnisse. \u00dcber eine \u00fcbersichtliche Oberfl\u00e4che k\u00f6nnen Sie Fahrzeuge hinzuf\u00fcgen oder bearbeiten, die Echtzeitverf\u00fcgbarkeit festlegen, dynamische Preise anpassen, Extras (Versicherung, GPS, Fahrer) verwalten und Reservierungen genehmigen oder \u00e4ndern. Integrierte Wartungsplanung und automatische Warnmeldungen sorgen daf\u00fcr, dass jedes Fahrzeug einsatzbereit ist. Fahrerzuweisungen, Kundenkommunikationstools und ein Promotion-Management helfen Ihnen, die Auslastung und Upselling zu optimieren. Rollenbasierte Berechtigungen erm\u00f6glichen Ihnen den entsprechenden Zugriff f\u00fcr Ihre Mitarbeiter. Exportierbare Berichte und Conversion-Analysen geben Einblick in Leistung und Engp\u00e4sse. Alles ist responsive, sodass Sie Ihre Flotte vom Desktop oder Mobilger\u00e4t aus steuern k\u00f6nnen \u2013 das optimiert Abl\u00e4ufe und erm\u00f6glicht Ihnen sicheres Skalieren.<\/p><\/div><\/div><\/div><\/div><\/div><\/div><\/article><div class=\"pointer-events-none h-px w-px\" aria-hidden=\"true\" data-edge=\"true\">\u00a0<\/div>\t\t\t\t\t\t\t\t<\/div>\n\t\t\t\t<\/div>\n\t\t\t\t\t<\/div>\n\t\t<\/div>\n\t\t\t\t\t<\/div>\n\t\t<\/section>\n\t\t\t\t<\/div>","protected":false},"excerpt":{"rendered":"<p>Drive More Rentals with a Sleek, Modern Website Your car rental business can earn more without raising costs\u2014what you need is a high-converting digital presence. HiTech Media builds you a modern, mobile-first website optimized for bookings: showcase your fleet with live availability, enable online reservations with secure payment, integrate location visibility, offer upsells like insurance&#8230;<\/p>","protected":false},"author":1,"featured_media":0,"parent":0,"menu_order":0,"comment_status":"closed","ping_status":"closed","template":"","meta":{"footnotes":""},"class_list":["post-987708","page","type-page","status-publish","hentry"],"yoast_head":"<!-- This site is optimized with the Yoast SEO Premium plugin v26.7 (Yoast SEO v26.7) - https:\/\/yoast.com\/wordpress\/plugins\/seo\/ -->\n<title>Build Your Car Sales &amp; Rental Platform: Inventory, Booking &amp; Payments - HiTech Solutions<\/title>\n<meta name=\"robots\" content=\"index, follow, max-snippet:-1, max-image-preview:large, max-video-preview:-1\" \/>\n<link rel=\"canonical\" href=\"https:\/\/hitech.al\/de\/makina\/\" \/>\n<meta property=\"og:locale\" content=\"de_DE\" \/>\n<meta property=\"og:type\" content=\"article\" \/>\n<meta property=\"og:title\" content=\"Build Your Car Sales &amp; Rental Platform: Inventory, Booking &amp; Payments\" \/>\n<meta property=\"og:description\" content=\"Drive More Rentals with a Sleek, Modern Website Your car rental business can earn more without raising costs\u2014what you need is a high-converting digital presence. HiTech Media builds you a modern, mobile-first website optimized for bookings: showcase your fleet with live availability, enable online reservations with secure payment, integrate location visibility, offer upsells like insurance...\" \/>\n<meta property=\"og:url\" content=\"https:\/\/hitech.al\/de\/makina\/\" \/>\n<meta property=\"og:site_name\" content=\"HiTech Solutions\" \/>\n<meta property=\"article:modified_time\" content=\"2025-08-04T16:57:06+00:00\" \/>\n<meta name=\"twitter:card\" content=\"summary_large_image\" \/>\n<meta name=\"twitter:label1\" content=\"Gesch\u00e4tzte Lesezeit\" \/>\n\t<meta name=\"twitter:data1\" content=\"1\u00a0Minute\" \/>\n<script type=\"application\/ld+json\" class=\"yoast-schema-graph\">{\"@context\":\"https:\/\/schema.org\",\"@graph\":[{\"@type\":\"WebPage\",\"@id\":\"https:\/\/hitech.al\/makina\/\",\"url\":\"https:\/\/hitech.al\/makina\/\",\"name\":\"Build Your Car Sales &amp; Rental Platform: Inventory, Booking &amp; Payments - HiTech Solutions\",\"isPartOf\":{\"@id\":\"https:\/\/hitech.al\/#website\"},\"datePublished\":\"2025-08-04T16:25:35+00:00\",\"dateModified\":\"2025-08-04T16:57:06+00:00\",\"breadcrumb\":{\"@id\":\"https:\/\/hitech.al\/makina\/#breadcrumb\"},\"inLanguage\":\"de\",\"potentialAction\":[{\"@type\":\"ReadAction\",\"target\":[\"https:\/\/hitech.al\/makina\/\"]}]},{\"@type\":\"BreadcrumbList\",\"@id\":\"https:\/\/hitech.al\/makina\/#breadcrumb\",\"itemListElement\":[{\"@type\":\"ListItem\",\"position\":1,\"name\":\"Home\",\"item\":\"https:\/\/hitech.al\/\"},{\"@type\":\"ListItem\",\"position\":2,\"name\":\"Build Your Car Sales &amp; Rental Platform: Inventory, Booking &amp; Payments\"}]},{\"@type\":\"WebSite\",\"@id\":\"https:\/\/hitech.al\/#website\",\"url\":\"https:\/\/hitech.al\/\",\"name\":\"HiTech Media\",\"description\":\"Your Digital Partner\",\"publisher\":{\"@id\":\"https:\/\/hitech.al\/#organization\"},\"potentialAction\":[{\"@type\":\"SearchAction\",\"target\":{\"@type\":\"EntryPoint\",\"urlTemplate\":\"https:\/\/hitech.al\/?s={search_term_string}\"},\"query-input\":{\"@type\":\"PropertyValueSpecification\",\"valueRequired\":true,\"valueName\":\"search_term_string\"}}],\"inLanguage\":\"de\"},{\"@type\":\"Organization\",\"@id\":\"https:\/\/hitech.al\/#organization\",\"name\":\"HiTech Media\",\"url\":\"https:\/\/hitech.al\/\",\"logo\":{\"@type\":\"ImageObject\",\"inLanguage\":\"de\",\"@id\":\"https:\/\/hitech.al\/#\/schema\/logo\/image\/\",\"url\":\"https:\/\/hitech.al\/wp-content\/uploads\/2023\/03\/HITech.png\",\"contentUrl\":\"https:\/\/hitech.al\/wp-content\/uploads\/2023\/03\/HITech.png\",\"width\":169,\"height\":40,\"caption\":\"HiTech Media\"},\"image\":{\"@id\":\"https:\/\/hitech.al\/#\/schema\/logo\/image\/\"}}]}<\/script>\n<!-- \/ Yoast SEO Premium plugin. -->","yoast_head_json":{"title":"Bauen Sie Ihre Autovermietungs- und Verkaufsplattform auf: Inventar, Buchung und Zahlungen - HiTech Solutions","robots":{"index":"index","follow":"follow","max-snippet":"max-snippet:-1","max-image-preview":"max-image-preview:large","max-video-preview":"max-video-preview:-1"},"canonical":"https:\/\/hitech.al\/de\/makina\/","og_locale":"de_DE","og_type":"article","og_title":"Build Your Car Sales &amp; Rental Platform: Inventory, Booking &amp; Payments","og_description":"Drive More Rentals with a Sleek, Modern Website Your car rental business can earn more without raising costs\u2014what you need is a high-converting digital presence. HiTech Media builds you a modern, mobile-first website optimized for bookings: showcase your fleet with live availability, enable online reservations with secure payment, integrate location visibility, offer upsells like insurance...","og_url":"https:\/\/hitech.al\/de\/makina\/","og_site_name":"HiTech Solutions","article_modified_time":"2025-08-04T16:57:06+00:00","twitter_card":"summary_large_image","twitter_misc":{"Gesch\u00e4tzte Lesezeit":"1\u00a0Minute"},"schema":{"@context":"https:\/\/schema.org","@graph":[{"@type":"WebPage","@id":"https:\/\/hitech.al\/makina\/","url":"https:\/\/hitech.al\/makina\/","name":"Bauen Sie Ihre Autovermietungs- und Verkaufsplattform auf: Inventar, Buchung und Zahlungen - HiTech Solutions","isPartOf":{"@id":"https:\/\/hitech.al\/#website"},"datePublished":"2025-08-04T16:25:35+00:00","dateModified":"2025-08-04T16:57:06+00:00","breadcrumb":{"@id":"https:\/\/hitech.al\/makina\/#breadcrumb"},"inLanguage":"de","potentialAction":[{"@type":"ReadAction","target":["https:\/\/hitech.al\/makina\/"]}]},{"@type":"BreadcrumbList","@id":"https:\/\/hitech.al\/makina\/#breadcrumb","itemListElement":[{"@type":"ListItem","position":1,"name":"Home","item":"https:\/\/hitech.al\/"},{"@type":"ListItem","position":2,"name":"Build Your Car Sales &amp; Rental Platform: Inventory, Booking &amp; Payments"}]},{"@type":"WebSite","@id":"https:\/\/hitech.al\/#website","url":"https:\/\/hitech.al\/","name":"HiTech-Medien","description":"Ihr digitaler Partner","publisher":{"@id":"https:\/\/hitech.al\/#organization"},"potentialAction":[{"@type":"SearchAction","target":{"@type":"EntryPoint","urlTemplate":"https:\/\/hitech.al\/?s={search_term_string}"},"query-input":{"@type":"PropertyValueSpecification","valueRequired":true,"valueName":"search_term_string"}}],"inLanguage":"de"},{"@type":"Organization","@id":"https:\/\/hitech.al\/#organization","name":"HiTech-Medien","url":"https:\/\/hitech.al\/","logo":{"@type":"ImageObject","inLanguage":"de","@id":"https:\/\/hitech.al\/#\/schema\/logo\/image\/","url":"https:\/\/hitech.al\/wp-content\/uploads\/2023\/03\/HITech.png","contentUrl":"https:\/\/hitech.al\/wp-content\/uploads\/2023\/03\/HITech.png","width":169,"height":40,"caption":"HiTech Media"},"image":{"@id":"https:\/\/hitech.al\/#\/schema\/logo\/image\/"}}]}},"jetpack_sharing_enabled":true,"_links":{"self":[{"href":"https:\/\/hitech.al\/de\/wp-json\/wp\/v2\/pages\/987708","targetHints":{"allow":["GET"]}}],"collection":[{"href":"https:\/\/hitech.al\/de\/wp-json\/wp\/v2\/pages"}],"about":[{"href":"https:\/\/hitech.al\/de\/wp-json\/wp\/v2\/types\/page"}],"author":[{"embeddable":true,"href":"https:\/\/hitech.al\/de\/wp-json\/wp\/v2\/users\/1"}],"replies":[{"embeddable":true,"href":"https:\/\/hitech.al\/de\/wp-json\/wp\/v2\/comments?post=987708"}],"version-history":[{"count":0,"href":"https:\/\/hitech.al\/de\/wp-json\/wp\/v2\/pages\/987708\/revisions"}],"wp:attachment":[{"href":"https:\/\/hitech.al\/de\/wp-json\/wp\/v2\/media?parent=987708"}],"curies":[{"name":"wp","href":"https:\/\/api.w.org\/{rel}","templated":true}]}}