{"id":1648,"date":"2023-03-16T13:53:41","date_gmt":"2023-03-16T13:53:41","guid":{"rendered":"https:\/\/tecnologia.vamtam.com\/?page_id=1648"},"modified":"2025-08-12T14:21:06","modified_gmt":"2025-08-12T14:21:06","slug":"privacy-policy","status":"publish","type":"page","link":"https:\/\/hitech.al\/de\/privacy-policy\/","title":{"rendered":"Datenschutzrichtlinie"},"content":{"rendered":"<div data-elementor-type=\"wp-page\" data-elementor-id=\"1648\" class=\"elementor elementor-1648\" data-elementor-post-type=\"page\">\n\t\t\t\t\t\t<section class=\"elementor-section elementor-top-section elementor-element elementor-element-6c5644c elementor-section-boxed elementor-section-height-default elementor-section-height-default\" data-id=\"6c5644c\" data-element_type=\"section\" data-e-type=\"section\">\n\t\t\t\t\t\t<div class=\"elementor-container elementor-column-gap-default\">\n\t\t\t\t\t<div class=\"elementor-column elementor-col-100 elementor-top-column elementor-element elementor-element-759c98e\" data-id=\"759c98e\" data-element_type=\"column\" data-e-type=\"column\">\n\t\t\t<div class=\"elementor-widget-wrap elementor-element-populated\">\n\t\t\t\t\t\t<div class=\"elementor-element elementor-element-9af75f0 animated-slow elementor-invisible elementor-widget elementor-widget-heading\" data-id=\"9af75f0\" data-element_type=\"widget\" data-e-type=\"widget\" data-settings=\"{&quot;_animation&quot;:&quot;fadeIn&quot;,&quot;_animation_tablet&quot;:&quot;none&quot;}\" data-widget_type=\"heading.default\">\n\t\t\t\t<div class=\"elementor-widget-container\">\n\t\t\t\t\t<h1 class=\"elementor-heading-title elementor-size-default\">Datenschutzrichtlinie<\/h1>\t\t\t\t<\/div>\n\t\t\t\t<\/div>\n\t\t\t\t<div class=\"elementor-element elementor-element-88a728c animated-slow elementor-invisible elementor-widget elementor-widget-heading\" data-id=\"88a728c\" data-element_type=\"widget\" data-e-type=\"widget\" data-settings=\"{&quot;_animation&quot;:&quot;fadeIn&quot;,&quot;_animation_tablet&quot;:&quot;none&quot;,&quot;_animation_delay&quot;:300}\" data-widget_type=\"heading.default\">\n\t\t\t\t<div class=\"elementor-widget-container\">\n\t\t\t\t\t<p class=\"elementor-heading-title elementor-size-default\">f\u00fcr HiTech Media<\/p>\t\t\t\t<\/div>\n\t\t\t\t<\/div>\n\t\t\t\t<div class=\"elementor-element elementor-element-31a03c4 elementor-widget elementor-widget-spacer\" data-id=\"31a03c4\" data-element_type=\"widget\" data-e-type=\"widget\" data-widget_type=\"spacer.default\">\n\t\t\t\t<div class=\"elementor-widget-container\">\n\t\t\t\t\t\t\t<div class=\"elementor-spacer\">\n\t\t\t<div class=\"elementor-spacer-inner\"><\/div>\n\t\t<\/div>\n\t\t\t\t\t\t<\/div>\n\t\t\t\t<\/div>\n\t\t\t\t\t<\/div>\n\t\t<\/div>\n\t\t\t\t\t<\/div>\n\t\t<\/section>\n\t\t\t\t<section class=\"elementor-section elementor-top-section elementor-element elementor-element-1fcb2d8 elementor-section-boxed elementor-section-height-default elementor-section-height-default\" data-id=\"1fcb2d8\" data-element_type=\"section\" data-e-type=\"section\">\n\t\t\t\t\t\t<div class=\"elementor-container elementor-column-gap-no\">\n\t\t\t\t\t<div class=\"elementor-column elementor-col-100 elementor-top-column elementor-element elementor-element-5923213\" data-id=\"5923213\" data-element_type=\"column\" data-e-type=\"column\">\n\t\t\t<div class=\"elementor-widget-wrap elementor-element-populated\">\n\t\t\t\t\t\t<div class=\"elementor-element elementor-element-6acf5a5 elementor-widget elementor-widget-heading\" data-id=\"6acf5a5\" data-element_type=\"widget\" data-e-type=\"widget\" data-widget_type=\"heading.default\">\n\t\t\t\t<div class=\"elementor-widget-container\">\n\t\t\t\t\t<h3 class=\"elementor-heading-title elementor-size-default\">Welche Informationen sammeln wir?<\/h3>\t\t\t\t<\/div>\n\t\t\t\t<\/div>\n\t\t\t\t<div class=\"elementor-element elementor-element-d10225c elementor-widget elementor-widget-text-editor\" data-id=\"d10225c\" data-element_type=\"widget\" data-e-type=\"widget\" data-widget_type=\"text-editor.default\">\n\t\t\t\t<div class=\"elementor-widget-container\">\n\t\t\t\t\t\t\t\t\tWenn Sie mit uns interagieren, erfassen wir m\u00f6glicherweise Ihren Namen, Ihre Adresse, E-Mail-Adresse(n), Telefonnummer(n) und gegebenenfalls Ihr Geburtsdatum.\n\t\t\t\t\t\t\t\t<\/div>\n\t\t\t\t<\/div>\n\t\t\t\t<div class=\"elementor-element elementor-element-4a7087e elementor-widget elementor-widget-heading\" data-id=\"4a7087e\" data-element_type=\"widget\" data-e-type=\"widget\" data-widget_type=\"heading.default\">\n\t\t\t\t<div class=\"elementor-widget-container\">\n\t\t\t\t\t<h3 class=\"elementor-heading-title elementor-size-default\">Wie erfassen wir Informationen?<\/h3>\t\t\t\t<\/div>\n\t\t\t\t<\/div>\n\t\t\t\t<div class=\"elementor-element elementor-element-ff17bec elementor-widget elementor-widget-text-editor\" data-id=\"ff17bec\" data-element_type=\"widget\" data-e-type=\"widget\" data-widget_type=\"text-editor.default\">\n\t\t\t\t<div class=\"elementor-widget-container\">\n\t\t\t\t\t\t\t\t\tWir erfassen m\u00f6glicherweise Informationen \u00fcber Sie, wenn Sie mit uns interagieren. Wenn Sie uns beispielsweise bez\u00fcglich unserer Aktivit\u00e4ten kontaktieren, sich als Unterst\u00fctzer registrieren, Informationen senden oder empfangen oder eine Petition unterzeichnen, stellen Sie uns Ihre personenbezogenen Daten ausdr\u00fccklich und wissentlich zur Verf\u00fcgung. Wir k\u00f6nnen auch Informationen \u00fcber Sie von Dritten erhalten \u2013 jedoch nur, wenn Sie diesen die Erlaubnis zur Weitergabe Ihrer Daten erteilt haben.\t\t\t\t\t\t\t\t<\/div>\n\t\t\t\t<\/div>\n\t\t\t\t<div class=\"elementor-element elementor-element-066c896 elementor-widget elementor-widget-heading\" data-id=\"066c896\" data-element_type=\"widget\" data-e-type=\"widget\" data-widget_type=\"heading.default\">\n\t\t\t\t<div class=\"elementor-widget-container\">\n\t\t\t\t\t<h3 class=\"elementor-heading-title elementor-size-default\">Vertraulichkeit<\/h3>\t\t\t\t<\/div>\n\t\t\t\t<\/div>\n\t\t\t\t<div class=\"elementor-element elementor-element-783a250 elementor-widget elementor-widget-text-editor\" data-id=\"783a250\" data-element_type=\"widget\" data-e-type=\"widget\" data-widget_type=\"text-editor.default\">\n\t\t\t\t<div class=\"elementor-widget-container\">\n\t\t\t\t\t\t\t\t\tWir \u00fcbernehmen keine Verantwortung f\u00fcr den Datenschutz von Daten, die von Websites erfasst werden, die nicht im Besitz von Charity sind oder von Charity verwaltet werden, einschlie\u00dflich derjenigen, auf die \u00fcber unsere Website verwiesen wird.\t\t\t\t\t\t\t\t<\/div>\n\t\t\t\t<\/div>\n\t\t\t\t<div class=\"elementor-element elementor-element-d40b075 elementor-widget elementor-widget-heading\" data-id=\"d40b075\" data-element_type=\"widget\" data-e-type=\"widget\" data-widget_type=\"heading.default\">\n\t\t\t\t<div class=\"elementor-widget-container\">\n\t\t\t\t\t<h3 class=\"elementor-heading-title elementor-size-default\">Eine Beschwerde einreichen<\/h3>\t\t\t\t<\/div>\n\t\t\t\t<\/div>\n\t\t\t\t<div class=\"elementor-element elementor-element-9e1f706 elementor-widget elementor-widget-text-editor\" data-id=\"9e1f706\" data-element_type=\"widget\" data-e-type=\"widget\" data-widget_type=\"text-editor.default\">\n\t\t\t\t<div class=\"elementor-widget-container\">\n\t\t\t\t\t\t\t\t\t<p>Sollten Sie mit der Antwort nicht zufrieden sein, kontaktieren Sie uns bitte unter info@hitech.al und erl\u00e4utern Sie uns Ihr Anliegen. Wir pr\u00fcfen Ihre Beschwerde, pr\u00fcfen, ob die richtigen Verfahren eingehalten wurden und melden uns bei Ihnen. Wir bem\u00fchen uns, diese Untersuchung innerhalb von 15 Werktagen nach Eingang Ihrer Beschwerde abzuschlie\u00dfen. In Einzelf\u00e4llen kann es jedoch auch l\u00e4nger dauern. Sollten Sie mit der Antwort weiterhin unzufrieden sein, kontaktieren Sie uns gerne.<\/p>\t\t\t\t\t\t\t\t<\/div>\n\t\t\t\t<\/div>\n\t\t\t\t\t<\/div>\n\t\t<\/div>\n\t\t\t\t\t<\/div>\n\t\t<\/section>\n\t\t\t\t<\/div>","protected":false},"excerpt":{"rendered":"<p>Datenschutzrichtlinie f\u00fcr HiTech Media Welche Informationen sammeln wir? Wenn Sie mit uns interagieren, erfassen wir m\u00f6glicherweise Ihren Namen, Ihre Adresse, E-Mail-Adresse(n), Telefonnummer(n) und gegebenenfalls Ihr Geburtsdatum. Wie sammeln wir Informationen? Wir k\u00f6nnen Informationen \u00fcber Sie sammeln, wenn Sie mit uns interagieren. Zum Beispiel, wenn Sie uns bez\u00fcglich unserer Aktivit\u00e4ten kontaktieren,\u2026<\/p>","protected":false},"author":1,"featured_media":0,"parent":0,"menu_order":0,"comment_status":"closed","ping_status":"closed","template":"","meta":{"footnotes":""},"class_list":["post-1648","page","type-page","status-publish","hentry"],"yoast_head":"<!-- This site is optimized with the Yoast SEO Premium plugin v26.7 (Yoast SEO v27.4) - https:\/\/yoast.com\/product\/yoast-seo-premium-wordpress\/ -->\n<title>Privacy Policy - HiTech Solutions<\/title>\n<meta name=\"robots\" content=\"index, follow, max-snippet:-1, max-image-preview:large, max-video-preview:-1\" \/>\n<link rel=\"canonical\" href=\"https:\/\/hitech.al\/de\/privacy-policy\/\" \/>\n<meta property=\"og:locale\" content=\"de_DE\" \/>\n<meta property=\"og:type\" content=\"article\" \/>\n<meta property=\"og:title\" content=\"Privacy Policy\" \/>\n<meta property=\"og:description\" content=\"Privacy Policy for HiTech Media What information do we collect? When you interact with us, we may collect your name, address, email address(es), telephone number(s), and, where appropriate, date of birth. How do we collect information? We may collect information about you whenever you interact with us. For example, when you contact regarding our activities,...\" \/>\n<meta property=\"og:url\" content=\"https:\/\/hitech.al\/de\/privacy-policy\/\" \/>\n<meta property=\"og:site_name\" content=\"HiTech Solutions\" \/>\n<meta property=\"article:modified_time\" content=\"2025-08-12T14:21:06+00:00\" \/>\n<meta name=\"twitter:card\" content=\"summary_large_image\" \/>\n<meta name=\"twitter:label1\" content=\"Gesch\u00e4tzte Lesezeit\" \/>\n\t<meta name=\"twitter:data1\" content=\"1\u00a0Minute\" \/>\n<script type=\"application\/ld+json\" class=\"yoast-schema-graph\">{\"@context\":\"https:\\\/\\\/schema.org\",\"@graph\":[{\"@type\":\"WebPage\",\"@id\":\"https:\\\/\\\/hitech.al\\\/privacy-policy\\\/\",\"url\":\"https:\\\/\\\/hitech.al\\\/privacy-policy\\\/\",\"name\":\"Privacy Policy - HiTech Solutions\",\"isPartOf\":{\"@id\":\"https:\\\/\\\/hitech.al\\\/#website\"},\"datePublished\":\"2023-03-16T13:53:41+00:00\",\"dateModified\":\"2025-08-12T14:21:06+00:00\",\"breadcrumb\":{\"@id\":\"https:\\\/\\\/hitech.al\\\/privacy-policy\\\/#breadcrumb\"},\"inLanguage\":\"de\",\"potentialAction\":[{\"@type\":\"ReadAction\",\"target\":[\"https:\\\/\\\/hitech.al\\\/privacy-policy\\\/\"]}]},{\"@type\":\"BreadcrumbList\",\"@id\":\"https:\\\/\\\/hitech.al\\\/privacy-policy\\\/#breadcrumb\",\"itemListElement\":[{\"@type\":\"ListItem\",\"position\":1,\"name\":\"Home\",\"item\":\"https:\\\/\\\/hitech.al\\\/\"},{\"@type\":\"ListItem\",\"position\":2,\"name\":\"Privacy Policy\"}]},{\"@type\":\"WebSite\",\"@id\":\"https:\\\/\\\/hitech.al\\\/#website\",\"url\":\"https:\\\/\\\/hitech.al\\\/\",\"name\":\"HiTech Media\",\"description\":\"Your Digital Partner\",\"publisher\":{\"@id\":\"https:\\\/\\\/hitech.al\\\/#organization\"},\"potentialAction\":[{\"@type\":\"SearchAction\",\"target\":{\"@type\":\"EntryPoint\",\"urlTemplate\":\"https:\\\/\\\/hitech.al\\\/?s={search_term_string}\"},\"query-input\":{\"@type\":\"PropertyValueSpecification\",\"valueRequired\":true,\"valueName\":\"search_term_string\"}}],\"inLanguage\":\"de\"},{\"@type\":\"Organization\",\"@id\":\"https:\\\/\\\/hitech.al\\\/#organization\",\"name\":\"HiTech Media\",\"url\":\"https:\\\/\\\/hitech.al\\\/\",\"logo\":{\"@type\":\"ImageObject\",\"inLanguage\":\"de\",\"@id\":\"https:\\\/\\\/hitech.al\\\/#\\\/schema\\\/logo\\\/image\\\/\",\"url\":\"https:\\\/\\\/hitech.al\\\/wp-content\\\/uploads\\\/2023\\\/03\\\/HITech.png\",\"contentUrl\":\"https:\\\/\\\/hitech.al\\\/wp-content\\\/uploads\\\/2023\\\/03\\\/HITech.png\",\"width\":169,\"height\":40,\"caption\":\"HiTech Media\"},\"image\":{\"@id\":\"https:\\\/\\\/hitech.al\\\/#\\\/schema\\\/logo\\\/image\\\/\"}}]}<\/script>\n<!-- \/ Yoast SEO Premium plugin. -->","yoast_head_json":{"title":"Datenschutzrichtlinie - HiTech Solutions","robots":{"index":"index","follow":"follow","max-snippet":"max-snippet:-1","max-image-preview":"max-image-preview:large","max-video-preview":"max-video-preview:-1"},"canonical":"https:\/\/hitech.al\/de\/privacy-policy\/","og_locale":"de_DE","og_type":"article","og_title":"Privacy Policy","og_description":"Privacy Policy for HiTech Media What information do we collect? When you interact with us, we may collect your name, address, email address(es), telephone number(s), and, where appropriate, date of birth. How do we collect information? We may collect information about you whenever you interact with us. For example, when you contact regarding our activities,...","og_url":"https:\/\/hitech.al\/de\/privacy-policy\/","og_site_name":"HiTech Solutions","article_modified_time":"2025-08-12T14:21:06+00:00","twitter_card":"summary_large_image","twitter_misc":{"Gesch\u00e4tzte Lesezeit":"1\u00a0Minute"},"schema":{"@context":"https:\/\/schema.org","@graph":[{"@type":"WebPage","@id":"https:\/\/hitech.al\/privacy-policy\/","url":"https:\/\/hitech.al\/privacy-policy\/","name":"Datenschutzrichtlinie - HiTech Solutions","isPartOf":{"@id":"https:\/\/hitech.al\/#website"},"datePublished":"2023-03-16T13:53:41+00:00","dateModified":"2025-08-12T14:21:06+00:00","breadcrumb":{"@id":"https:\/\/hitech.al\/privacy-policy\/#breadcrumb"},"inLanguage":"de","potentialAction":[{"@type":"ReadAction","target":["https:\/\/hitech.al\/privacy-policy\/"]}]},{"@type":"BreadcrumbList","@id":"https:\/\/hitech.al\/privacy-policy\/#breadcrumb","itemListElement":[{"@type":"ListItem","position":1,"name":"Home","item":"https:\/\/hitech.al\/"},{"@type":"ListItem","position":2,"name":"Privacy Policy"}]},{"@type":"WebSite","@id":"https:\/\/hitech.al\/#website","url":"https:\/\/hitech.al\/","name":"HiTech-Medien","description":"Ihr digitaler Partner","publisher":{"@id":"https:\/\/hitech.al\/#organization"},"potentialAction":[{"@type":"SearchAction","target":{"@type":"EntryPoint","urlTemplate":"https:\/\/hitech.al\/?s={search_term_string}"},"query-input":{"@type":"PropertyValueSpecification","valueRequired":true,"valueName":"search_term_string"}}],"inLanguage":"de"},{"@type":"Organization","@id":"https:\/\/hitech.al\/#organization","name":"HiTech-Medien","url":"https:\/\/hitech.al\/","logo":{"@type":"ImageObject","inLanguage":"de","@id":"https:\/\/hitech.al\/#\/schema\/logo\/image\/","url":"https:\/\/hitech.al\/wp-content\/uploads\/2023\/03\/HITech.png","contentUrl":"https:\/\/hitech.al\/wp-content\/uploads\/2023\/03\/HITech.png","width":169,"height":40,"caption":"HiTech Media"},"image":{"@id":"https:\/\/hitech.al\/#\/schema\/logo\/image\/"}}]}},"_links":{"self":[{"href":"https:\/\/hitech.al\/de\/wp-json\/wp\/v2\/pages\/1648","targetHints":{"allow":["GET"]}}],"collection":[{"href":"https:\/\/hitech.al\/de\/wp-json\/wp\/v2\/pages"}],"about":[{"href":"https:\/\/hitech.al\/de\/wp-json\/wp\/v2\/types\/page"}],"author":[{"embeddable":true,"href":"https:\/\/hitech.al\/de\/wp-json\/wp\/v2\/users\/1"}],"replies":[{"embeddable":true,"href":"https:\/\/hitech.al\/de\/wp-json\/wp\/v2\/comments?post=1648"}],"version-history":[{"count":0,"href":"https:\/\/hitech.al\/de\/wp-json\/wp\/v2\/pages\/1648\/revisions"}],"wp:attachment":[{"href":"https:\/\/hitech.al\/de\/wp-json\/wp\/v2\/media?parent=1648"}],"curies":[{"name":"wp","href":"https:\/\/api.w.org\/{rel}","templated":true}]}}