{"id":1314,"date":"2023-03-14T14:21:56","date_gmt":"2023-03-14T14:21:56","guid":{"rendered":"https:\/\/tecnologia.vamtam.com\/?page_id=1314"},"modified":"2025-08-12T14:26:17","modified_gmt":"2025-08-12T14:26:17","slug":"faq","status":"publish","type":"page","link":"https:\/\/hitech.al\/de\/faq\/","title":{"rendered":"H\u00e4ufig gestellte Fragen"},"content":{"rendered":"<div data-elementor-type=\"wp-page\" data-elementor-id=\"1314\" class=\"elementor elementor-1314\" data-elementor-post-type=\"page\">\n\t\t\t\t\t\t<section class=\"elementor-section elementor-top-section elementor-element elementor-element-a668bb8 elementor-section-boxed elementor-section-height-default elementor-section-height-default\" data-id=\"a668bb8\" data-element_type=\"section\" data-e-type=\"section\">\n\t\t\t\t\t\t<div class=\"elementor-container elementor-column-gap-default\">\n\t\t\t\t\t<div class=\"elementor-column elementor-col-100 elementor-top-column elementor-element elementor-element-4410990\" data-id=\"4410990\" data-element_type=\"column\" data-e-type=\"column\">\n\t\t\t<div class=\"elementor-widget-wrap elementor-element-populated\">\n\t\t\t\t\t\t<div class=\"elementor-element elementor-element-09e697d animated-slow elementor-invisible elementor-widget elementor-widget-heading\" data-id=\"09e697d\" data-element_type=\"widget\" data-e-type=\"widget\" data-settings=\"{&quot;_animation&quot;:&quot;fadeIn&quot;,&quot;_animation_tablet&quot;:&quot;none&quot;}\" data-widget_type=\"heading.default\">\n\t\t\t\t<div class=\"elementor-widget-container\">\n\t\t\t\t\t<h1 class=\"elementor-heading-title elementor-size-default\">H\u00e4ufig gestellte Fragen<\/h1>\t\t\t\t<\/div>\n\t\t\t\t<\/div>\n\t\t\t\t<div class=\"elementor-element elementor-element-6740fe5 elementor-widget elementor-widget-spacer\" data-id=\"6740fe5\" data-element_type=\"widget\" data-e-type=\"widget\" data-widget_type=\"spacer.default\">\n\t\t\t\t<div class=\"elementor-widget-container\">\n\t\t\t\t\t\t\t<div class=\"elementor-spacer\">\n\t\t\t<div class=\"elementor-spacer-inner\"><\/div>\n\t\t<\/div>\n\t\t\t\t\t\t<\/div>\n\t\t\t\t<\/div>\n\t\t\t\t\t<\/div>\n\t\t<\/div>\n\t\t\t\t\t<\/div>\n\t\t<\/section>\n\t\t\t\t<section class=\"elementor-section elementor-top-section elementor-element elementor-element-d87787f elementor-section-boxed elementor-section-height-default elementor-section-height-default\" data-id=\"d87787f\" data-element_type=\"section\" data-e-type=\"section\">\n\t\t\t\t\t\t<div class=\"elementor-container elementor-column-gap-no\">\n\t\t\t\t\t<div class=\"elementor-column elementor-col-100 elementor-top-column elementor-element elementor-element-aadef22\" data-id=\"aadef22\" data-element_type=\"column\" data-e-type=\"column\" data-settings=\"{&quot;background_background&quot;:&quot;classic&quot;}\">\n\t\t\t<div class=\"elementor-widget-wrap elementor-element-populated\">\n\t\t\t\t\t\t<div class=\"vamtam-has-theme-widget-styles elementor-element elementor-element-124be31 elementor-widget elementor-widget-toggle\" data-id=\"124be31\" data-element_type=\"widget\" data-e-type=\"widget\" data-widget_type=\"toggle.default\">\n\t\t\t\t<div class=\"elementor-widget-container\">\n\t\t\t\t\t\t\t<div class=\"elementor-toggle\">\n\t\t\t\t\t\t\t<div class=\"elementor-toggle-item\">\n\t\t\t\t\t<h3 id=\"elementor-tab-title-1911\" class=\"elementor-tab-title\" data-tab=\"1\" role=\"button\" aria-controls=\"elementor-tab-content-1911\" aria-expanded=\"false\">\n\t\t\t\t\t\t\t\t\t\t\t\t<span class=\"elementor-toggle-icon elementor-toggle-icon-right\" aria-hidden=\"true\">\n\t\t\t\t\t\t\t\t\t\t\t\t\t\t\t<span class=\"elementor-toggle-icon-closed\"><i class=\"vamtamtheme- vamtam-theme-plus\"><\/i><\/span>\n\t\t\t\t\t\t\t\t<span class=\"elementor-toggle-icon-opened\"><i class=\"elementor-toggle-icon-opened vamtamtheme- vamtam-theme-minus\"><\/i><\/span>\n\t\t\t\t\t\t\t\t\t\t\t\t\t<\/span>\n\t\t\t\t\t\t\t\t\t\t\t\t<a class=\"elementor-toggle-title\" tabindex=\"0\">Was sind Ihre beiden Hauptdienstleistungen?<\/a>\n\t\t\t\t\t<\/h3>\n\n\t\t\t\t\t<div id=\"elementor-tab-content-1911\" class=\"elementor-tab-content elementor-clearfix\" data-tab=\"1\" role=\"region\" aria-labelledby=\"elementor-tab-title-1911\"><p data-start=\"92\" data-end=\"131\">Vollst\u00e4ndig verwaltete Webentwicklung \u2013 HiTech Media entwirft, entwickelt, hostet und wartet Ihre Website von Anfang bis Ende gegen eine feste und vorhersehbare monatliche Geb\u00fchr und stellt so sicher, dass sie schnell, sicher und immer auf dem neuesten Stand bleibt.<\/p><p data-start=\"540\" data-end=\"586\">Vollst\u00e4ndig verwaltete Entwicklung mobiler Apps \u2013 HiTech Media erstellt, aktualisiert und wartet Ihre mobilen Anwendungen f\u00fcr iOS und Android zu einem festen monatlichen Tarif und bietet so optimale Leistung, Sicherheit und Kompatibilit\u00e4t.<\/p><p data-start=\"132\" data-end=\"305\">\u00a0<\/p><p data-start=\"132\" data-end=\"305\">\u00a0<\/p><\/div>\n\t\t\t\t<\/div>\n\t\t\t\t\t\t\t<div class=\"elementor-toggle-item\">\n\t\t\t\t\t<h3 id=\"elementor-tab-title-1912\" class=\"elementor-tab-title\" data-tab=\"2\" role=\"button\" aria-controls=\"elementor-tab-content-1912\" aria-expanded=\"false\">\n\t\t\t\t\t\t\t\t\t\t\t\t<span class=\"elementor-toggle-icon elementor-toggle-icon-right\" aria-hidden=\"true\">\n\t\t\t\t\t\t\t\t\t\t\t\t\t\t\t<span class=\"elementor-toggle-icon-closed\"><i class=\"vamtamtheme- vamtam-theme-plus\"><\/i><\/span>\n\t\t\t\t\t\t\t\t<span class=\"elementor-toggle-icon-opened\"><i class=\"elementor-toggle-icon-opened vamtamtheme- vamtam-theme-minus\"><\/i><\/span>\n\t\t\t\t\t\t\t\t\t\t\t\t\t<\/span>\n\t\t\t\t\t\t\t\t\t\t\t\t<a class=\"elementor-toggle-title\" tabindex=\"0\">Welche weiteren Dienstleistungen bieten Sie an?<\/a>\n\t\t\t\t\t<\/h3>\n\n\t\t\t\t\t<div id=\"elementor-tab-content-1912\" class=\"elementor-tab-content elementor-clearfix\" data-tab=\"2\" role=\"region\" aria-labelledby=\"elementor-tab-title-1912\"><p><a class=\"elementor-item\" href=\"https:\/\/hitech.al\/de\/solutions\/web-development\/\">Webentwicklung<\/a><\/p><p><a class=\"elementor-item\" href=\"https:\/\/hitech.al\/de\/solutions\/mobile-app-development-2\/\">Mobile APP-Entwicklung<\/a><\/p><p><a class=\"elementor-item\" href=\"https:\/\/hitech.al\/de\/solutions\/social-media-management\/\">Social Media Management<\/a><\/p><p><a class=\"elementor-item\" href=\"https:\/\/hitech.al\/de\/solutions\/web-hosting\/\">Webhosting<\/a><\/p><p><a class=\"elementor-item\" href=\"https:\/\/hitech.al\/de\/solutions\/it-consulting-advisory\/\">IT-Beratung &amp; Advisory<\/a><\/p><p><a class=\"elementor-item\" href=\"https:\/\/hitech.al\/de\/solutions\/cyber-security\/\">Cybersicherheit<\/a><\/p><\/div>\n\t\t\t\t<\/div>\n\t\t\t\t\t\t\t<div class=\"elementor-toggle-item\">\n\t\t\t\t\t<h3 id=\"elementor-tab-title-1913\" class=\"elementor-tab-title\" data-tab=\"3\" role=\"button\" aria-controls=\"elementor-tab-content-1913\" aria-expanded=\"false\">\n\t\t\t\t\t\t\t\t\t\t\t\t<span class=\"elementor-toggle-icon elementor-toggle-icon-right\" aria-hidden=\"true\">\n\t\t\t\t\t\t\t\t\t\t\t\t\t\t\t<span class=\"elementor-toggle-icon-closed\"><i class=\"vamtamtheme- vamtam-theme-plus\"><\/i><\/span>\n\t\t\t\t\t\t\t\t<span class=\"elementor-toggle-icon-opened\"><i class=\"elementor-toggle-icon-opened vamtamtheme- vamtam-theme-minus\"><\/i><\/span>\n\t\t\t\t\t\t\t\t\t\t\t\t\t<\/span>\n\t\t\t\t\t\t\t\t\t\t\t\t<a class=\"elementor-toggle-title\" tabindex=\"0\">Welche gesch\u00e4ftlichen Probleme l\u00f6sen Sie?<\/a>\n\t\t\t\t\t<\/h3>\n\n\t\t\t\t\t<div id=\"elementor-tab-content-1913\" class=\"elementor-tab-content elementor-clearfix\" data-tab=\"3\" role=\"region\" aria-labelledby=\"elementor-tab-title-1913\"><p style=\"text-align: left;\">Durch die f\u00fchrende Beratung in den Bereichen IT-Strategie und Compliance schlie\u00dft HiTech Media zwei gro\u00dfe L\u00fccken in der IT-Anbieterbranche. Diese Expertise hilft Kunden:<\/p><ul><li style=\"text-align: left;\">Sparen Sie Zeit und Geld und steigern Sie die Rentabilit\u00e4t.<\/li><li style=\"text-align: left;\">Reduzieren Sie die Frustration der Mitarbeiter und verbessern Sie die Teammoral.<\/li><li style=\"text-align: left;\">St\u00e4rken Sie Ihre Abwehrma\u00dfnahmen gegen Datenschutzverletzungen, Ransomware-Angriffe und rechtliche Risiken.<\/li><li style=\"text-align: left;\">Geringeres Cybersicherheits- und Compliance-Risiko<\/li><\/ul><\/div>\n\t\t\t\t<\/div>\n\t\t\t\t\t\t\t<div class=\"elementor-toggle-item\">\n\t\t\t\t\t<h3 id=\"elementor-tab-title-1914\" class=\"elementor-tab-title\" data-tab=\"4\" role=\"button\" aria-controls=\"elementor-tab-content-1914\" aria-expanded=\"false\">\n\t\t\t\t\t\t\t\t\t\t\t\t<span class=\"elementor-toggle-icon elementor-toggle-icon-right\" aria-hidden=\"true\">\n\t\t\t\t\t\t\t\t\t\t\t\t\t\t\t<span class=\"elementor-toggle-icon-closed\"><i class=\"vamtamtheme- vamtam-theme-plus\"><\/i><\/span>\n\t\t\t\t\t\t\t\t<span class=\"elementor-toggle-icon-opened\"><i class=\"elementor-toggle-icon-opened vamtamtheme- vamtam-theme-minus\"><\/i><\/span>\n\t\t\t\t\t\t\t\t\t\t\t\t\t<\/span>\n\t\t\t\t\t\t\t\t\t\t\t\t<a class=\"elementor-toggle-title\" tabindex=\"0\">Was sind Ihre Kerndienstleistungen?<\/a>\n\t\t\t\t\t<\/h3>\n\n\t\t\t\t\t<div id=\"elementor-tab-content-1914\" class=\"elementor-tab-content elementor-clearfix\" data-tab=\"4\" role=\"region\" aria-labelledby=\"elementor-tab-title-1914\"><p>Kerndienste sind feste, grundlegende Basisressourcen, die in jedem vollst\u00e4ndig verwalteten IT-Service-Level-Agreement enthalten sind.<\/p><ul><li>vCIO \u2013 Strategische Ausrichtung, Budgetierung, Planung und Beratungsdienste mit Konto\u00fcberpr\u00fcfungen und IT-Roadmaps zur F\u00f6rderung Ihrer digitalen Transformation.<br \/>Managed Services Concierge \u2013 Ihr Ansprechpartner f\u00fcr alle Kontodetails. Dieser vertrauensw\u00fcrdige Berater fungiert als Bindeglied zwischen Ihrem vCIO und dem Serviceteam und k\u00fcmmert sich um Fragen zu IT-Services, Rechnungen und allen gesch\u00e4ftsrelevanten Technologien, die Entscheidungsfindung, Zusammenarbeit, Produktivit\u00e4t, Compliance, Gesch\u00e4ftskontinuit\u00e4t, Sicherheit und Effizienz unterst\u00fctzen.<\/li><li>Client-Management-Tools \u2013 Automatisierung professioneller Services, Ticketing, CRM, Remote-Management und -\u00dcberwachung, Dokumentation, Kommunikation, Benachrichtigung und Datenschutz.<\/li><li>Technische Unterst\u00fctzung durch den Anbieter \u2013 Wir interagieren direkt mit Ihren anderen Technologieanbietern, um Vorf\u00e4lle zu beheben, Tickets zu \u00f6ffnen, Anfragen zu eskalieren oder an der L\u00f6sung von Vorf\u00e4llen in Ihrer IT-Umgebung zu arbeiten.<\/li><li>Wir beantworten auch grundlegende Fragen zu Ihrer Umgebung oder gew\u00e4hren nach Genehmigung durch den Kunden Zugriff auf die vom Anbieter angeforderten Systeme, beispielsweise durch die Zuweisung von IP-Adressen f\u00fcr einen Kopierer, einen Anbieter von \u00dcberwachungskameras oder die Zulassung von Netzwerkverkehr f\u00fcr den Dienst eines Anbieters.<\/li><li>Diese Unterst\u00fctzung umfasst Hardwarehersteller, Softwareentwicklungsfirmen, Cloud-Service-Anbieter, ISPs, Telekommunikationsmakler, Drucker- und Kopierunternehmen sowie lokale Kurierdienste.<\/li><li>Beschaffungsservices \u2013 Tecnologia bezieht Produkte ausschlie\u00dflich \u00fcber autorisierte Kan\u00e4le und empfiehlt Business-Class-L\u00f6sungen. Wir identifizieren au\u00dferdem Konfigurationsm\u00f6glichkeiten, stellen die ordnungsgem\u00e4\u00dfe Registrierung sicher, verwalten Lizenzen und Garantien und garantieren die Originalit\u00e4t aller Produkte.<br \/>Netzwerkverwaltung \u2013 \u00dcberwachung, Verwaltung, Berichterstellung, Dom\u00e4nennamen- und SSL-Zertifikatsverwaltung, Remote-Vorfallbehebung und Vor-Ort-Vorfallbehebung.<\/li><\/ul><p>Wenn ein Kunde \u00fcber mehr als einen Standort verf\u00fcgt \u2013 mit erweiterten Anforderungen an Netzwerkmanagement und technische Unterst\u00fctzung durch den Anbieter \u2013 fallen zus\u00e4tzliche Geb\u00fchren f\u00fcr die Kerndienste an.<\/p><\/div>\n\t\t\t\t<\/div>\n\t\t\t\t\t\t\t<div class=\"elementor-toggle-item\">\n\t\t\t\t\t<h3 id=\"elementor-tab-title-1915\" class=\"elementor-tab-title\" data-tab=\"5\" role=\"button\" aria-controls=\"elementor-tab-content-1915\" aria-expanded=\"false\">\n\t\t\t\t\t\t\t\t\t\t\t\t<span class=\"elementor-toggle-icon elementor-toggle-icon-right\" aria-hidden=\"true\">\n\t\t\t\t\t\t\t\t\t\t\t\t\t\t\t<span class=\"elementor-toggle-icon-closed\"><i class=\"vamtamtheme- vamtam-theme-plus\"><\/i><\/span>\n\t\t\t\t\t\t\t\t<span class=\"elementor-toggle-icon-opened\"><i class=\"elementor-toggle-icon-opened vamtamtheme- vamtam-theme-minus\"><\/i><\/span>\n\t\t\t\t\t\t\t\t\t\t\t\t\t<\/span>\n\t\t\t\t\t\t\t\t\t\t\t\t<a class=\"elementor-toggle-title\" tabindex=\"0\">Wie unterscheiden Sie sich?<\/a>\n\t\t\t\t\t<\/h3>\n\n\t\t\t\t\t<div id=\"elementor-tab-content-1915\" class=\"elementor-tab-content elementor-clearfix\" data-tab=\"5\" role=\"region\" aria-labelledby=\"elementor-tab-title-1915\"><p>HiTech Media arbeitet gezielt mit wachsenden Organisationen zusammen, die ihre Strategie und ihr Budget gerne auf einen bew\u00e4hrten IT-Prozess basierend auf Standards und Best Practices anwenden, um die Leistung zu verbessern und das Risiko zu senken.<\/p><p>Tecnologia erstellt und wartet leistungsstarke, leise und sichere IT-Systeme, indem wir unsere Kunden aktiv in regelm\u00e4\u00dfig stattfindende strategische Gesch\u00e4fts\u00fcberpr\u00fcfungen mit einem vCIO einbinden und beraten.<\/p><p>Die meisten Tecnologia-Standorte begrenzen die Anzahl der Neukunden-Onboardings auf zwei pro Monat. Dieser Ansatz erm\u00f6glicht uns die Einf\u00fchrung umfassender, datenbasierter Qualit\u00e4tskontrollen \u2013 im Frontend \u2013, die unseren Kunden w\u00e4hrend der gesamten Gesch\u00e4ftsbeziehung einen zunehmenden operativen Nutzen verschaffen.<\/p><\/div>\n\t\t\t\t<\/div>\n\t\t\t\t\t\t\t<div class=\"elementor-toggle-item\">\n\t\t\t\t\t<h3 id=\"elementor-tab-title-1916\" class=\"elementor-tab-title\" data-tab=\"6\" role=\"button\" aria-controls=\"elementor-tab-content-1916\" aria-expanded=\"false\">\n\t\t\t\t\t\t\t\t\t\t\t\t<span class=\"elementor-toggle-icon elementor-toggle-icon-right\" aria-hidden=\"true\">\n\t\t\t\t\t\t\t\t\t\t\t\t\t\t\t<span class=\"elementor-toggle-icon-closed\"><i class=\"vamtamtheme- vamtam-theme-plus\"><\/i><\/span>\n\t\t\t\t\t\t\t\t<span class=\"elementor-toggle-icon-opened\"><i class=\"elementor-toggle-icon-opened vamtamtheme- vamtam-theme-minus\"><\/i><\/span>\n\t\t\t\t\t\t\t\t\t\t\t\t\t<\/span>\n\t\t\t\t\t\t\t\t\t\t\t\t<a class=\"elementor-toggle-title\" tabindex=\"0\">Wie maximieren Sie die Reaktionsf\u00e4higkeit?<\/a>\n\t\t\t\t\t<\/h3>\n\n\t\t\t\t\t<div id=\"elementor-tab-content-1916\" class=\"elementor-tab-content elementor-clearfix\" data-tab=\"6\" role=\"region\" aria-labelledby=\"elementor-tab-title-1916\"><p>HiTech Media ist von Natur aus responsiv. Wir arbeiten mit Unternehmen zusammen, die einen standardbasierten Ansatz f\u00fcr die Architektur und das Lebenszyklusmanagement ihrer IT-Systeme sch\u00e4tzen.<\/p><p>Durch diese Ausrichtung k\u00f6nnen Kunden von gesch\u00e4ftsoptimierender Technologie profitieren, die keine st\u00e4ndigen, reaktiven Notfalleingriffe erfordert \u2013 so bleibt ihnen mehr Zeit, sich auf das Wachstum ihres Unternehmens zu konzentrieren.<\/p><p>Wir bieten Benutzern direkten Zugriff auf den Support, wodurch Engp\u00e4sse vermieden werden und wir Daten und Erkenntnisse sammeln k\u00f6nnen, um Schulungsl\u00fccken zu identifizieren und Systemverbesserungen zu empfehlen.<\/p><p>In unserem Service Level Agreement werden Kundenangelegenheiten und Reaktionszeiten nach P1, P2, P3 und P4 priorisiert. Ein erheblicher Server- oder Cloud-Anwendungsausfall ist ein P1.<\/p><p>Die Unterst\u00fctzung beim Zur\u00fccksetzen eines Passworts ist ein P4. Gute Neuigkeiten: Wir k\u00f6nnen Ihnen eine Self-Service-Passwortl\u00f6sung einrichten, sodass Sie kein Ticket \u00f6ffnen m\u00fcssen.<\/p><p>Das Ergebnis \u00e4hnelt dem Zinseszins-Konzept. Wenn Sie im Laufe der Zeit in den Prozess investieren, verbessern sich sowohl die Servicequalit\u00e4t als auch die Reaktionsf\u00e4higkeit. Wer nicht investiert (oder zu sp\u00e4t beginnt), kann den R\u00fcckstand nicht mehr aufholen.<\/p><\/div>\n\t\t\t\t<\/div>\n\t\t\t\t\t\t\t<div class=\"elementor-toggle-item\">\n\t\t\t\t\t<h3 id=\"elementor-tab-title-1917\" class=\"elementor-tab-title\" data-tab=\"7\" role=\"button\" aria-controls=\"elementor-tab-content-1917\" aria-expanded=\"false\">\n\t\t\t\t\t\t\t\t\t\t\t\t<span class=\"elementor-toggle-icon elementor-toggle-icon-right\" aria-hidden=\"true\">\n\t\t\t\t\t\t\t\t\t\t\t\t\t\t\t<span class=\"elementor-toggle-icon-closed\"><i class=\"vamtamtheme- vamtam-theme-plus\"><\/i><\/span>\n\t\t\t\t\t\t\t\t<span class=\"elementor-toggle-icon-opened\"><i class=\"elementor-toggle-icon-opened vamtamtheme- vamtam-theme-minus\"><\/i><\/span>\n\t\t\t\t\t\t\t\t\t\t\t\t\t<\/span>\n\t\t\t\t\t\t\t\t\t\t\t\t<a class=\"elementor-toggle-title\" tabindex=\"0\">Worauf liegt Ihr Branchenschwerpunkt?<\/a>\n\t\t\t\t\t<\/h3>\n\n\t\t\t\t\t<div id=\"elementor-tab-content-1917\" class=\"elementor-tab-content elementor-clearfix\" data-tab=\"7\" role=\"region\" aria-labelledby=\"elementor-tab-title-1917\"><p>Operativ ausgereifte Organisationen in den folgenden Branchen:<\/p><ul><li>E-Commerce<\/li><li>Immobilie<\/li><li>Rechtliches<\/li><li>Finanzen<\/li><li>Versicherung<\/li><li>Tourismus<\/li><li>Beratung<\/li><li>Herstellung<\/li><li>Gesundheitspflege<\/li><li>Gemeinn\u00fctzig<\/li><\/ul><\/div>\n\t\t\t\t<\/div>\n\t\t\t\t\t\t\t\t<\/div>\n\t\t\t\t\t\t<\/div>\n\t\t\t\t<\/div>\n\t\t\t\t\t<\/div>\n\t\t<\/div>\n\t\t\t\t\t<\/div>\n\t\t<\/section>\n\t\t\t\t<\/div>","protected":false},"excerpt":{"rendered":"<p>H\u00e4ufig gestellte Fragen: Was sind Ihre beiden Hauptdienstleistungen? Komplett betreute Webentwicklung \u2013 HiTech Media konzipiert, entwickelt, hostet und betreut Ihre Website von Anfang bis Ende gegen eine feste und planbare monatliche Geb\u00fchr und sorgt daf\u00fcr, dass sie schnell, sicher und stets auf dem neuesten Stand bleibt. Komplett betreute Entwicklung mobiler Apps \u2013 HiTech Media erstellt, aktualisiert und betreut Ihre mobilen Anwendungen\u2026<\/p>","protected":false},"author":1,"featured_media":0,"parent":0,"menu_order":0,"comment_status":"closed","ping_status":"closed","template":"","meta":{"footnotes":""},"class_list":["post-1314","page","type-page","status-publish","hentry"],"yoast_head":"<!-- This site is optimized with the Yoast SEO Premium plugin v26.7 (Yoast SEO v27.4) - https:\/\/yoast.com\/product\/yoast-seo-premium-wordpress\/ -->\n<title>FAQ - HiTech Solutions<\/title>\n<meta name=\"robots\" content=\"index, follow, max-snippet:-1, max-image-preview:large, max-video-preview:-1\" \/>\n<link rel=\"canonical\" href=\"https:\/\/hitech.al\/de\/faq\/\" \/>\n<meta property=\"og:locale\" content=\"de_DE\" \/>\n<meta property=\"og:type\" content=\"article\" \/>\n<meta property=\"og:title\" content=\"FAQ\" \/>\n<meta property=\"og:description\" content=\"Frequently Asked Questions What are your two primary services? Fully Managed Web Development &#8211; HiTech Media designs, develops, hosts, and maintains your website end-to-end for a fixed and predictable monthly fee\u2014ensuring it stays fast, secure, and always up to date. Fully Managed Mobile App Development &#8211; HiTech Media builds, updates, and maintains your mobile applications...\" \/>\n<meta property=\"og:url\" content=\"https:\/\/hitech.al\/de\/faq\/\" \/>\n<meta property=\"og:site_name\" content=\"HiTech Solutions\" \/>\n<meta property=\"article:modified_time\" content=\"2025-08-12T14:26:17+00:00\" \/>\n<meta name=\"twitter:card\" content=\"summary_large_image\" \/>\n<meta name=\"twitter:label1\" content=\"Gesch\u00e4tzte Lesezeit\" \/>\n\t<meta name=\"twitter:data1\" content=\"4\u00a0Minuten\" \/>\n<script type=\"application\/ld+json\" class=\"yoast-schema-graph\">{\"@context\":\"https:\\\/\\\/schema.org\",\"@graph\":[{\"@type\":\"WebPage\",\"@id\":\"https:\\\/\\\/hitech.al\\\/it\\\/faq\\\/\",\"url\":\"https:\\\/\\\/hitech.al\\\/it\\\/faq\\\/\",\"name\":\"FAQ - HiTech Solutions\",\"isPartOf\":{\"@id\":\"https:\\\/\\\/hitech.al\\\/#website\"},\"datePublished\":\"2023-03-14T14:21:56+00:00\",\"dateModified\":\"2025-08-12T14:26:17+00:00\",\"breadcrumb\":{\"@id\":\"https:\\\/\\\/hitech.al\\\/it\\\/faq\\\/#breadcrumb\"},\"inLanguage\":\"de\",\"potentialAction\":[{\"@type\":\"ReadAction\",\"target\":[\"https:\\\/\\\/hitech.al\\\/it\\\/faq\\\/\"]}]},{\"@type\":\"BreadcrumbList\",\"@id\":\"https:\\\/\\\/hitech.al\\\/it\\\/faq\\\/#breadcrumb\",\"itemListElement\":[{\"@type\":\"ListItem\",\"position\":1,\"name\":\"Home\",\"item\":\"https:\\\/\\\/hitech.al\\\/\"},{\"@type\":\"ListItem\",\"position\":2,\"name\":\"FAQ\"}]},{\"@type\":\"WebSite\",\"@id\":\"https:\\\/\\\/hitech.al\\\/#website\",\"url\":\"https:\\\/\\\/hitech.al\\\/\",\"name\":\"HiTech Media\",\"description\":\"Your Digital Partner\",\"publisher\":{\"@id\":\"https:\\\/\\\/hitech.al\\\/#organization\"},\"potentialAction\":[{\"@type\":\"SearchAction\",\"target\":{\"@type\":\"EntryPoint\",\"urlTemplate\":\"https:\\\/\\\/hitech.al\\\/?s={search_term_string}\"},\"query-input\":{\"@type\":\"PropertyValueSpecification\",\"valueRequired\":true,\"valueName\":\"search_term_string\"}}],\"inLanguage\":\"de\"},{\"@type\":\"Organization\",\"@id\":\"https:\\\/\\\/hitech.al\\\/#organization\",\"name\":\"HiTech Media\",\"url\":\"https:\\\/\\\/hitech.al\\\/\",\"logo\":{\"@type\":\"ImageObject\",\"inLanguage\":\"de\",\"@id\":\"https:\\\/\\\/hitech.al\\\/#\\\/schema\\\/logo\\\/image\\\/\",\"url\":\"https:\\\/\\\/hitech.al\\\/wp-content\\\/uploads\\\/2023\\\/03\\\/HITech.png\",\"contentUrl\":\"https:\\\/\\\/hitech.al\\\/wp-content\\\/uploads\\\/2023\\\/03\\\/HITech.png\",\"width\":169,\"height\":40,\"caption\":\"HiTech Media\"},\"image\":{\"@id\":\"https:\\\/\\\/hitech.al\\\/#\\\/schema\\\/logo\\\/image\\\/\"}}]}<\/script>\n<!-- \/ Yoast SEO Premium plugin. -->","yoast_head_json":{"title":"FAQ - HiTech-L\u00f6sungen","robots":{"index":"index","follow":"follow","max-snippet":"max-snippet:-1","max-image-preview":"max-image-preview:large","max-video-preview":"max-video-preview:-1"},"canonical":"https:\/\/hitech.al\/de\/faq\/","og_locale":"de_DE","og_type":"article","og_title":"FAQ","og_description":"Frequently Asked Questions What are your two primary services? Fully Managed Web Development &#8211; HiTech Media designs, develops, hosts, and maintains your website end-to-end for a fixed and predictable monthly fee\u2014ensuring it stays fast, secure, and always up to date. Fully Managed Mobile App Development &#8211; HiTech Media builds, updates, and maintains your mobile applications...","og_url":"https:\/\/hitech.al\/de\/faq\/","og_site_name":"HiTech Solutions","article_modified_time":"2025-08-12T14:26:17+00:00","twitter_card":"summary_large_image","twitter_misc":{"Gesch\u00e4tzte Lesezeit":"4\u00a0Minuten"},"schema":{"@context":"https:\/\/schema.org","@graph":[{"@type":"WebPage","@id":"https:\/\/hitech.al\/it\/faq\/","url":"https:\/\/hitech.al\/it\/faq\/","name":"FAQ - HiTech-L\u00f6sungen","isPartOf":{"@id":"https:\/\/hitech.al\/#website"},"datePublished":"2023-03-14T14:21:56+00:00","dateModified":"2025-08-12T14:26:17+00:00","breadcrumb":{"@id":"https:\/\/hitech.al\/it\/faq\/#breadcrumb"},"inLanguage":"de","potentialAction":[{"@type":"ReadAction","target":["https:\/\/hitech.al\/it\/faq\/"]}]},{"@type":"BreadcrumbList","@id":"https:\/\/hitech.al\/it\/faq\/#breadcrumb","itemListElement":[{"@type":"ListItem","position":1,"name":"Home","item":"https:\/\/hitech.al\/"},{"@type":"ListItem","position":2,"name":"FAQ"}]},{"@type":"WebSite","@id":"https:\/\/hitech.al\/#website","url":"https:\/\/hitech.al\/","name":"HiTech-Medien","description":"Ihr digitaler Partner","publisher":{"@id":"https:\/\/hitech.al\/#organization"},"potentialAction":[{"@type":"SearchAction","target":{"@type":"EntryPoint","urlTemplate":"https:\/\/hitech.al\/?s={search_term_string}"},"query-input":{"@type":"PropertyValueSpecification","valueRequired":true,"valueName":"search_term_string"}}],"inLanguage":"de"},{"@type":"Organization","@id":"https:\/\/hitech.al\/#organization","name":"HiTech-Medien","url":"https:\/\/hitech.al\/","logo":{"@type":"ImageObject","inLanguage":"de","@id":"https:\/\/hitech.al\/#\/schema\/logo\/image\/","url":"https:\/\/hitech.al\/wp-content\/uploads\/2023\/03\/HITech.png","contentUrl":"https:\/\/hitech.al\/wp-content\/uploads\/2023\/03\/HITech.png","width":169,"height":40,"caption":"HiTech Media"},"image":{"@id":"https:\/\/hitech.al\/#\/schema\/logo\/image\/"}}]}},"jetpack_sharing_enabled":true,"_links":{"self":[{"href":"https:\/\/hitech.al\/de\/wp-json\/wp\/v2\/pages\/1314","targetHints":{"allow":["GET"]}}],"collection":[{"href":"https:\/\/hitech.al\/de\/wp-json\/wp\/v2\/pages"}],"about":[{"href":"https:\/\/hitech.al\/de\/wp-json\/wp\/v2\/types\/page"}],"author":[{"embeddable":true,"href":"https:\/\/hitech.al\/de\/wp-json\/wp\/v2\/users\/1"}],"replies":[{"embeddable":true,"href":"https:\/\/hitech.al\/de\/wp-json\/wp\/v2\/comments?post=1314"}],"version-history":[{"count":0,"href":"https:\/\/hitech.al\/de\/wp-json\/wp\/v2\/pages\/1314\/revisions"}],"wp:attachment":[{"href":"https:\/\/hitech.al\/de\/wp-json\/wp\/v2\/media?parent=1314"}],"curies":[{"name":"wp","href":"https:\/\/api.w.org\/{rel}","templated":true}]}}